{"id":774859,"date":"2025-09-09T12:16:15","date_gmt":"2025-09-09T09:16:15","guid":{"rendered":"https:\/\/roveyayinevi.com.tr\/index.php\/urun\/cocukluktan-genclige-sanatsal-gelisme\/"},"modified":"2026-01-29T02:49:00","modified_gmt":"2026-01-28T23:49:00","slug":"cocukluktan-genclige-sanatsal-gelisme","status":"publish","type":"product","link":"https:\/\/roveyayinevi.com.tr\/index.php\/urun\/cocukluktan-genclige-sanatsal-gelisme\/","title":{"rendered":"\u00c7ocukluktan Gen\u00e7li\u011fe Sanatsal Geli\u015fme"},"content":{"rendered":"<p>\u00c7ocuk i\u00e7in resim yapmak bir gereksinimdir \u00c7ocuk i\u00e7in resim yapmak d\u00fcnyay\u0131 tan\u0131makt\u0131r    \u00c7ocuk i\u00e7in resim yapmak anlamaya \u00e7al\u0131\u015ft\u0131\u011f\u0131 d\u00fcnyay\u0131 anlatmakt\u0131r    \u00c7ocuk i\u00e7in resim yapmak g\u00fczellikleryaratmakt\u0131r       \u00c7ocuk i\u00e7in resim yapmak sanat denen ser\u00fcveni ya\u015famaya ilk ad\u0131m\u0131 atmakt\u0131r <\/p>\n","protected":false},"excerpt":{"rendered":"<p>\u00c7ocuk i\u00e7in resim yapmak bir gereksinimdir \u00c7ocuk i\u00e7in resim yapmak d\u00fcnyay\u0131 tan\u0131makt\u0131r \u00c7ocuk i\u00e7in resim yapmak anlamaya \u00e7al\u0131\u015ft\u0131\u011f\u0131 d\u00fcnyay\u0131 anlatmakt\u0131r \u00c7ocuk i\u00e7in resim yapmak g\u00fczellikleryaratmakt\u0131r \u00c7ocuk<span class=\"excerpt-hellip\"> [\u2026]<\/span><\/p>\n","protected":false},"featured_media":0,"template":"","meta":{"_monsterinsights_skip_tracking":false,"_monsterinsights_sitenote_active":false,"_monsterinsights_sitenote_note":"","_monsterinsights_sitenote_category":0},"product_brand":[],"product_cat":[12408],"product_tag":[],"class_list":{"0":"post-774859","1":"product","2":"type-product","3":"status-publish","5":"product_cat-sanat","6":"pa_cilt-ciltsiz","7":"pa_tur-kitap","8":"pa_yayinevi-utopya-yayinevi","9":"pa_yazar-olcay-tekin-kirisoglu","11":"first","12":"instock","13":"sale","14":"shipping-taxable","15":"purchasable","16":"product-type-simple"},"_links":{"self":[{"href":"https:\/\/roveyayinevi.com.tr\/index.php\/wp-json\/wp\/v2\/product\/774859","targetHints":{"allow":["GET"]}}],"collection":[{"href":"https:\/\/roveyayinevi.com.tr\/index.php\/wp-json\/wp\/v2\/product"}],"about":[{"href":"https:\/\/roveyayinevi.com.tr\/index.php\/wp-json\/wp\/v2\/types\/product"}],"wp:attachment":[{"href":"https:\/\/roveyayinevi.com.tr\/index.php\/wp-json\/wp\/v2\/media?parent=774859"}],"wp:term":[{"taxonomy":"product_brand","embeddable":true,"href":"https:\/\/roveyayinevi.com.tr\/index.php\/wp-json\/wp\/v2\/product_brand?post=774859"},{"taxonomy":"product_cat","embeddable":true,"href":"https:\/\/roveyayinevi.com.tr\/index.php\/wp-json\/wp\/v2\/product_cat?post=774859"},{"taxonomy":"product_tag","embeddable":true,"href":"https:\/\/roveyayinevi.com.tr\/index.php\/wp-json\/wp\/v2\/product_tag?post=774859"}],"curies":[{"name":"wp","href":"https:\/\/api.w.org\/{rel}","templated":true}]}}