{"id":774857,"date":"2025-09-09T12:14:55","date_gmt":"2025-09-09T09:14:55","guid":{"rendered":"https:\/\/roveyayinevi.com.tr\/index.php\/urun\/101-anekdotta-felsefe-tarihinde-yolculuk\/"},"modified":"2026-04-16T02:26:47","modified_gmt":"2026-04-15T23:26:47","slug":"101-anekdotta-felsefe-tarihinde-yolculuk","status":"publish","type":"product","link":"https:\/\/roveyayinevi.com.tr\/index.php\/urun\/101-anekdotta-felsefe-tarihinde-yolculuk\/","title":{"rendered":"101 Anekdotta Felsefe Tarihinde Yolculuk"},"content":{"rendered":"<p>Nicholas Rescher bu e\u011flenceli kitapta antik \u00e7a\u011flardan g\u00fcn\u00fcm\u00fcze uzanan kapsaml\u0131 bir felsefi anekdotlar se\u00e7kisi sunuyor. Kitaptaki anekdotlar filozoflar\u0131n felsefi meseleleri ele al\u0131\u015flar\u0131na y\u00f6n veren ilgin\u00e7 \u00f6yk\u00fclerden bahsederek bizi felsefe tarihinin \u00f6nde gelen d\u00fc\u015f\u00fcn\u00fcrleri, metinleri ve tarihi d\u00f6nemleriyle tan\u0131\u015ft\u0131r\u0131yor. Hakikat, bilgi, de\u011fer, eylem ve etik sorunlar\u0131 etraf\u0131nda \u015fekillenen y\u00fcz bir k\u0131sa b\u00f6l\u00fcmden olu\u015fan kitap, mant\u0131ktan epistemolojiye, etikten metafizi\u011fe, geni\u015f bir yelpazedeki temalara \u00e7ok renkli, e\u011flenceli ve \u00f6\u011fretici bilgilerle yakla\u015f\u0131yor. Rescher\u2019in \u00e7al\u0131\u015fmas\u0131, Herakleitos\u2019un nehrinden \u00d6mer Hayyam\u2019\u0131n parma\u011f\u0131na, Spinoza\u2019n\u0131n solucan\u0131ndan Kant\u2019\u0131n \u201ckendinde \u015fey\u201dine ya da Ar\u015fimet\u2019in kald\u0131rac\u0131ndan Wittgenstein\u2019\u0131n s\u00fcng\u00fcs\u00fcne var\u0131ncaya dek pek \u00e7ok ilgin\u00e7 anekdotla felsefeye giri\u015f yapmay\u0131 m\u00fcmk\u00fcn k\u0131l\u0131yor. 101 Anekdotta Felsefe Tarihinde Yolculuk, tarih boyunca filozoflar\u0131n kendi alanlar\u0131ndaki sorunlar\u0131 g\u00f6rme bi\u00e7imlerini ve anekdotlar\u0131n felsefi d\u00fc\u015f\u00fcnceyi te\u015fvik etmek i\u00e7in nas\u0131l kullan\u0131labilece\u011fini g\u00f6steren, harika bir felsefe tarihi okumas\u0131&#8230; <\/p>\n","protected":false},"excerpt":{"rendered":"<p>Nicholas Rescher bu e\u011flenceli kitapta antik \u00e7a\u011flardan g\u00fcn\u00fcm\u00fcze uzanan kapsaml\u0131 bir felsefi anekdotlar se\u00e7kisi sunuyor. Kitaptaki anekdotlar filozoflar\u0131n felsefi meseleleri ele al\u0131\u015flar\u0131na y\u00f6n veren ilgin\u00e7 \u00f6yk\u00fclerden<span class=\"excerpt-hellip\"> [\u2026]<\/span><\/p>\n","protected":false},"featured_media":0,"template":"","meta":{"_monsterinsights_skip_tracking":false,"_monsterinsights_sitenote_active":false,"_monsterinsights_sitenote_note":"","_monsterinsights_sitenote_category":0},"product_brand":[],"product_cat":[12389,12388],"product_tag":[],"class_list":{"0":"post-774857","1":"product","2":"type-product","3":"status-publish","5":"product_cat-diger-felsefe","6":"product_cat-felsefe","7":"pa_cilt-ciltsiz","8":"pa_tur-kitap","9":"pa_yayinevi-vakifbank-kultur-yayinlari","10":"pa_yazar-nicholas-rescher","12":"first","13":"instock","14":"sale","15":"shipping-taxable","16":"purchasable","17":"product-type-simple"},"_links":{"self":[{"href":"https:\/\/roveyayinevi.com.tr\/index.php\/wp-json\/wp\/v2\/product\/774857","targetHints":{"allow":["GET"]}}],"collection":[{"href":"https:\/\/roveyayinevi.com.tr\/index.php\/wp-json\/wp\/v2\/product"}],"about":[{"href":"https:\/\/roveyayinevi.com.tr\/index.php\/wp-json\/wp\/v2\/types\/product"}],"wp:attachment":[{"href":"https:\/\/roveyayinevi.com.tr\/index.php\/wp-json\/wp\/v2\/media?parent=774857"}],"wp:term":[{"taxonomy":"product_brand","embeddable":true,"href":"https:\/\/roveyayinevi.com.tr\/index.php\/wp-json\/wp\/v2\/product_brand?post=774857"},{"taxonomy":"product_cat","embeddable":true,"href":"https:\/\/roveyayinevi.com.tr\/index.php\/wp-json\/wp\/v2\/product_cat?post=774857"},{"taxonomy":"product_tag","embeddable":true,"href":"https:\/\/roveyayinevi.com.tr\/index.php\/wp-json\/wp\/v2\/product_tag?post=774857"}],"curies":[{"name":"wp","href":"https:\/\/api.w.org\/{rel}","templated":true}]}}