{"id":774856,"date":"2025-09-09T12:14:32","date_gmt":"2025-09-09T09:14:32","guid":{"rendered":"https:\/\/roveyayinevi.com.tr\/index.php\/urun\/arka-kapi-dergi-7-sayi\/"},"modified":"2026-04-16T02:26:46","modified_gmt":"2026-04-15T23:26:46","slug":"arka-kapi-dergi-7-sayi","status":"publish","type":"product","link":"https:\/\/roveyayinevi.com.tr\/index.php\/urun\/arka-kapi-dergi-7-sayi\/","title":{"rendered":"Arka Kap\u0131 Dergi 7.Say\u0131"},"content":{"rendered":"<p>Siber g\u00fcvenlik g\u00fcn\u00fcm\u00fcz\u00fcn ba\u015fat konular\u0131ndan biri. Geli\u015fmeler ba\u015f d\u00f6nd\u00fcr\u00fcc\u00fc bir h\u0131zda ilerliyor. T\u00fcm etkinlikleri takip edecek vaktim yok, ke\u015fke biri bizim ad\u0131m\u0131za takip etse de bir \u00f6zet sunsa m\u0131 diyorsunuz? Tayfun \u00d6zkara 7. say\u0131dan itibaren Siber Saha k\u00f6\u015fesiyle etkinlikleri sizler i\u00e7in izliyor, olay yerinden bildiriyor. Hacker, gazeteci ve dijital haklar aktivisti Julian Assange 7 y\u0131ld\u0131r s\u0131\u011f\u0131nmac\u0131 stat\u00fcs\u00fc ile kald\u0131\u011f\u0131 Ekvador B\u00fcy\u00fckel\u00e7ili\u011fi&#8217;nden zorla \u00e7\u0131kar\u0131ld\u0131. Herkes onu Wikileaks ile tan\u0131sa da, gazeteci kimli\u011finin arkas\u0131nda Assange, hem bir dijital bilge, hem de yetenekli bir hacker. Assange&#8217;\u0131 Cansu Topuk\u00e7u&#8217;nun kaleminden okumak ister misiniz? Parolalar imparatorlu\u011fun anahtar\u0131. En \u00f6nemli verilerimizi, dijital varl\u0131\u011f\u0131m\u0131z\u0131 parolalar ile koruyoruz. \u0130lk say\u0131dan bu yana parolalar konusunda birtak\u0131m tedbirler \u00f6neriyoruz. En \u00f6nemli ikaz\u0131m\u0131z farkl\u0131 platformlarda farkl\u0131 parolalar kullanmak ve iki a\u015famal\u0131 do\u011frulamay\u0131 etkinle\u015ftirmek. Her platformda farkl\u0131 parola kullanmak m\u0131? Peki bu parolalar\u0131 nas\u0131l ak\u0131lda tutacaks\u0131n\u0131z? Tabii ki parola y\u00f6neticisi kullanarak! Huriye \u00d6zdemir parola y\u00f6neticilerinin art\u0131 ve eksilerini sizler i\u00e7in inceledi. Bug\u00fcn neredeyse t\u00fcm servisler u\u00e7tan uca \u015fifreleme kullan\u0131yor. Dolay\u0131s\u0131yla sunucular\u0131nda bu verileri saklasalar bile okuyam\u0131yor, talep halinde resm\u00ee kurumlar ile anlaml\u0131 bir \u015fekilde payla\u015fam\u0131yorlar. Oysa ayn\u0131 servisler bilgiyi tan\u0131mlayan bilgi dedi\u011fimiz, kiminle ne zaman g\u00f6r\u00fc\u015ft\u00fc\u011f\u00fcn\u00fcz bilgisini, yani ileti\u015fimin metadata\u2019s\u0131n\u0131 saklamakta beis g\u00f6rm\u00fcyorlar! \u015eahin Solmaz metadata kavram\u0131n\u0131, \u00f6zellikle de g\u00f6r\u00fcnt\u00fclerdeki metadata\u2019y\u0131 sizler i\u00e7in mercek alt\u0131na al\u0131yor. \u015eubat 2018&#8217;de d\u00f6nemin ba\u015fbakan\u0131 Binali Y\u0131ld\u0131r\u0131m taraf\u0131ndan kamuoyuna duyurulan PTT Messenger y\u00fczde y\u00fcz yerli ve milli olarak lanse edilen bir mesajla\u015fma program\u0131. Hem duyuruldu\u011fu g\u00fcnlerde hem de sonras\u0131nda pek \u00e7ok tart\u0131\u015fmaya konu olan PTT Messenger&#8217;\u0131n maliyeti konusunda ise sorular h\u00e2l\u00e2 cevaps\u0131z. Murat \u015ei\u015fman dakikalar i\u00e7erisinde benzer bir mesajla\u015fma uygulamas\u0131 nas\u0131l yapabilirsiniz, sorusunu sizler i\u00e7in cevapl\u0131yor. Bug\u00fcn T\u00fcrkiye&#8217;deki neredeyse t\u00fcm \u00fcniversitelerin dahil oldu\u011fu eduroam a\u011f\u0131, \u00f6\u011frencilerinin kendilerine tahsis edilen giri\u015f bilgileri ile t\u00fcm \u00fcniversite a\u011flar\u0131na ba\u011flanabilmelerine imk\u00e2n tan\u0131yor. Peki bu a\u011f ne kadar g\u00fcvenli? Kablosuz a\u011f g\u00fcvenli\u011fi konusundaki \u00e7al\u0131\u015fmalar\u0131 ile y\u00fczlerimizi a\u011fartan Besim Alt\u0131nok, eduroam a\u011f\u0131ndaki b\u00fcy\u00fck tehlikeyi Arka Kap\u0131 Dergi i\u00e7in yazd\u0131. Her \u015feyin dijital bir \u00e7ehresinin oldu\u011fu g\u00fcn\u00fcm\u00fczde sular\u0131n g\u00f6rkemli ta\u015f\u0131tlar\u0131 gemileri bundan istisna tutarak, &#8220;gemiler de hacklenebilir mi?&#8221; diye sormak; tecah\u00fcl-\u00fc arif sanat\u0131 i\u00e7in en g\u00fcncel \u00f6rneklerden biri olsa gerek. E\u015fref Erol, &#8220;O Gemi Bir G\u00fcn Hacklenecek&#8221; yaz\u0131s\u0131 ile gemilerin hacklenmesi konusunu Arka Kap\u0131 Dergi&#8217;de irdeliyor. Mithat G\u00f6\u011febakan web uygulamalar\u0131nda istemci tarafl\u0131 kod analizine dair bir yol haritas\u0131 payla\u015f\u0131yor. Hazineyi bulmak elbette ki okurlar\u0131n dikkatlerinin keskinli\u011fe ba\u011fl\u0131. BTK taraf\u0131ndan d\u00fczenlenen Siber Y\u0131ld\u0131z 2019 yar\u0131\u015fmas\u0131n\u0131 kazanan ekipler nihayet \u00f6d\u00fcllerini ald\u0131lar. Birinci olan tak\u0131m\u0131n 10 cumhuriyet alt\u0131n\u0131 ile \u00f6d\u00fcllendirildi\u011fi yar\u0131\u015fmada neler soruldu? Esra Nur Soylu Siber Y\u0131ld\u0131z 2019 CTF&#8217;i i\u00e7in soru \u00e7\u00f6z\u00fcmlerini i\u00e7eren write-up&#8217;\u0131 Arka Kap\u0131 Dergi i\u00e7in kaleme ald\u0131. Kriptoloji yaz\u0131lar\u0131na ilk say\u0131m\u0131zdan itibaren devam eden Bayram G\u00f6k RSA&#8217;n\u0131n \u00fczerindeki s\u0131r perdesini aral\u0131yor. Herkesin bildi\u011fi s\u0131r RSA&#8217;n\u0131n t\u00fcm ayr\u0131nt\u0131lar\u0131 Bayram G\u00f6k&#8217;\u00fcn \u201cSay\u0131sal S\u0131rda\u015f\u0131m\u0131z RSA\u201d yaz\u0131s\u0131nda. Amat\u00f6r telsizcilik hobisine g\u00f6n\u00fcl veren dostlar\u0131m\u0131z Murat Kayg\u0131s\u0131z amat\u00f6r telsizcilik serisinde bu say\u0131m\u0131zda frekans &#8211; SWR ve anten konular\u0131na odaklan\u0131yor. Ge\u00e7ti\u011fimiz y\u0131l hayata veda eden Stephen Hawking&#8217;i kara delikler konusunda son g\u00fcnlerde do\u011frulanan teorileri ile bir kere daha hayrla yad ettik. Sadece kara delikler de\u011fil; ileti\u015fimini bor\u00e7lu oldu\u011fu bilgisayar ve yapay zeka konular\u0131nda da \u00e7ok k\u0131ymetli g\u00f6r\u00fc\u015fler serdeden Hawking&#8217;in yapay zekaya bak\u0131\u015f\u0131n\u0131 Ilg\u0131n M\u00fcft\u00fco\u011flu&#8217;nun kaleminden okumaya ne dersiniz?   Yaz\u0131l\u0131mc\u0131lar i\u00e7in okuma listesi ile Muhammed Hilmi Koca b\u00fcy\u00fck bir u\u011fra\u015f sonucu derledi\u011fi liste ile kar\u015f\u0131m\u0131zda! Arka Kap\u0131 Dergi 7. say\u0131s\u0131 itibariyle Siber S\u00f6zl\u00fck ekibi taraf\u0131ndan a\u00e7\u0131klanan kavramlara dergi sayfalar\u0131m\u0131zda yer verece\u011fiz. Ka\u00e7\u0131rmay\u0131n! Arka Kap\u0131 Dergi 7. say\u0131s\u0131 yine birbirinden ilgin\u00e7 konularla huzurlar\u0131n\u0131zda. Sanki gizliyormu\u015f\u00e7as\u0131na raflar\u0131n aras\u0131na s\u0131k\u0131\u015ft\u0131r\u0131lan dergimizi kitabevi yetkililerinden \u0131srarla istemeyi unutmay\u0131n\u0131z! <\/p>\n","protected":false},"excerpt":{"rendered":"<p>Siber g\u00fcvenlik g\u00fcn\u00fcm\u00fcz\u00fcn ba\u015fat konular\u0131ndan biri. Geli\u015fmeler ba\u015f d\u00f6nd\u00fcr\u00fcc\u00fc bir h\u0131zda ilerliyor. T\u00fcm etkinlikleri takip edecek vaktim yok, ke\u015fke biri bizim ad\u0131m\u0131za takip etse de bir<span class=\"excerpt-hellip\"> [\u2026]<\/span><\/p>\n","protected":false},"featured_media":0,"template":"","meta":{"_monsterinsights_skip_tracking":false,"_monsterinsights_sitenote_active":false,"_monsterinsights_sitenote_note":"","_monsterinsights_sitenote_category":0},"product_brand":[],"product_cat":[30023,13527],"product_tag":[],"class_list":{"0":"post-774856","1":"product","2":"type-product","3":"status-publish","5":"product_cat-edebiyat-sureli-yayinlar","6":"product_cat-sureli-yayinlar","7":"pa_cilt-ciltsiz","8":"pa_tur-kitap","9":"pa_yayinevi-abakus-kitap","10":"pa_yazar-kolektif","12":"first","13":"instock","14":"sale","15":"shipping-taxable","16":"purchasable","17":"product-type-simple"},"_links":{"self":[{"href":"https:\/\/roveyayinevi.com.tr\/index.php\/wp-json\/wp\/v2\/product\/774856","targetHints":{"allow":["GET"]}}],"collection":[{"href":"https:\/\/roveyayinevi.com.tr\/index.php\/wp-json\/wp\/v2\/product"}],"about":[{"href":"https:\/\/roveyayinevi.com.tr\/index.php\/wp-json\/wp\/v2\/types\/product"}],"wp:attachment":[{"href":"https:\/\/roveyayinevi.com.tr\/index.php\/wp-json\/wp\/v2\/media?parent=774856"}],"wp:term":[{"taxonomy":"product_brand","embeddable":true,"href":"https:\/\/roveyayinevi.com.tr\/index.php\/wp-json\/wp\/v2\/product_brand?post=774856"},{"taxonomy":"product_cat","embeddable":true,"href":"https:\/\/roveyayinevi.com.tr\/index.php\/wp-json\/wp\/v2\/product_cat?post=774856"},{"taxonomy":"product_tag","embeddable":true,"href":"https:\/\/roveyayinevi.com.tr\/index.php\/wp-json\/wp\/v2\/product_tag?post=774856"}],"curies":[{"name":"wp","href":"https:\/\/api.w.org\/{rel}","templated":true}]}}