{"id":774850,"date":"2025-09-09T12:12:11","date_gmt":"2025-09-09T09:12:11","guid":{"rendered":"https:\/\/roveyayinevi.com.tr\/index.php\/urun\/oyun-terapisi\/"},"modified":"2025-09-09T12:12:11","modified_gmt":"2025-09-09T09:12:11","slug":"oyun-terapisi","status":"publish","type":"product","link":"https:\/\/roveyayinevi.com.tr\/index.php\/urun\/oyun-terapisi\/","title":{"rendered":"Oyun Terapisi"},"content":{"rendered":"<p>D\u00fc\u015fman: Yaln\u0131zl\u0131k ve Reddedilme Silah: OYUN TERAP\u0130S\u0130\u2019nin ya\u015fam dolu, \u00f6zg\u00fcrle\u015ftiren oyunlar\u0131 OYUN TERAP\u0130S\u0130, \u00e7ocu\u011fa korku, nefret, yaln\u0131zl\u0131k gibi duygular\u0131n\u0131, ba\u015far\u0131s\u0131zl\u0131k ve yetersizlik hislerini ve di\u011fer sorunlar\u0131n\u0131 \u201coynayarak sergilemesi\u201d i\u00e7in verilen, ya\u015famsal bir f\u0131rsatt\u0131r. Bu kitaptaki vaka \u00f6yk\u00fcleri ger\u00e7ektir. Dr. Axline, t\u00fcm \u00f6rnekleri t\u0131pk\u0131 BENL\u0130\u011e\u0130N\u0130 ARAYAN \u00c7OCUK\u2019taki gibi, oyun terapisine y\u00f6nlendirilen \u00e7ocuklarla yapt\u0131\u011f\u0131 \u00e7al\u0131\u015fmalar\u0131n kay\u0131tlar\u0131ndan derledi. \u00c7ocuklar\u0131n ya\u015flar\u0131 d\u00f6rt ila on iki aras\u0131nda de\u011fi\u015fiyor ve sergiledikleri sorunlar da \u00e7ocuklara \u00f6zg\u00fc uyumsuz davran\u0131\u015flar yelpazesinde \u00e7e\u015fitlilik g\u00f6steriyor; d\u00fc\u015fmanl\u0131k g\u00fcden \u00e7ocuk, i\u00e7e kapan\u0131k \u00e7ocuk, ba\u011f\u0131ml\u0131 \u00e7ocuk, engelli \u00e7ocuk vb. Kitapta, oyun seanslar\u0131yla nas\u0131l terapi uyguland\u0131\u011f\u0131na ili\u015fkin \u00f6rnekler sunuluyor ve oyuncaklar\u0131n oyun odas\u0131nda nas\u0131l ya\u015famsal bir \u00f6nem ta\u015f\u0131d\u0131\u011f\u0131 anlat\u0131l\u0131yor. OYUN TERAP\u0130S\u0130 her ne kadar do\u011frudan do\u011fruya psikologlara, psikiyatristlere ve bu alanda \u00e7al\u0131\u015fan profesyonellere hitap ediyor gibi g\u00f6r\u00fcnse de, ayn\u0131 zamanda ebeveynler, \u00f6\u011fretmenler ve \u00e7ocuklarla temas\u0131 olan herkes i\u00e7in \u00f6nemli ve faydal\u0131 bir \u00e7al\u0131\u015fma olarak dikkat \u00e7ekiyor. \u201cAlan\u0131ndaki en iyisi.\u201d<\/p>\n","protected":false},"excerpt":{"rendered":"<p>D\u00fc\u015fman: Yaln\u0131zl\u0131k ve Reddedilme Silah: OYUN TERAP\u0130S\u0130\u2019nin ya\u015fam dolu, \u00f6zg\u00fcrle\u015ftiren oyunlar\u0131 OYUN TERAP\u0130S\u0130, \u00e7ocu\u011fa korku, nefret, yaln\u0131zl\u0131k gibi duygular\u0131n\u0131, ba\u015far\u0131s\u0131zl\u0131k ve yetersizlik hislerini ve di\u011fer sorunlar\u0131n\u0131<span class=\"excerpt-hellip\"> [\u2026]<\/span><\/p>\n","protected":false},"featured_media":0,"template":"","meta":{"_monsterinsights_skip_tracking":false,"_monsterinsights_sitenote_active":false,"_monsterinsights_sitenote_note":"","_monsterinsights_sitenote_category":0},"product_brand":[],"product_cat":[12364,12376],"product_tag":[],"class_list":{"0":"post-774850","1":"product","2":"type-product","3":"status-publish","5":"product_cat-genel-konular","6":"product_cat-kisisel-gelisim","7":"pa_cilt-ciltsiz","8":"pa_tur-kitap","9":"pa_yayinevi-panama-yayincilik","10":"pa_yazar-virginia-m-axline","12":"first","13":"instock","14":"sale","15":"shipping-taxable","16":"purchasable","17":"product-type-simple"},"_links":{"self":[{"href":"https:\/\/roveyayinevi.com.tr\/index.php\/wp-json\/wp\/v2\/product\/774850","targetHints":{"allow":["GET"]}}],"collection":[{"href":"https:\/\/roveyayinevi.com.tr\/index.php\/wp-json\/wp\/v2\/product"}],"about":[{"href":"https:\/\/roveyayinevi.com.tr\/index.php\/wp-json\/wp\/v2\/types\/product"}],"wp:attachment":[{"href":"https:\/\/roveyayinevi.com.tr\/index.php\/wp-json\/wp\/v2\/media?parent=774850"}],"wp:term":[{"taxonomy":"product_brand","embeddable":true,"href":"https:\/\/roveyayinevi.com.tr\/index.php\/wp-json\/wp\/v2\/product_brand?post=774850"},{"taxonomy":"product_cat","embeddable":true,"href":"https:\/\/roveyayinevi.com.tr\/index.php\/wp-json\/wp\/v2\/product_cat?post=774850"},{"taxonomy":"product_tag","embeddable":true,"href":"https:\/\/roveyayinevi.com.tr\/index.php\/wp-json\/wp\/v2\/product_tag?post=774850"}],"curies":[{"name":"wp","href":"https:\/\/api.w.org\/{rel}","templated":true}]}}