{"id":774849,"date":"2025-09-09T12:11:33","date_gmt":"2025-09-09T09:11:33","guid":{"rendered":"https:\/\/roveyayinevi.com.tr\/index.php\/urun\/sobece-sosyal-beceri-cocuk-egitimi-seti-6-kitap-takim\/"},"modified":"2026-04-16T02:26:21","modified_gmt":"2026-04-15T23:26:21","slug":"sobece-sosyal-beceri-cocuk-egitimi-seti-6-kitap-takim","status":"publish","type":"product","link":"https:\/\/roveyayinevi.com.tr\/index.php\/urun\/sobece-sosyal-beceri-cocuk-egitimi-seti-6-kitap-takim\/","title":{"rendered":"Sobece-Sosyal Beceri \u00c7ocuk E\u011fitimi Seti-6 Kitap Tak\u0131m"},"content":{"rendered":"<p>1. \u0130L\u0130\u015eK\u0130 BA\u015eLATMA VE S\u00dcRD\u00dcRME BECER\u0130LER\u01302. ATILGANLIK BECER\u0130LER\u01303. DUYGULARA Y\u00c7NEL\u0130K BECER\u0130LER4. SALDIRGAN DAVRANI\u015e VE D\u00dcRT\u00dcLERLE BA\u015eA \u00c7IKMA BECER\u0130LER\u01305. SORUN \u00c7\u00d6ZME VE PLAN YAPMA BECER\u0130LER\u01306. GRUPLAMA ETK\u0130LE\u015e\u0130M VE \u0130\u015e Y\u00dcR\u00dcTME BECER\u0130LER\u0130<\/p>\n","protected":false},"excerpt":{"rendered":"<p>1. \u0130L\u0130\u015eK\u0130 BA\u015eLATMA VE S\u00dcRD\u00dcRME BECER\u0130LER\u01302. ATILGANLIK BECER\u0130LER\u01303. DUYGULARA Y\u00c7NEL\u0130K BECER\u0130LER4. SALDIRGAN DAVRANI\u015e VE D\u00dcRT\u00dcLERLE BA\u015eA \u00c7IKMA BECER\u0130LER\u01305. SORUN \u00c7\u00d6ZME VE PLAN YAPMA BECER\u0130LER\u01306. GRUPLAMA ETK\u0130LE\u015e\u0130M<span class=\"excerpt-hellip\"> [\u2026]<\/span><\/p>\n","protected":false},"featured_media":0,"template":"","meta":{"_monsterinsights_skip_tracking":false,"_monsterinsights_sitenote_active":false,"_monsterinsights_sitenote_note":"","_monsterinsights_sitenote_category":0},"product_brand":[],"product_cat":[12274,15842],"product_tag":[],"class_list":{"0":"post-774849","1":"product","2":"type-product","3":"status-publish","5":"product_cat-cocuk-ve-genclik-kitaplari","6":"product_cat-egitici-kitaplar","7":"pa_cilt-set","8":"pa_tur-kitap","9":"pa_yayinevi-say-yayinlari","10":"pa_yazar-aygun-tuce-atas-ilknur-efecinar","12":"first","13":"instock","14":"sale","15":"shipping-taxable","16":"purchasable","17":"product-type-simple"},"_links":{"self":[{"href":"https:\/\/roveyayinevi.com.tr\/index.php\/wp-json\/wp\/v2\/product\/774849","targetHints":{"allow":["GET"]}}],"collection":[{"href":"https:\/\/roveyayinevi.com.tr\/index.php\/wp-json\/wp\/v2\/product"}],"about":[{"href":"https:\/\/roveyayinevi.com.tr\/index.php\/wp-json\/wp\/v2\/types\/product"}],"wp:attachment":[{"href":"https:\/\/roveyayinevi.com.tr\/index.php\/wp-json\/wp\/v2\/media?parent=774849"}],"wp:term":[{"taxonomy":"product_brand","embeddable":true,"href":"https:\/\/roveyayinevi.com.tr\/index.php\/wp-json\/wp\/v2\/product_brand?post=774849"},{"taxonomy":"product_cat","embeddable":true,"href":"https:\/\/roveyayinevi.com.tr\/index.php\/wp-json\/wp\/v2\/product_cat?post=774849"},{"taxonomy":"product_tag","embeddable":true,"href":"https:\/\/roveyayinevi.com.tr\/index.php\/wp-json\/wp\/v2\/product_tag?post=774849"}],"curies":[{"name":"wp","href":"https:\/\/api.w.org\/{rel}","templated":true}]}}