{"id":774843,"date":"2025-09-09T12:04:06","date_gmt":"2025-09-09T09:04:06","guid":{"rendered":"https:\/\/roveyayinevi.com.tr\/index.php\/urun\/kurt-kapani-2\/"},"modified":"2026-04-16T02:25:09","modified_gmt":"2026-04-15T23:25:09","slug":"kurt-kapani-2","status":"publish","type":"product","link":"https:\/\/roveyayinevi.com.tr\/index.php\/urun\/kurt-kapani-2\/","title":{"rendered":"K\u00fcrt Kapan\u0131"},"content":{"rendered":"<p>\u201cGenelkurmay Ba\u015fkan\u0131 Karaday\u0131 bir g\u00fcn geldi, \u2018Biz \u00f6yle demiyoruz ama\u2019 dedi, \u2018bu gerilla hadisesidir.\u2019\u201d Cumhurba\u015fkan\u0131 S\u00fcleyman Demirel, T\u00fcrkiye\u2019nin son 40 y\u0131l\u0131na damgas\u0131n\u0131 vuran P KK ve ter\u00f6rle m\u00fccadeleyi b\u00f6yle tan\u0131ml\u0131yordu. Demirel, 1998\u2019de Suriye\u2019yi sava\u015fla tehdit ederek, P KK lideri Ab*dullah \u00d6*calan\u2019\u0131n \u015eam\u2019dan \u00e7\u0131kar\u0131lmas\u0131n\u0131 ve 137 g\u00fcn s\u00fcren bir takiple yakalanmas\u0131n\u0131 sa\u011flayan s\u00fcreci y\u00f6neten cumhurba\u015fkan\u0131yd\u0131.\u00d6*calan 15 \u015eubat 1999\u2019da, CIA\u2019in kurdu\u011fu d\u00fczenle Kenya\u2019daki Yunanistan B\u00fcy\u00fckel\u00e7ili\u011fi\u2019nden \u00e7\u0131kart\u0131l\u0131p M\u0130T ekibine teslim edildi. T\u00fcrkiye zaten \u00d6*calan&#8217;\u0131n yakalanmas\u0131 i\u00e7in b\u00fct\u00fcn d\u00fcnyay\u0131 aya\u011fa kald\u0131rm\u0131\u015ft\u0131. \u00d6*calan yakaland\u0131ktan sonra T\u00fcrkiye\u2019ye getirilip \u0130mral\u0131 Cezaevi\u2019ne konuldu. \u00d6*calan 20 y\u0131ld\u0131r, 20 metrekarede cezas\u0131n\u0131 \u00e7ekiyor. Ancak T\u00fcrkiye onun yakalan\u0131\u015f\u0131yla ortaya \u00e7\u0131kan f\u0131rsatlar\u0131 de\u011ferlendiremedi. P KK h\u00e2l\u00e2 ter\u00f6r eylemleriyle can al\u0131yor, \u00fcstelik yirmi y\u0131l sonra Suriye\u2019de ABD\u2019nin piyadeleri rol\u00fcn\u00fc \u00fcstlenmi\u015f durumda\u2026 Bir yandan da federasyon pazarl\u0131klar\u0131 yap\u0131l\u0131yor\u2026Bu kitap K\u00fcrt sorunu \u00fczerine bir kitap de\u011fil. Bu kitap bir P KK kitab\u0131 da de\u011fil. K\u00fcrt sorunu P KK kurulmadan \u00f6nce de vard\u0131 ve belki de P KK, K\u00fcrt sorununun ter\u00f6re bula\u015fm\u0131\u015f istenmeyen \u00e7ocu\u011fuydu.Bu kitapta, aradan ge\u00e7en yirmi y\u0131l boyunca ortaya \u00e7\u0131kan yeni bilgiler, belgeler ve tan\u0131kl\u0131klar \u0131\u015f\u0131\u011f\u0131nda \u00d6*calan\u2019\u0131n yakalanmas\u0131yla sonu\u00e7lanan s\u00fcre\u00e7 ve sonras\u0131n\u0131n siyasi r\u00f6ntgeni \u00e7ekiliyor, uluslararas\u0131 \u00e7at\u0131\u015fmalar,perde arkas\u0131 pazarl\u0131klar ortaya d\u00f6k\u00fcl\u00fcyor. <\/p>\n","protected":false},"excerpt":{"rendered":"<p>\u201cGenelkurmay Ba\u015fkan\u0131 Karaday\u0131 bir g\u00fcn geldi, \u2018Biz \u00f6yle demiyoruz ama\u2019 dedi, \u2018bu gerilla hadisesidir.\u2019\u201d Cumhurba\u015fkan\u0131 S\u00fcleyman Demirel, T\u00fcrkiye\u2019nin son 40 y\u0131l\u0131na damgas\u0131n\u0131 vuran P KK ve<span class=\"excerpt-hellip\"> [\u2026]<\/span><\/p>\n","protected":false},"featured_media":0,"template":"","meta":{"_monsterinsights_skip_tracking":false,"_monsterinsights_sitenote_active":false,"_monsterinsights_sitenote_note":"","_monsterinsights_sitenote_category":0},"product_brand":[],"product_cat":[12370,12304],"product_tag":[],"class_list":{"0":"post-774843","1":"product","2":"type-product","3":"status-publish","5":"product_cat-arastirma-inceleme","6":"product_cat-tarih","7":"pa_cilt-ciltsiz","8":"pa_tur-kitap","9":"pa_yayinevi-dogan-kitap","10":"pa_yazar-murat-yetkin","12":"first","13":"instock","14":"sale","15":"shipping-taxable","16":"purchasable","17":"product-type-simple"},"_links":{"self":[{"href":"https:\/\/roveyayinevi.com.tr\/index.php\/wp-json\/wp\/v2\/product\/774843","targetHints":{"allow":["GET"]}}],"collection":[{"href":"https:\/\/roveyayinevi.com.tr\/index.php\/wp-json\/wp\/v2\/product"}],"about":[{"href":"https:\/\/roveyayinevi.com.tr\/index.php\/wp-json\/wp\/v2\/types\/product"}],"wp:attachment":[{"href":"https:\/\/roveyayinevi.com.tr\/index.php\/wp-json\/wp\/v2\/media?parent=774843"}],"wp:term":[{"taxonomy":"product_brand","embeddable":true,"href":"https:\/\/roveyayinevi.com.tr\/index.php\/wp-json\/wp\/v2\/product_brand?post=774843"},{"taxonomy":"product_cat","embeddable":true,"href":"https:\/\/roveyayinevi.com.tr\/index.php\/wp-json\/wp\/v2\/product_cat?post=774843"},{"taxonomy":"product_tag","embeddable":true,"href":"https:\/\/roveyayinevi.com.tr\/index.php\/wp-json\/wp\/v2\/product_tag?post=774843"}],"curies":[{"name":"wp","href":"https:\/\/api.w.org\/{rel}","templated":true}]}}