{"id":774838,"date":"2025-09-09T12:02:19","date_gmt":"2025-09-09T09:02:19","guid":{"rendered":"https:\/\/roveyayinevi.com.tr\/index.php\/urun\/psikoloji-nasil-calisir\/"},"modified":"2025-09-09T12:02:19","modified_gmt":"2025-09-09T09:02:19","slug":"psikoloji-nasil-calisir","status":"publish","type":"product","link":"https:\/\/roveyayinevi.com.tr\/index.php\/urun\/psikoloji-nasil-calisir\/","title":{"rendered":"Psikoloji Nas\u0131l \u00c7al\u0131\u015f\u0131r"},"content":{"rendered":"<p>En basit, g\u00f6rseli en bol psikoloji rehberi   Daha verimli \u00e7al\u0131\u015fmas\u0131 i\u00e7in beynimizi nas\u0131l yeniden yap\u0131land\u0131rabiliriz? M\u00fczakere y\u00fcr\u00fct\u00fcrken hangi teknikler gerilimi d\u00fc\u015f\u00fcrebilir? Reklamc\u0131lar\u0131n bizi bir \u015fey almaya ikna etmek i\u00e7in yapt\u0131\u011f\u0131 psikolojik numaralar nelerdir?   Psikolojinin i\u015fyerinden spor sahas\u0131na kadar ger\u00e7ek hayat durumlar\u0131nda nas\u0131l kullan\u0131labilece\u011fini g\u00f6r\u00fcn. \u0130nsan zihninin \u00e7al\u0131\u015fmas\u0131n\u0131 izleyin, neyin yanl\u0131\u015f gitmi\u015f olabilece\u011fini bulun ve g\u00fcn\u00fcm\u00fczde kullan\u0131lan bir\u00e7ok terapi ve tedaviyi \u00f6\u011frenin. A\u00e7\u0131k, anla\u015f\u0131lmas\u0131 kolay grafiklerin ilgin\u00e7 olgularla harmanland\u0131\u011f\u0131 Psikoloji Nas\u0131l \u00c7al\u0131\u015f\u0131r ger\u00e7ek d\u00fcnyada nas\u0131l d\u00fc\u015f\u00fcnd\u00fc\u011f\u00fcm\u00fcze, hissetti\u011fimize ve davrand\u0131\u011f\u0131m\u0131za ili\u015fkin bilmeniz gereken her \u015feyi a\u00e7\u0131kl\u0131yor. <\/p>\n","protected":false},"excerpt":{"rendered":"<p>En basit, g\u00f6rseli en bol psikoloji rehberi Daha verimli \u00e7al\u0131\u015fmas\u0131 i\u00e7in beynimizi nas\u0131l yeniden yap\u0131land\u0131rabiliriz? M\u00fczakere y\u00fcr\u00fct\u00fcrken hangi teknikler gerilimi d\u00fc\u015f\u00fcrebilir? Reklamc\u0131lar\u0131n bizi bir \u015fey almaya<span class=\"excerpt-hellip\"> [\u2026]<\/span><\/p>\n","protected":false},"featured_media":0,"template":"","meta":{"_monsterinsights_skip_tracking":false,"_monsterinsights_sitenote_active":false,"_monsterinsights_sitenote_note":"","_monsterinsights_sitenote_category":0},"product_brand":[],"product_cat":[12358,12357],"product_tag":[],"class_list":{"0":"post-774838","1":"product","2":"type-product","3":"status-publish","5":"product_cat-genel-psikoloji","6":"product_cat-psikoloji","7":"pa_cilt-ciltli","8":"pa_tur-kitap","9":"pa_yayinevi-alfa-yayinlari","10":"pa_yazar-kolektif","12":"first","13":"instock","14":"sale","15":"shipping-taxable","16":"purchasable","17":"product-type-simple"},"_links":{"self":[{"href":"https:\/\/roveyayinevi.com.tr\/index.php\/wp-json\/wp\/v2\/product\/774838","targetHints":{"allow":["GET"]}}],"collection":[{"href":"https:\/\/roveyayinevi.com.tr\/index.php\/wp-json\/wp\/v2\/product"}],"about":[{"href":"https:\/\/roveyayinevi.com.tr\/index.php\/wp-json\/wp\/v2\/types\/product"}],"wp:attachment":[{"href":"https:\/\/roveyayinevi.com.tr\/index.php\/wp-json\/wp\/v2\/media?parent=774838"}],"wp:term":[{"taxonomy":"product_brand","embeddable":true,"href":"https:\/\/roveyayinevi.com.tr\/index.php\/wp-json\/wp\/v2\/product_brand?post=774838"},{"taxonomy":"product_cat","embeddable":true,"href":"https:\/\/roveyayinevi.com.tr\/index.php\/wp-json\/wp\/v2\/product_cat?post=774838"},{"taxonomy":"product_tag","embeddable":true,"href":"https:\/\/roveyayinevi.com.tr\/index.php\/wp-json\/wp\/v2\/product_tag?post=774838"}],"curies":[{"name":"wp","href":"https:\/\/api.w.org\/{rel}","templated":true}]}}