{"id":774836,"date":"2025-09-09T11:58:43","date_gmt":"2025-09-09T08:58:43","guid":{"rendered":"https:\/\/roveyayinevi.com.tr\/index.php\/urun\/gonderen-mustafa-kemal\/"},"modified":"2026-04-16T02:24:37","modified_gmt":"2026-04-15T23:24:37","slug":"gonderen-mustafa-kemal","status":"publish","type":"product","link":"https:\/\/roveyayinevi.com.tr\/index.php\/urun\/gonderen-mustafa-kemal\/","title":{"rendered":"G\u00f6nderen Mustafa Kemal"},"content":{"rendered":"<p>\u00c7ocuk,         Yazd\u0131\u011f\u0131m sat\u0131rlar titrek olacak. Belki o y\u00fczden okumakta zorlanacaks\u0131n. Ama istesem de bundan daha d\u00fczg\u00fcn yazamam. \u00c7\u00fcnk\u00fc i\u00e7inde oldu\u011fum vapur, azg\u0131n dalgalar ile bo\u011fu\u015fuyor. Karadeniz\u2019in azg\u0131n dalgalar\u0131yla. Sana bu sat\u0131rlar\u0131 yazarken iskemlemde oturmakta bile zorlan\u0131yorum.  \u0130ki g\u00fcn \u00f6nce \u00e7\u0131kt\u0131k yola. \u0130stanbul Bo\u011faz\u0131\u2019ndan \u00e7\u0131kt\u0131\u011f\u0131m\u0131zdan beri de deniz hi\u00e7 durulmad\u0131, sakinle\u015fmedi. Giri\u015fece\u011fimiz sava\u015ftan art\u0131k geri d\u00f6n\u00fc\u015f\u00fcm\u00fcz\u00fcn olmad\u0131\u011f\u0131n\u0131 sanki Karadeniz bile biliyor. Biliyor da, ne kadar zorlu bir yola \u00e7\u0131kt\u0131\u011f\u0131m\u0131z\u0131 anlatmaya \u00e7al\u0131\u015f\u0131yor. Biz bunu zaten \u00e7oktan biliyorduk ve kabul ettik. \u00c7\u00fcnk\u00fc biz \u00f6zg\u00fcrl\u00fc\u011f\u00fcm\u00fcz\u00fc ve elimizde kalan son bir avu\u00e7 vatan topra\u011f\u0131n\u0131 kurtarmaya gidiyoruz.   Mustafa Kemal Pa\u015fa   <\/p>\n","protected":false},"excerpt":{"rendered":"<p>\u00c7ocuk, Yazd\u0131\u011f\u0131m sat\u0131rlar titrek olacak. Belki o y\u00fczden okumakta zorlanacaks\u0131n. Ama istesem de bundan daha d\u00fczg\u00fcn yazamam. \u00c7\u00fcnk\u00fc i\u00e7inde oldu\u011fum vapur, azg\u0131n dalgalar ile bo\u011fu\u015fuyor. Karadeniz\u2019in<span class=\"excerpt-hellip\"> [\u2026]<\/span><\/p>\n","protected":false},"featured_media":0,"template":"","meta":{"_monsterinsights_skip_tracking":false,"_monsterinsights_sitenote_active":false,"_monsterinsights_sitenote_note":"","_monsterinsights_sitenote_category":0},"product_brand":[],"product_cat":[12274,12631],"product_tag":[],"class_list":{"0":"post-774836","1":"product","2":"type-product","3":"status-publish","5":"product_cat-cocuk-ve-genclik-kitaplari","6":"product_cat-diger-cocuk-ve-genclik-kitaplari","7":"pa_cilt-ciltsiz","8":"pa_tur-kitap","9":"pa_yayinevi-fom-kitap","10":"pa_yazar-elvan-pektas-deniz","12":"first","13":"instock","14":"sale","15":"shipping-taxable","16":"purchasable","17":"product-type-simple"},"_links":{"self":[{"href":"https:\/\/roveyayinevi.com.tr\/index.php\/wp-json\/wp\/v2\/product\/774836","targetHints":{"allow":["GET"]}}],"collection":[{"href":"https:\/\/roveyayinevi.com.tr\/index.php\/wp-json\/wp\/v2\/product"}],"about":[{"href":"https:\/\/roveyayinevi.com.tr\/index.php\/wp-json\/wp\/v2\/types\/product"}],"wp:attachment":[{"href":"https:\/\/roveyayinevi.com.tr\/index.php\/wp-json\/wp\/v2\/media?parent=774836"}],"wp:term":[{"taxonomy":"product_brand","embeddable":true,"href":"https:\/\/roveyayinevi.com.tr\/index.php\/wp-json\/wp\/v2\/product_brand?post=774836"},{"taxonomy":"product_cat","embeddable":true,"href":"https:\/\/roveyayinevi.com.tr\/index.php\/wp-json\/wp\/v2\/product_cat?post=774836"},{"taxonomy":"product_tag","embeddable":true,"href":"https:\/\/roveyayinevi.com.tr\/index.php\/wp-json\/wp\/v2\/product_tag?post=774836"}],"curies":[{"name":"wp","href":"https:\/\/api.w.org\/{rel}","templated":true}]}}