{"id":774833,"date":"2025-09-09T11:57:28","date_gmt":"2025-09-09T08:57:28","guid":{"rendered":"https:\/\/roveyayinevi.com.tr\/index.php\/urun\/demir-altin-kizil-isyan-4-ciltli\/"},"modified":"2025-09-09T11:57:28","modified_gmt":"2025-09-09T08:57:28","slug":"demir-altin-kizil-isyan-4-ciltli","status":"publish","type":"product","link":"https:\/\/roveyayinevi.com.tr\/index.php\/urun\/demir-altin-kizil-isyan-4-ciltli\/","title":{"rendered":"Demir Alt\u0131n &#8211; K\u0131z\u0131l \u0130syan 4 (Ciltli)"},"content":{"rendered":"<p>\u201c\u0130stedi\u011fin kadar g\u00f6zlerini de\u011fi\u015ftir. Yaram\u0131z\u0131 al. Saltanat\u0131m\u0131z\u0131 par\u00e7ala. Bu, \u00f6z\u00fcnde kim oldu\u011funu de\u011fi\u015ftirmeyecek Darrow: Bir k\u00f6le.\u201d Art\u0131k bir baba De\u011fildim. Bir Koca de\u011fildim. \u00d6fke ve nefretten ibarettim.Ben Lykos\u2019lu Cehennemdalg\u0131c\u0131, sava\u015f lordu, k\u00f6le kral\u0131, kurtar\u0131c\u0131 ve mars\u2019\u0131n azrail&#8217;i, sava\u015f\u0131n onuncu, hayat\u0131m\u0131n otuz \u00fc\u00e7\u00fcnc\u00fc y\u0131l\u0131nda alt\u0131nlar\u0131n son b\u00fcy\u00fck sava\u015f lordunun can\u0131n\u0131 alaca\u011f\u0131m! \u201c#1 The New York Times \u00e7oksatan yazar\u0131 Pierce Brown \u00e7arp\u0131c\u0131 uzay operas\u0131n\u0131n yeni kitab\u0131yla K\u0131z\u0131l \u0130syan serisinin \u00e7\u0131tas\u0131n\u0131 ve ivmesini y\u00fckseltiyor.\u201dEntertainment Weekly Yeni kahramanlar ve olaylar\u0131n ald\u0131\u011f\u0131 farkl\u0131 y\u00f6nle K\u0131z\u0131l \u0130syan\u2019\u0131n d\u00f6rd\u00fcnc\u00fc kitab\u0131 yeni bir \u00fc\u00e7lemenin ilk kitab\u0131.\u201dSchool Library Journal Onur ve ihanet. Engel tan\u0131mayan bir devrim. On y\u0131l \u00f6nce Darrow, Toplum\u2019un zincirlerini k\u0131rabilece\u011fine inand\u0131\u011f\u0131 devrimin kahraman\u0131 olmu\u015ftur. Fakat \u0130syan her \u015feyi par\u00e7alam\u0131\u015f, bar\u0131\u015f ve \u00f6zg\u00fcrl\u00fck yerine bitmek bilmeyen bir sava\u015f getirmi\u015ftir. \u015eimdi Darrow, u\u011fruna sava\u015ft\u0131\u011f\u0131 her \u015feyi riske atarak son bir umutsuz g\u00f6reve \u00e7\u0131kmal\u0131d\u0131r. Herkesi kurtarabilece\u011fine h\u00e2l\u00e2 inansa da kendini kurtarmas\u0131 m\u00fcmk\u00fcn m\u00fcd\u00fcr? Kaderi ba\u015fka gezegenlerdeki insanlar\u0131n kaderleriyle kesi\u015fen Darrow ve etraf\u0131ndakilerin hayat\u0131 geri d\u00f6n\u00fclmez bir \u015fekilde de\u011fi\u015fecektir\u2026 K\u00fc\u00e7\u00fck bir K\u0131z\u0131l k\u0131z, m\u00fclteci kamp\u0131nda ya\u015fanan trajediden ka\u00e7arak hayalini dahi kuramayaca\u011f\u0131 bir hayata at\u0131l\u0131r. Kederden mahvolmu\u015f eski bir asker, hayat\u0131 pahas\u0131na, galaksideki en de\u011ferli \u015feyi \u00e7almaya zorlanacakt\u0131r. Darrow\u2019un de\u011fi\u015ftirdi\u011fi d\u00fcnyan\u0131n kayb\u0131n\u0131 sindiremeyen ve k\u00fcllerinden do\u011fmaya dair hayaller kuran s\u00fcrg\u00fcndeki v\u00e2ris Lysander au Lune, ak\u0131l hocas\u0131 Cassius\u2019la y\u0131ld\u0131zlar\u0131n aras\u0131nda hayalleri i\u00e7in do\u011fru zaman\u0131 beklemektedir. Bir evrenin sona eri\u015finin \u00f6yk\u00fcs\u00fc K\u0131z\u0131l \u0130syan\u2019dan sonra Demir Alt\u0131n\u2019la yeni bir evrenin trajedi ve zaferlerle dolu destan\u0131 ba\u015fl\u0131yor. \u201cMacera, gizem ve insanl\u0131\u011fa dair trajik \u00f6yk\u00fcleri sevenler i\u00e7in birebir.\u201d Publishers Weekly \u201cSoluksuz okunan, detayl\u0131 ve muazzam bir \u00f6yk\u00fc.\u201d Kirkus Reviews <\/p>\n","protected":false},"excerpt":{"rendered":"<p>\u201c\u0130stedi\u011fin kadar g\u00f6zlerini de\u011fi\u015ftir. Yaram\u0131z\u0131 al. Saltanat\u0131m\u0131z\u0131 par\u00e7ala. Bu, \u00f6z\u00fcnde kim oldu\u011funu de\u011fi\u015ftirmeyecek Darrow: Bir k\u00f6le.\u201d Art\u0131k bir baba De\u011fildim. Bir Koca de\u011fildim. \u00d6fke ve nefretten<span class=\"excerpt-hellip\"> [\u2026]<\/span><\/p>\n","protected":false},"featured_media":0,"template":"","meta":{"_monsterinsights_skip_tracking":false,"_monsterinsights_sitenote_active":false,"_monsterinsights_sitenote_note":"","_monsterinsights_sitenote_category":0},"product_brand":[],"product_cat":[12291,12711],"product_tag":[],"class_list":{"0":"post-774833","1":"product","2":"type-product","3":"status-publish","5":"product_cat-edebiyat","6":"product_cat-roman-oyku","7":"pa_cilt-ciltli","8":"pa_tur-kitap","9":"pa_yayinevi-pegasus-yayinlari","10":"pa_yazar-pierce-brown","12":"first","13":"instock","14":"sale","15":"shipping-taxable","16":"purchasable","17":"product-type-simple"},"_links":{"self":[{"href":"https:\/\/roveyayinevi.com.tr\/index.php\/wp-json\/wp\/v2\/product\/774833","targetHints":{"allow":["GET"]}}],"collection":[{"href":"https:\/\/roveyayinevi.com.tr\/index.php\/wp-json\/wp\/v2\/product"}],"about":[{"href":"https:\/\/roveyayinevi.com.tr\/index.php\/wp-json\/wp\/v2\/types\/product"}],"wp:attachment":[{"href":"https:\/\/roveyayinevi.com.tr\/index.php\/wp-json\/wp\/v2\/media?parent=774833"}],"wp:term":[{"taxonomy":"product_brand","embeddable":true,"href":"https:\/\/roveyayinevi.com.tr\/index.php\/wp-json\/wp\/v2\/product_brand?post=774833"},{"taxonomy":"product_cat","embeddable":true,"href":"https:\/\/roveyayinevi.com.tr\/index.php\/wp-json\/wp\/v2\/product_cat?post=774833"},{"taxonomy":"product_tag","embeddable":true,"href":"https:\/\/roveyayinevi.com.tr\/index.php\/wp-json\/wp\/v2\/product_tag?post=774833"}],"curies":[{"name":"wp","href":"https:\/\/api.w.org\/{rel}","templated":true}]}}