{"id":774829,"date":"2025-09-09T11:53:33","date_gmt":"2025-09-09T08:53:33","guid":{"rendered":"https:\/\/roveyayinevi.com.tr\/index.php\/urun\/kadinlar-ve-cadilar\/"},"modified":"2026-04-16T02:23:52","modified_gmt":"2026-04-15T23:23:52","slug":"kadinlar-ve-cadilar","status":"publish","type":"product","link":"https:\/\/roveyayinevi.com.tr\/index.php\/urun\/kadinlar-ve-cadilar\/","title":{"rendered":"Kad\u0131nlar ve Cad\u0131lar"},"content":{"rendered":"<p>Cad\u0131 Av\u0131 \u00c7a\u011f\u0131, 1350 ile 1780y\u0131llar\u0131 aras\u0131ndaki d\u00f6nemi kapsamaktad\u0131r.Bu d\u00f6nemde etkin olan zamanla de\u011fi\u015fime u\u011fram\u0131\u015ft\u0131r.\u00c7ok say\u0131da kad\u0131n, cad\u0131 oldu\u011fu \u015f\u00fcphesi ile yakalanm\u0131\u015f ve onlara \u00e7e\u015fitli i\u015fkenceler uygulanm\u0131\u015ft\u0131r.Hatta bu \u015f\u00fcpheliler yaaland\u0131klar\u0131nda uygulanan k\u0131s\u0131k ate\u015f, eri\u015fmi\u015f kur\u015fun , kaynar ya\u011f zift balmumum ve s\u00fclf\u00fcr kar\u0131\u015f\u0131m\u0131 i\u015fkencesi bile Hristiyanlara g\u00f6re onlar\u0131n i\u015fledi\u011fi su\u00e7u tam olarak kar\u015f\u0131lam\u0131yordu. Hatta Barbar adl\u0131 bir kad\u0131n\u0131n yarg\u0131land\u0131\u011f\u0131 mahkemedeki sorgusunda yakla\u015f\u0131k 14-15 y\u0131ld\u0131r \u00fcye oldu\u011fu cad\u0131lar tarikat\u0131nda \u015feytanla i\u015fbirli\u011fi yapt\u0131\u011f\u0131 ve annesinden miras kalan s\u00fcp\u00fcrgesi \u00fczerinde gen\u00e7 ya\u015fta yak\u0131larak \u00f6ld\u00fcr\u00fclm\u00fc\u015f olmas\u0131 cad\u0131lara duyulan nefretin b\u00fcy\u00fckl\u00fc\u011f\u00fcn\u00fc g\u00f6stermektedir.Ayr\u0131ca Toulouse kentinde oldu\u011fu gini sadecebir g\u00fcnde 400 kad\u0131n\u0131n yak\u0131larak \u00f6ld\u00fcr\u00fcld\u00fc\u011f\u00fc d\u00f6nmemler dahi olmu\u015ftur.Papa II. Pius&#8217;us , &#8220;Kad\u0131n g\u00f6rd\u00fc\u011f\u00fcde dur ve d\u00fc\u015f\u00fcn ; O , bir \u015feytan olabilir&#8221; demesi de o d\u00f6nemde kad\u0131na olan bak\u0131\u015f a\u00e7\u0131s\u0131na bir \u00f6rnektir. peki neden kad\u0131n? Acaba var olu\u015flar\u0131 da bir hata m\u0131yd\u0131 bilinmez; ama bu d\u00f6nemlerde \u00e7ok ac\u0131 \u00e7ektikleri kesin. Evet yak\u0131ld\u0131lar &#8230; Sebebei her \u015fey olabilir. Peki k\u00fcllerinden do\u011fdular m\u0131 sizce?\u0130\u015fte Orta \u00c7a\u011f- Kad\u0131n ve Ate\u015f \u00fc\u00e7geni&#8230;<\/p>\n","protected":false},"excerpt":{"rendered":"<p>Cad\u0131 Av\u0131 \u00c7a\u011f\u0131, 1350 ile 1780y\u0131llar\u0131 aras\u0131ndaki d\u00f6nemi kapsamaktad\u0131r.Bu d\u00f6nemde etkin olan zamanla de\u011fi\u015fime u\u011fram\u0131\u015ft\u0131r.\u00c7ok say\u0131da kad\u0131n, cad\u0131 oldu\u011fu \u015f\u00fcphesi ile yakalanm\u0131\u015f ve onlara \u00e7e\u015fitli i\u015fkenceler<span class=\"excerpt-hellip\"> [\u2026]<\/span><\/p>\n","protected":false},"featured_media":0,"template":"","meta":{"_monsterinsights_skip_tracking":false,"_monsterinsights_sitenote_active":false,"_monsterinsights_sitenote_note":"","_monsterinsights_sitenote_category":0},"product_brand":[],"product_cat":[12370,12304],"product_tag":[],"class_list":{"0":"post-774829","1":"product","2":"type-product","3":"status-publish","5":"product_cat-arastirma-inceleme","6":"product_cat-tarih","7":"pa_cilt-ciltsiz","8":"pa_tur-kitap","9":"pa_yayinevi-yeditepe-yayinevi","10":"pa_yazar-pinar-ulgen","12":"first","13":"instock","14":"sale","15":"shipping-taxable","16":"purchasable","17":"product-type-simple"},"_links":{"self":[{"href":"https:\/\/roveyayinevi.com.tr\/index.php\/wp-json\/wp\/v2\/product\/774829","targetHints":{"allow":["GET"]}}],"collection":[{"href":"https:\/\/roveyayinevi.com.tr\/index.php\/wp-json\/wp\/v2\/product"}],"about":[{"href":"https:\/\/roveyayinevi.com.tr\/index.php\/wp-json\/wp\/v2\/types\/product"}],"wp:attachment":[{"href":"https:\/\/roveyayinevi.com.tr\/index.php\/wp-json\/wp\/v2\/media?parent=774829"}],"wp:term":[{"taxonomy":"product_brand","embeddable":true,"href":"https:\/\/roveyayinevi.com.tr\/index.php\/wp-json\/wp\/v2\/product_brand?post=774829"},{"taxonomy":"product_cat","embeddable":true,"href":"https:\/\/roveyayinevi.com.tr\/index.php\/wp-json\/wp\/v2\/product_cat?post=774829"},{"taxonomy":"product_tag","embeddable":true,"href":"https:\/\/roveyayinevi.com.tr\/index.php\/wp-json\/wp\/v2\/product_tag?post=774829"}],"curies":[{"name":"wp","href":"https:\/\/api.w.org\/{rel}","templated":true}]}}