{"id":774828,"date":"2025-09-09T11:52:41","date_gmt":"2025-09-09T08:52:41","guid":{"rendered":"https:\/\/roveyayinevi.com.tr\/index.php\/urun\/benligini-arayan-cocuk\/"},"modified":"2025-09-09T11:52:41","modified_gmt":"2025-09-09T08:52:41","slug":"benligini-arayan-cocuk","status":"publish","type":"product","link":"https:\/\/roveyayinevi.com.tr\/index.php\/urun\/benligini-arayan-cocuk\/","title":{"rendered":"Benli\u011fini Arayan \u00c7ocuk"},"content":{"rendered":"<p>Benli\u011fini Arayan \u00c7ocuk yaz\u0131ld\u0131\u011f\u0131 tarihten bu yana g\u00fcncelli\u011fini ve etkisini yitirmeyen, benzerleri aras\u0131ndan orijinalli\u011fi ve i\u00e7tenli\u011fiyle s\u0131yr\u0131lan \u00f6nemli bir mesleki ve edebi \u00e7al\u0131\u015fma. Zek\u00e2 gerili\u011fi oldu\u011fu d\u00fc\u015f\u00fcn\u00fclen, i\u00e7ine kapan\u0131k ve ileti\u015fim kuramayan Dibs\u2019in, oyun terapisiyle yeteneklerini ad\u0131m ad\u0131m nas\u0131l ke\u015ffetti\u011fini, benli\u011fini ararken ortaya \u00e7\u0131kan samimi duygular\u0131yla nas\u0131l ba\u015f etti\u011fini, s\u00fcrece bizzat dahil oldu\u011funuzu hissederek okuyacaks\u0131n\u0131z. Bir anne baba ger\u00e7ekten istemedikleri halde d\u00fcnyaya bir \u00e7ocuk getirirler mi? Peki, o \u00e7ocuk ana rahmine d\u00fc\u015ft\u00fc\u011f\u00fc anda bunu hissedebilir mi? B\u00f6yle bir aile ortam\u0131nda bir \u00e7ocu\u011fun s\u0131\u011f\u0131nabilece\u011fi, kendi i\u00e7 d\u00fcnyas\u0131ndan daha g\u00fcvenli bir yer var m\u0131d\u0131r? Ger\u00e7ek terapi kay\u0131tlar\u0131ndan derlenerek yaz\u0131lm\u0131\u015f olan bu kitap, \u00e7ocuklar\u0131 tan\u0131mak, anlamak ve onlara nas\u0131l yakla\u015fmak gerekti\u011fi konusunda hayat\u0131n\u0131zda yeni ve \u00e7ok insani bir pencere a\u00e7acak. Anne babalar, \u00f6\u011fretmenler, \u00f6\u011frenciler ve \u00e7ocuklar\u0131n e\u015fsiz i\u00e7 d\u00fcnyalar\u0131n\u0131 merak eden herkes i\u00e7in bir ba\u015fucu kitab\u0131 olaca\u011f\u0131n\u0131 d\u00fc\u015f\u00fcnd\u00fc\u011f\u00fcm\u00fcz Benli\u011fini Arayan \u00c7ocuk, bir \u00e7ocuk psikolojisi uzman\u0131 eliyle yenilenen T\u00fcrk\u00e7e \u00e7evirisiyle sizlerle\u2026 \u201cBence t\u00fcm \u00e7ocuklar\u0131n t\u0131rmanmak i\u00e7in kendi tepeleri olmal\u0131. Ve bence t\u00fcm \u00e7ocuklar\u0131n g\u00f6ky\u00fcz\u00fcnde sadece kendilerine ait bir y\u0131ld\u0131zlar\u0131 olmal\u0131. Ve bence t\u00fcm \u00e7ocuklar\u0131n kendilerine ait bir a\u011fa\u00e7lar\u0131 da olmal\u0131. Bence b\u00f6yle olmal\u0131\u2026\u201d <\/p>\n","protected":false},"excerpt":{"rendered":"<p>Benli\u011fini Arayan \u00c7ocuk yaz\u0131ld\u0131\u011f\u0131 tarihten bu yana g\u00fcncelli\u011fini ve etkisini yitirmeyen, benzerleri aras\u0131ndan orijinalli\u011fi ve i\u00e7tenli\u011fiyle s\u0131yr\u0131lan \u00f6nemli bir mesleki ve edebi \u00e7al\u0131\u015fma. Zek\u00e2 gerili\u011fi oldu\u011fu<span class=\"excerpt-hellip\"> [\u2026]<\/span><\/p>\n","protected":false},"featured_media":0,"template":"","meta":{"_monsterinsights_skip_tracking":false,"_monsterinsights_sitenote_active":false,"_monsterinsights_sitenote_note":"","_monsterinsights_sitenote_category":0},"product_brand":[],"product_cat":[12291,12745],"product_tag":[],"class_list":{"0":"post-774828","1":"product","2":"type-product","3":"status-publish","5":"product_cat-edebiyat","6":"product_cat-tarihi-roman","7":"pa_cilt-ciltsiz","8":"pa_tur-kitap","9":"pa_yayinevi-panama-yayincilik","10":"pa_yazar-virginia-m-axline","12":"first","13":"instock","14":"sale","15":"shipping-taxable","16":"purchasable","17":"product-type-simple"},"_links":{"self":[{"href":"https:\/\/roveyayinevi.com.tr\/index.php\/wp-json\/wp\/v2\/product\/774828","targetHints":{"allow":["GET"]}}],"collection":[{"href":"https:\/\/roveyayinevi.com.tr\/index.php\/wp-json\/wp\/v2\/product"}],"about":[{"href":"https:\/\/roveyayinevi.com.tr\/index.php\/wp-json\/wp\/v2\/types\/product"}],"wp:attachment":[{"href":"https:\/\/roveyayinevi.com.tr\/index.php\/wp-json\/wp\/v2\/media?parent=774828"}],"wp:term":[{"taxonomy":"product_brand","embeddable":true,"href":"https:\/\/roveyayinevi.com.tr\/index.php\/wp-json\/wp\/v2\/product_brand?post=774828"},{"taxonomy":"product_cat","embeddable":true,"href":"https:\/\/roveyayinevi.com.tr\/index.php\/wp-json\/wp\/v2\/product_cat?post=774828"},{"taxonomy":"product_tag","embeddable":true,"href":"https:\/\/roveyayinevi.com.tr\/index.php\/wp-json\/wp\/v2\/product_tag?post=774828"}],"curies":[{"name":"wp","href":"https:\/\/api.w.org\/{rel}","templated":true}]}}