{"id":774826,"date":"2025-09-09T11:51:32","date_gmt":"2025-09-09T08:51:32","guid":{"rendered":"https:\/\/roveyayinevi.com.tr\/index.php\/urun\/hediye-vermek-ve-almak-uzerine\/"},"modified":"2026-04-16T02:23:41","modified_gmt":"2026-04-15T23:23:41","slug":"hediye-vermek-ve-almak-uzerine","status":"publish","type":"product","link":"https:\/\/roveyayinevi.com.tr\/index.php\/urun\/hediye-vermek-ve-almak-uzerine\/","title":{"rendered":"Hediye Vermek Ve Almak \u00dczerine"},"content":{"rendered":"<p>Bayramlarda, y\u0131lba\u015flar\u0131nda, do\u011fum g\u00fcnlerinde, y\u0131l d\u00f6n\u00fcmlerinde sevdiklerine hediye almak \u00e2dettendir. Ama birine hediye vermek i\u00e7in bu vesileleri beklemek gerekmez illa. Bazen sevdi\u011fine de\u011fer verdi\u011fini g\u00f6stermenin, bazen birinden af dilemenin, bazen de arzu edilen bir \u015feye ya da konuma ula\u015fman\u0131n yoludur hediye.Hediye vermek g\u00fczel ama zahmetlidir. Hayat\u0131 g\u00fczelle\u015ftiren ve zenginle\u015firen bu sanat bilgi, beceri ve incelik gerektirir. Do\u011fru hediye nas\u0131l se\u00e7ilir? Maddi ve manevi hediyelerden hangisi daha makbuld\u00fcr? Hediye almak, ki\u015fiye do\u011frudan kar\u015f\u0131l\u0131k verme y\u00fck\u00fcml\u00fcl\u00fc\u011f\u00fc getirir mi? Hediye be\u011fenilmezse ne olur? Birine sevgi, dostluk, zaman ve dikkat hediye etmek ne anlama gelir? Hediye vermek mi, yoksa hediye almak m\u0131 insan\u0131 daha mutlu eder? C\u00f6mertli\u011fin hediye vermekle ili\u015fkisi nedir? En iyi hediye, en pahal\u0131 olan m\u0131d\u0131r? A\u015fk ili\u015fkilerinde hediyenin yeri ve rol\u00fc nedir? Arkada\u015fl\u0131k kendi ba\u015f\u0131na bir hediye midir? \u0130nsan kendisine hediye vermeli midir?Wilhelm Schmid, Hediye Vermek ve Hediye Almak \u00dczerine\u2019de hediyelerin g\u00fcndelik hayat\u0131m\u0131zda ne kadar \u00f6nemli bir yeri oldu\u011funu g\u00f6steriyor. Yazar hediye se\u00e7iminde \u00f6zenli ve \u00f6l\u00e7\u00fcl\u00fc olman\u0131n \u00f6nemini vurgularken, farkl\u0131 durumlarda uygun hediyeyi bulmak i\u00e7in de\u011ferli t\u00fcyolar veriyor.<\/p>\n","protected":false},"excerpt":{"rendered":"<p>Bayramlarda, y\u0131lba\u015flar\u0131nda, do\u011fum g\u00fcnlerinde, y\u0131l d\u00f6n\u00fcmlerinde sevdiklerine hediye almak \u00e2dettendir. Ama birine hediye vermek i\u00e7in bu vesileleri beklemek gerekmez illa. Bazen sevdi\u011fine de\u011fer verdi\u011fini g\u00f6stermenin, bazen<span class=\"excerpt-hellip\"> [\u2026]<\/span><\/p>\n","protected":false},"featured_media":0,"template":"","meta":{"_monsterinsights_skip_tracking":false,"_monsterinsights_sitenote_active":false,"_monsterinsights_sitenote_note":"","_monsterinsights_sitenote_category":0},"product_brand":[],"product_cat":[12358,12357],"product_tag":[],"class_list":{"0":"post-774826","1":"product","2":"type-product","3":"status-publish","5":"product_cat-genel-psikoloji","6":"product_cat-psikoloji","7":"pa_cilt-ciltsiz","8":"pa_tur-kitap","9":"pa_yayinevi-iletisim-yayinlari","10":"pa_yazar-wilhelm-schmid","12":"first","13":"instock","14":"sale","15":"shipping-taxable","16":"purchasable","17":"product-type-simple"},"_links":{"self":[{"href":"https:\/\/roveyayinevi.com.tr\/index.php\/wp-json\/wp\/v2\/product\/774826","targetHints":{"allow":["GET"]}}],"collection":[{"href":"https:\/\/roveyayinevi.com.tr\/index.php\/wp-json\/wp\/v2\/product"}],"about":[{"href":"https:\/\/roveyayinevi.com.tr\/index.php\/wp-json\/wp\/v2\/types\/product"}],"wp:attachment":[{"href":"https:\/\/roveyayinevi.com.tr\/index.php\/wp-json\/wp\/v2\/media?parent=774826"}],"wp:term":[{"taxonomy":"product_brand","embeddable":true,"href":"https:\/\/roveyayinevi.com.tr\/index.php\/wp-json\/wp\/v2\/product_brand?post=774826"},{"taxonomy":"product_cat","embeddable":true,"href":"https:\/\/roveyayinevi.com.tr\/index.php\/wp-json\/wp\/v2\/product_cat?post=774826"},{"taxonomy":"product_tag","embeddable":true,"href":"https:\/\/roveyayinevi.com.tr\/index.php\/wp-json\/wp\/v2\/product_tag?post=774826"}],"curies":[{"name":"wp","href":"https:\/\/api.w.org\/{rel}","templated":true}]}}