{"id":774825,"date":"2025-09-09T11:51:26","date_gmt":"2025-09-09T08:51:26","guid":{"rendered":"https:\/\/roveyayinevi.com.tr\/index.php\/urun\/sosyal-hizmetler-yonetimi-bugunu-ve-yarini\/"},"modified":"2026-04-16T02:23:41","modified_gmt":"2026-04-15T23:23:41","slug":"sosyal-hizmetler-yonetimi-bugunu-ve-yarini","status":"publish","type":"product","link":"https:\/\/roveyayinevi.com.tr\/index.php\/urun\/sosyal-hizmetler-yonetimi-bugunu-ve-yarini\/","title":{"rendered":"Sosyal Hizmetler Y\u00f6netimi -Bug\u00fcn\u00fc ve Yar\u0131n\u0131"},"content":{"rendered":"<p>D\u00fcnyada, 1970\u2019li y\u0131llar\u0131n ikinci yars\u0131ndan itibaren ya\u015fanan ekonomik ve mali kriz sonucu, 1980\u2019li y\u0131llardan itibaren neo-liberal politikalar uygulamaya konulmaya ba\u015flanm\u0131\u015ft\u0131r. Bu \u00e7er\u00e7evede, bir\u00e7ok \u00fclkede kamu y\u00f6netimi reformlar\u0131 g\u00fcndeme gelmi\u015ftir. T\u00fcrkiye\u2019de de gerek d\u0131\u015f gerekse i\u00e7 etkenler sonucu 2000\u2019li y\u0131llar\u0131n ba\u015f\u0131ndan itibaren kamu y\u00f6netimi reformu hayata ge\u00e7irilmi\u015ftir. Bu ba\u011flamda, sosyal hizmetlerde \u00f6zel sekt\u00f6r, sivil toplum \u00f6rg\u00fctleri ve yerelle\u015fme politika ve uygulamalar\u0131n a\u011f\u0131rl\u0131\u011f\u0131 artmaya ba\u015flam\u0131\u015ft\u0131r. Bu \u00e7al\u0131\u015fmada, \u201cT\u00fcrkiye\u2019de sosyal hizmet y\u00f6netiminin mevcut durumu nedir?\u201d ve \u201cKamu y\u00f6netimi reformu \u00e7er\u00e7evesinde nas\u0131l bir de\u011fi\u015fim ya\u015fanmaktad\u0131r?\u201d sorular\u0131n\u0131n yan\u0131tlar\u0131 aranmaya \u00e7al\u0131\u015f\u0131lm\u0131\u015ft\u0131r. Mevcut durum ve de\u011fi\u015fim, bir taraftan sosyal hizmet y\u00f6netiminde kamu (merkezi ve yerel y\u00f6netim), \u00f6zel sekt\u00f6r ve sivil toplum \u00f6rg\u00fctlerinin yeri ve a\u011f\u0131rl\u0131\u011f\u0131, di\u011fer taraftan y\u00f6netimin i\u015flevleri olarak planlama, \u00f6rg\u00fctleme, koordinasyon ve i\u015fbirli\u011fi, personel\/insan kaynaklar\u0131, mali yap\u0131\/b\u00fct\u00e7e ve denetim unsurlar\u0131 a\u00e7\u0131s\u0131ndan ele al\u0131nm\u0131\u015ft\u0131r. <\/p>\n","protected":false},"excerpt":{"rendered":"<p>D\u00fcnyada, 1970\u2019li y\u0131llar\u0131n ikinci yars\u0131ndan itibaren ya\u015fanan ekonomik ve mali kriz sonucu, 1980\u2019li y\u0131llardan itibaren neo-liberal politikalar uygulamaya konulmaya ba\u015flanm\u0131\u015ft\u0131r. Bu \u00e7er\u00e7evede, bir\u00e7ok \u00fclkede kamu y\u00f6netimi<span class=\"excerpt-hellip\"> [\u2026]<\/span><\/p>\n","protected":false},"featured_media":0,"template":"","meta":{"_monsterinsights_skip_tracking":false,"_monsterinsights_sitenote_active":false,"_monsterinsights_sitenote_note":"","_monsterinsights_sitenote_category":0},"product_brand":[],"product_cat":[12325,12324],"product_tag":[],"class_list":{"0":"post-774825","1":"product","2":"type-product","3":"status-publish","5":"product_cat-diger-sosyoloji","6":"product_cat-sosyoloji","7":"pa_cilt-ciltsiz","8":"pa_tur-kitap","9":"pa_yayinevi-nika-yayinevi","10":"pa_yazar-husamettin-cetin","12":"first","13":"instock","14":"sale","15":"shipping-taxable","16":"purchasable","17":"product-type-simple"},"_links":{"self":[{"href":"https:\/\/roveyayinevi.com.tr\/index.php\/wp-json\/wp\/v2\/product\/774825","targetHints":{"allow":["GET"]}}],"collection":[{"href":"https:\/\/roveyayinevi.com.tr\/index.php\/wp-json\/wp\/v2\/product"}],"about":[{"href":"https:\/\/roveyayinevi.com.tr\/index.php\/wp-json\/wp\/v2\/types\/product"}],"wp:attachment":[{"href":"https:\/\/roveyayinevi.com.tr\/index.php\/wp-json\/wp\/v2\/media?parent=774825"}],"wp:term":[{"taxonomy":"product_brand","embeddable":true,"href":"https:\/\/roveyayinevi.com.tr\/index.php\/wp-json\/wp\/v2\/product_brand?post=774825"},{"taxonomy":"product_cat","embeddable":true,"href":"https:\/\/roveyayinevi.com.tr\/index.php\/wp-json\/wp\/v2\/product_cat?post=774825"},{"taxonomy":"product_tag","embeddable":true,"href":"https:\/\/roveyayinevi.com.tr\/index.php\/wp-json\/wp\/v2\/product_tag?post=774825"}],"curies":[{"name":"wp","href":"https:\/\/api.w.org\/{rel}","templated":true}]}}