{"id":774821,"date":"2025-09-09T11:49:36","date_gmt":"2025-09-09T08:49:36","guid":{"rendered":"https:\/\/roveyayinevi.com.tr\/index.php\/urun\/aklin-isyani\/"},"modified":"2026-04-16T02:23:21","modified_gmt":"2026-04-15T23:23:21","slug":"aklin-isyani","status":"publish","type":"product","link":"https:\/\/roveyayinevi.com.tr\/index.php\/urun\/aklin-isyani\/","title":{"rendered":"Akl\u0131n \u0130syan\u0131"},"content":{"rendered":"<p>Akl\u0131n \u0130syan\u0131, 20. y\u00fczy\u0131lda bilim alan\u0131nda ya\u015fanan \u00f6nemli geli\u015fmeleri ve bilimsel ke\u015fifleri ele alarak diyalektik materyalizm teorisini bir ileri a\u015famaya ta\u015f\u0131yan \u00f6nemli bir yap\u0131t olarak kabul edilir. Ya\u015fam nas\u0131l ortaya \u00e7\u0131kt\u0131, matematik ger\u00e7e\u011fi yans\u0131t\u0131r m\u0131, ak\u0131l bir makine mi, dinozorlar neden yok oldu?.. Bunlar ge\u00e7ti\u011fimiz y\u00fczy\u0131l\u0131n oldu\u011fu kadar \u015fimdinin de\/bu y\u00fczy\u0131l\u0131n da \u201cb\u00fcy\u00fck\u201d sorular\u0131\u2026 Yazarlar, Marx ve Engels\u2019in do\u011faya, topluma ve bilime h\u00fckmeden kanunlar\u0131n birli\u011fini savunan diyalektik materyalizmini modern bilimin \u0131\u015f\u0131\u011f\u0131nda ele al\u0131yor. Kitab\u0131n tek teorik katk\u0131s\u0131 bu de\u011fil. Woods ve Grant, bir taraftan Marksist felsefe ile bilimin yeni teorileri aras\u0131ndaki ili\u015fkiyi ortaya koyup diyalektik materyalizmi do\u011fa bilimleri \u00fczerinden anlat\u0131rken, di\u011fer taraftan modern bilimin nerelerde \u201craydan \u00e7\u0131kt\u0131\u011f\u0131n\u0131\u201d g\u00f6steren bir \u00e7er\u00e7eve de sunuyor okura. \u201cKesinsizlik ve \u0130dealizm\u201d tart\u0131\u015fmalar\u0131ndan \u201cBencil Gen\u201de, \u201cB\u00fcy\u00fck Patlama\u201ddan \u201cMarksizm ve Darvincilik\u201d ili\u015fkisine, \u201cKuantum mekani\u011fi\u201dnden \u201cJeolojinin diyalekti\u011fi\u201dne kadar bir\u00e7ok konuyu, bilim d\u00fcnyas\u0131ndaki g\u00fcncel geli\u015fmeler ve Marksist y\u00f6ntem ba\u011flam\u0131nda yeniden de\u011ferlendiriyorlar. Akl\u0131n \u0130syan\u0131, sadece, kapitalizmin krizini bilim \u00fczerinden okuyan bir kitap de\u011fil; ayn\u0131 zamanda bilimin krizine de \u0131\u015f\u0131k tutan ve bilim tarihi yaz\u0131n\u0131nda \u00f6nemli yeri olan bir kitap. \u201cDo\u011fada, son tahlilde, diyalektik h\u00fck\u00fcm s\u00fcrer.\u201d <\/p>\n","protected":false},"excerpt":{"rendered":"<p>Akl\u0131n \u0130syan\u0131, 20. y\u00fczy\u0131lda bilim alan\u0131nda ya\u015fanan \u00f6nemli geli\u015fmeleri ve bilimsel ke\u015fifleri ele alarak diyalektik materyalizm teorisini bir ileri a\u015famaya ta\u015f\u0131yan \u00f6nemli bir yap\u0131t olarak kabul<span class=\"excerpt-hellip\"> [\u2026]<\/span><\/p>\n","protected":false},"featured_media":0,"template":"","meta":{"_monsterinsights_skip_tracking":false,"_monsterinsights_sitenote_active":false,"_monsterinsights_sitenote_note":"","_monsterinsights_sitenote_category":0},"product_brand":[],"product_cat":[13590,12337],"product_tag":[],"class_list":{"0":"post-774821","1":"product","2":"type-product","3":"status-publish","5":"product_cat-arastirma-inceleme-politika-siyaset","6":"product_cat-politika-siyaset","7":"pa_cilt-ciltsiz","8":"pa_tur-kitap","9":"pa_yayinevi-yordam-kitap","10":"pa_yazar-alan-woods-ted-grant","12":"first","13":"instock","14":"sale","15":"shipping-taxable","16":"purchasable","17":"product-type-simple"},"_links":{"self":[{"href":"https:\/\/roveyayinevi.com.tr\/index.php\/wp-json\/wp\/v2\/product\/774821","targetHints":{"allow":["GET"]}}],"collection":[{"href":"https:\/\/roveyayinevi.com.tr\/index.php\/wp-json\/wp\/v2\/product"}],"about":[{"href":"https:\/\/roveyayinevi.com.tr\/index.php\/wp-json\/wp\/v2\/types\/product"}],"wp:attachment":[{"href":"https:\/\/roveyayinevi.com.tr\/index.php\/wp-json\/wp\/v2\/media?parent=774821"}],"wp:term":[{"taxonomy":"product_brand","embeddable":true,"href":"https:\/\/roveyayinevi.com.tr\/index.php\/wp-json\/wp\/v2\/product_brand?post=774821"},{"taxonomy":"product_cat","embeddable":true,"href":"https:\/\/roveyayinevi.com.tr\/index.php\/wp-json\/wp\/v2\/product_cat?post=774821"},{"taxonomy":"product_tag","embeddable":true,"href":"https:\/\/roveyayinevi.com.tr\/index.php\/wp-json\/wp\/v2\/product_tag?post=774821"}],"curies":[{"name":"wp","href":"https:\/\/api.w.org\/{rel}","templated":true}]}}