{"id":774819,"date":"2025-09-09T11:48:47","date_gmt":"2025-09-09T08:48:47","guid":{"rendered":"https:\/\/roveyayinevi.com.tr\/index.php\/urun\/karsilasmalar-etkilesim-sosyolojisinde-iki-calisma\/"},"modified":"2026-04-16T02:23:19","modified_gmt":"2026-04-15T23:23:19","slug":"karsilasmalar-etkilesim-sosyolojisinde-iki-calisma","status":"publish","type":"product","link":"https:\/\/roveyayinevi.com.tr\/index.php\/urun\/karsilasmalar-etkilesim-sosyolojisinde-iki-calisma\/","title":{"rendered":"Kar\u015f\u0131la\u015fmalar &#8211; Etkile\u015fim Sosyolojisinde \u0130ki \u00c7al\u0131\u015fma"},"content":{"rendered":"<p>Toplumsal kurumlar, roller, normlar\u2026 Sosyal bilimlerin a\u015fina olundu\u011fu kadar \u00fczerine pek de d\u00fc\u015f\u00fcn\u00fclmeyen bu kavramlar\u0131na ili\u015fkin olarak Goffman yine ezber bozucu bir analizle kar\u015f\u0131m\u0131za \u00e7\u0131k\u0131yor. Toplumsal rol kavram\u0131n\u0131, makro analizlerin yar\u0131 donuk yar\u0131 tedrisi kal\u0131plar\u0131ndan \u00e7ekerek etkile\u015fim ve kar\u015f\u0131la\u015fmalar\u0131n zengin ve canl\u0131 sahnesine yerle\u015ftiriyor. Mekanik bir icrac\u0131 olman\u0131n \u00e7ok \u00f6tesinde birey, ya\u015fam\u0131n\u0131n farkl\u0131 sahnelerinde rol y\u00fck\u00fcml\u00fcl\u00fckleriyle fiili performans\u0131 aras\u0131na mesafe koyabilen, yani rol\u00fcn\u00fc yer-ve-duruma g\u00f6re belli tahditler alt\u0131nda e\u011fip b\u00fckebilen, ancak biyografik bir s\u00fcreklili\u011fe de sahip olabilen mahir bir yorumcu olarak arz-\u0131 endam ediyor. Goffman, bir konvansiyon olarak rol\u00fc g\u00f6m\u00fcl\u00fc faaliyet sistemlerinin ve dolay\u0131s\u0131yla da benlik olu\u015fumunun merkezine yerle\u015ftirerek, sosyolojik soru\u015fturman\u0131n i\u00e7ine d\u00fc\u015febilece\u011fi ontolojik kapan\u0131 da yerinden oynat\u0131yor: \u201cyapmak, olmakt\u0131r\u201d. Ancak, bir faaliyet k\u00fcmesinin kimlik temin eden bir role zemin haz\u0131rlayabilmesi i\u00e7in, s\u00f6z konusu faaliyetlerin belli t\u00fcrden bir ahlaki haleyle donat\u0131lm\u0131\u015f olmalar\u0131 gerekti\u011fini de belirtiyor Goffman: \u201cTek ba\u015f\u0131na yetkin bir sahneleme kimlik temin etmek i\u00e7in yeterli de\u011fildir; faaliyetlerin toplumsal olarak tesis edilmesi ve anlamland\u0131r\u0131lmas\u0131 gereklidir. [Aksi takdirde] mecburi g\u00f6rev ve i\u015fler yerine getirilir ancak i\u00e7inde bulunulan g\u00f6m\u00fcl\u00fc faaliyet sistemine \u00f6zel bir sadakat\/adanma veya y\u00f6nelim [geli\u015ftirilmesine] hemen hemen hi\u00e7 m\u00fcsaade edilmez. Burada yapmak, olmak de\u011fildir.\u201d Neyin ne oldu\u011fu ve kimin ne yapt\u0131\u011f\u0131 her zaman belli olmayan \u00e7evrenize bir de Goffman\u2019\u0131n penceresinden bakmaya ne dersiniz? <\/p>\n","protected":false},"excerpt":{"rendered":"<p>Toplumsal kurumlar, roller, normlar\u2026 Sosyal bilimlerin a\u015fina olundu\u011fu kadar \u00fczerine pek de d\u00fc\u015f\u00fcn\u00fclmeyen bu kavramlar\u0131na ili\u015fkin olarak Goffman yine ezber bozucu bir analizle kar\u015f\u0131m\u0131za \u00e7\u0131k\u0131yor. Toplumsal<span class=\"excerpt-hellip\"> [\u2026]<\/span><\/p>\n","protected":false},"featured_media":0,"template":"","meta":{"_monsterinsights_skip_tracking":false,"_monsterinsights_sitenote_active":false,"_monsterinsights_sitenote_note":"","_monsterinsights_sitenote_category":0},"product_brand":[],"product_cat":[12325,12324],"product_tag":[],"class_list":{"0":"post-774819","1":"product","2":"type-product","3":"status-publish","5":"product_cat-diger-sosyoloji","6":"product_cat-sosyoloji","7":"pa_cilt-ciltsiz","8":"pa_tur-kitap","9":"pa_yayinevi-heretik-yayincilik","10":"pa_yazar-erving-goffman","12":"first","13":"instock","14":"sale","15":"shipping-taxable","16":"purchasable","17":"product-type-simple"},"_links":{"self":[{"href":"https:\/\/roveyayinevi.com.tr\/index.php\/wp-json\/wp\/v2\/product\/774819","targetHints":{"allow":["GET"]}}],"collection":[{"href":"https:\/\/roveyayinevi.com.tr\/index.php\/wp-json\/wp\/v2\/product"}],"about":[{"href":"https:\/\/roveyayinevi.com.tr\/index.php\/wp-json\/wp\/v2\/types\/product"}],"wp:attachment":[{"href":"https:\/\/roveyayinevi.com.tr\/index.php\/wp-json\/wp\/v2\/media?parent=774819"}],"wp:term":[{"taxonomy":"product_brand","embeddable":true,"href":"https:\/\/roveyayinevi.com.tr\/index.php\/wp-json\/wp\/v2\/product_brand?post=774819"},{"taxonomy":"product_cat","embeddable":true,"href":"https:\/\/roveyayinevi.com.tr\/index.php\/wp-json\/wp\/v2\/product_cat?post=774819"},{"taxonomy":"product_tag","embeddable":true,"href":"https:\/\/roveyayinevi.com.tr\/index.php\/wp-json\/wp\/v2\/product_tag?post=774819"}],"curies":[{"name":"wp","href":"https:\/\/api.w.org\/{rel}","templated":true}]}}