{"id":774815,"date":"2025-09-09T11:46:10","date_gmt":"2025-09-09T08:46:10","guid":{"rendered":"https:\/\/roveyayinevi.com.tr\/index.php\/urun\/ogrenmenin-elli-yuzu\/"},"modified":"2026-04-16T02:22:54","modified_gmt":"2026-04-15T23:22:54","slug":"ogrenmenin-elli-yuzu","status":"publish","type":"product","link":"https:\/\/roveyayinevi.com.tr\/index.php\/urun\/ogrenmenin-elli-yuzu\/","title":{"rendered":"\u00d6\u011frenmenin Elli Y\u00fcz\u00fc"},"content":{"rendered":"<p>\u201c\u00d6\u011frenmeyle ilgili m\u00fckemmel deneyimler kitaplarda ya da m\u00fcfredatta yer almaz. Bu kitapta yer alan insanlar, m\u00fckemmel deneyimin nas\u0131l bir \u015fey oldu\u011funu biliyorlar. Onlar\u0131n ki\u015fisel hik\u00e2yeleri sadece hayat\u0131n\u0131zdaki \u00e7ocuklar\u0131n de\u011fil, ayn\u0131 zamanda kendiniz i\u00e7in de zengin \u00f6\u011frenme deneyimleri geli\u015ftirmenizi sa\u011flayacakt\u0131r.\u201dDaniel H. Pink, Drive ve Akl\u0131n Yeni S\u0131n\u0131rlar\u0131 Adl\u0131 Kitaplar\u0131n Yazar\u0131\u201c\u00d6\u011frenmenin Elli Y\u00fcz\u00fc, destekleyici bir ili\u015fki i\u00e7inde ger\u00e7ekle\u015fti\u011finde e\u011fitimin en g\u00fc\u00e7l\u00fc ve en d\u00f6n\u00fc\u015ft\u00fcr\u00fcc\u00fc g\u00fcce sahip oldu\u011funu g\u00f6steren ve insan\u0131n \u00f6z\u00fcndeki bilme ve anlama arzusunu harekete ge\u00e7iren bir hazine.\u201dPedro Noguera, The Trouble with Black Boys Adl\u0131 Kitab\u0131n Yazar\u0131\u201cBu kitapta yer alan elli hikaye, e\u011fitim ba\u015far\u0131s\u0131n\u0131n son derece ki\u015fisel oldu\u011funu ortaya koymaktad\u0131r. \u00d6\u011frenmenin Elli Y\u00fcz\u00fc, e\u011fitimle ilgili bir tart\u0131\u015fma s\u00f6z konusu oldu\u011funda yarat\u0131c\u0131 ve ilham veren bir \u00f6\u011frenmeden ba\u015fka hi\u00e7bir \u015feyin \u00f6nemli olmad\u0131\u011f\u0131n\u0131 hat\u0131rlatan muazzam bir kitap.\u201dKen Robinson, \u00d6z\u2019\u00fcn Yazar\u0131\u201cM\u00fckemmel bir e\u011fitim standart s\u0131navlar ve say\u0131larla ilgili de\u011fildir; \u00e7ocuklara ak\u0131llar\u0131n\u0131 kullanmay\u0131 \u00f6\u011fretmekle ilgilidir. \u00d6\u011frenmenin Elli Y\u00fcz\u00fc\u2019nde yer alan hik\u00e2yeler bize \u00f6\u011fretmenlerin yaratt\u0131\u011f\u0131 fark\u0131 hat\u0131rlatmakla birlikte, etkilerinin basit s\u0131nav notlar\u0131n\u0131n \u00f6tesine ge\u00e7erek insanlar\u0131n hayatlar\u0131n\u0131 nas\u0131l \u015fekillendirdi\u011fini g\u00f6stermektedir.\u201d Diane Ravitch, The Death and Life of the Great American School System Adl\u0131 Kitab\u0131n Yazar\u0131<\/p>\n","protected":false},"excerpt":{"rendered":"<p>\u201c\u00d6\u011frenmeyle ilgili m\u00fckemmel deneyimler kitaplarda ya da m\u00fcfredatta yer almaz. Bu kitapta yer alan insanlar, m\u00fckemmel deneyimin nas\u0131l bir \u015fey oldu\u011funu biliyorlar. Onlar\u0131n ki\u015fisel hik\u00e2yeleri sadece<span class=\"excerpt-hellip\"> [\u2026]<\/span><\/p>\n","protected":false},"featured_media":0,"template":"","meta":{"_monsterinsights_skip_tracking":false,"_monsterinsights_sitenote_active":false,"_monsterinsights_sitenote_note":"","_monsterinsights_sitenote_category":0},"product_brand":[],"product_cat":[12831,12324],"product_tag":[],"class_list":{"0":"post-774815","1":"product","2":"type-product","3":"status-publish","5":"product_cat-aile-ve-cocuk","6":"product_cat-sosyoloji","7":"pa_cilt-ciltsiz","8":"pa_tur-kitap","9":"pa_yayinevi-sola-unitas","10":"pa_yazar-sam-chaltain","12":"first","13":"instock","14":"sale","15":"shipping-taxable","16":"purchasable","17":"product-type-simple"},"_links":{"self":[{"href":"https:\/\/roveyayinevi.com.tr\/index.php\/wp-json\/wp\/v2\/product\/774815","targetHints":{"allow":["GET"]}}],"collection":[{"href":"https:\/\/roveyayinevi.com.tr\/index.php\/wp-json\/wp\/v2\/product"}],"about":[{"href":"https:\/\/roveyayinevi.com.tr\/index.php\/wp-json\/wp\/v2\/types\/product"}],"wp:attachment":[{"href":"https:\/\/roveyayinevi.com.tr\/index.php\/wp-json\/wp\/v2\/media?parent=774815"}],"wp:term":[{"taxonomy":"product_brand","embeddable":true,"href":"https:\/\/roveyayinevi.com.tr\/index.php\/wp-json\/wp\/v2\/product_brand?post=774815"},{"taxonomy":"product_cat","embeddable":true,"href":"https:\/\/roveyayinevi.com.tr\/index.php\/wp-json\/wp\/v2\/product_cat?post=774815"},{"taxonomy":"product_tag","embeddable":true,"href":"https:\/\/roveyayinevi.com.tr\/index.php\/wp-json\/wp\/v2\/product_tag?post=774815"}],"curies":[{"name":"wp","href":"https:\/\/api.w.org\/{rel}","templated":true}]}}