{"id":774814,"date":"2025-09-09T11:44:59","date_gmt":"2025-09-09T08:44:59","guid":{"rendered":"https:\/\/roveyayinevi.com.tr\/index.php\/urun\/donus-8\/"},"modified":"2026-02-24T02:27:23","modified_gmt":"2026-02-23T23:27:23","slug":"donus-8","status":"publish","type":"product","link":"https:\/\/roveyayinevi.com.tr\/index.php\/urun\/donus-8\/","title":{"rendered":"D\u00f6n\u00fc\u015f"},"content":{"rendered":"<p>Ger\u00e7ekler ac\u0131d\u0131r; ac\u0131t\u0131r, incitir\u2026Tam da hayat\u0131n\u0131n yoluna girdi\u011fini sand\u0131\u011f\u0131 g\u00fcnlerde, \u00f6nce annesinden gelen bir haber, ard\u0131ndan eski bir \u015fapka kutusunda buldu\u011fu mektuplar\u2026Derya\u2019n\u0131n, iki y\u0131ld\u0131r s\u00fcmenalt\u0131 edilen ger\u00e7ekleri bir tokat gibi \u00f6\u011frenmesi, onu d\u00fcnyan\u0131n bir megakentinden \u00f6tekine savuracak, kaderi onu sar\u0131 bir sonbahar g\u00fcn\u00fc,a\u00e7\u0131l\u0131p a\u00e7\u0131lmayaca\u011f\u0131n\u0131 bile bilemedi\u011fi bir demir kap\u0131n\u0131n \u00f6n\u00fcne kadar ta\u015f\u0131yacakt\u0131r. Gen\u00e7 k\u0131z, acaba gizem dolu bu perdenin ard\u0131na ge\u00e7ebilecek midir? \u00d6\u011freneceklerini kabul edebilecek, kabul etse bile sindirebilecek midir?O kap\u0131 a\u00e7\u0131l\u0131rsa elbette\u2026D\u00f6n\u00fc\u015f, aldatman\u0131n, aldat\u0131lman\u0131n, affetmenin, ac\u0131tan ger\u00e7eklerin roman\u0131.<\/p>\n","protected":false},"excerpt":{"rendered":"<p>Ger\u00e7ekler ac\u0131d\u0131r; ac\u0131t\u0131r, incitir\u2026Tam da hayat\u0131n\u0131n yoluna girdi\u011fini sand\u0131\u011f\u0131 g\u00fcnlerde, \u00f6nce annesinden gelen bir haber, ard\u0131ndan eski bir \u015fapka kutusunda buldu\u011fu mektuplar\u2026Derya\u2019n\u0131n, iki y\u0131ld\u0131r s\u00fcmenalt\u0131 edilen<span class=\"excerpt-hellip\"> [\u2026]<\/span><\/p>\n","protected":false},"featured_media":0,"template":"","meta":{"_monsterinsights_skip_tracking":false,"_monsterinsights_sitenote_active":false,"_monsterinsights_sitenote_note":"","_monsterinsights_sitenote_category":0},"product_brand":[],"product_cat":[12291,12711],"product_tag":[],"class_list":{"0":"post-774814","1":"product","2":"type-product","3":"status-publish","5":"product_cat-edebiyat","6":"product_cat-roman-oyku","7":"pa_cilt-ciltsiz","8":"pa_tur-kitap","9":"pa_yayinevi-everest-yayinlari","10":"pa_yazar-ayse-kulin","12":"first","13":"instock","14":"sale","15":"shipping-taxable","16":"purchasable","17":"product-type-simple"},"_links":{"self":[{"href":"https:\/\/roveyayinevi.com.tr\/index.php\/wp-json\/wp\/v2\/product\/774814","targetHints":{"allow":["GET"]}}],"collection":[{"href":"https:\/\/roveyayinevi.com.tr\/index.php\/wp-json\/wp\/v2\/product"}],"about":[{"href":"https:\/\/roveyayinevi.com.tr\/index.php\/wp-json\/wp\/v2\/types\/product"}],"wp:attachment":[{"href":"https:\/\/roveyayinevi.com.tr\/index.php\/wp-json\/wp\/v2\/media?parent=774814"}],"wp:term":[{"taxonomy":"product_brand","embeddable":true,"href":"https:\/\/roveyayinevi.com.tr\/index.php\/wp-json\/wp\/v2\/product_brand?post=774814"},{"taxonomy":"product_cat","embeddable":true,"href":"https:\/\/roveyayinevi.com.tr\/index.php\/wp-json\/wp\/v2\/product_cat?post=774814"},{"taxonomy":"product_tag","embeddable":true,"href":"https:\/\/roveyayinevi.com.tr\/index.php\/wp-json\/wp\/v2\/product_tag?post=774814"}],"curies":[{"name":"wp","href":"https:\/\/api.w.org\/{rel}","templated":true}]}}