{"id":774812,"date":"2025-09-09T11:43:07","date_gmt":"2025-09-09T08:43:07","guid":{"rendered":"https:\/\/roveyayinevi.com.tr\/index.php\/urun\/ben-dunyanin-en-sansli-annesiyim-bez-ciltli\/"},"modified":"2026-04-16T02:22:43","modified_gmt":"2026-04-15T23:22:43","slug":"ben-dunyanin-en-sansli-annesiyim-bez-ciltli","status":"publish","type":"product","link":"https:\/\/roveyayinevi.com.tr\/index.php\/urun\/ben-dunyanin-en-sansli-annesiyim-bez-ciltli\/","title":{"rendered":"Ben D\u00fcnyan\u0131n En \u015eansl\u0131 Annesiyim (Bez Ciltli)"},"content":{"rendered":"<p>\u201cM\u00fckemmel anne diye bir \u015fey yoktur. \u2018Ger\u00e7ek\u2019 bir anne olun yeter.\u2019\u2019 Evet, \u00e7i\u00e7e\u011fi burnunda heyecanl\u0131 anne, \u00f6m\u00fcr boyu s\u00fcrecek olan o b\u00fcy\u00fcl\u00fc annelik yolculu\u011funa haz\u0131r m\u0131s\u0131n? Biliyoruz, her \u015fey d\u00f6rt d\u00f6rtl\u00fck olsun istiyorsun ama sakin ol. Hi\u00e7bir \u015fey kusursuz olmak zorunda de\u011fil. Kusursuz olan tek \u015fey, bebe\u011finle arandaki ba\u011f ve ne olursa olsun ona sahip oldu\u011fun i\u00e7in sen d\u00fcnyan\u0131n en \u015fansl\u0131 annesisin. \u015eimdi yapman gereken tek \u015fey anneli\u011finin bu muhte\u015fem ilk y\u0131l\u0131n\u0131 kay\u0131tlara ge\u00e7irmek! Ellerinin aras\u0131ndaki g\u00fcnl\u00fc\u011f\u00fcn sayfalar\u0131 aras\u0131nda hem an\u0131lar\u0131n\u0131 y\u0131llarca saklayabilecek, hem de i\u015fler biraz kontrolden \u00e7\u0131kt\u0131\u011f\u0131nda bulmacalarla, boyamalarla, parlak fikirlerle bol bol kahkaha at\u0131p e\u011flenebileceksin. Unutma, bu g\u00fcnl\u00fck gelecek y\u0131llara bir arma\u011fan. G\u00fcnler ne kadar zor ge\u00e7erse ge\u00e7sin, bebe\u011finle payla\u015ft\u0131\u011f\u0131n ilk zamanlar\u0131n yeri hep ayr\u0131 olacak. O y\u00fczden vaktin varken onunla birlikte g\u00fcl, a\u011fla, uykusuz geceler i\u00e7in bol bol bitki \u00e7ay\u0131 haz\u0131rla ve annelik yolculu\u011funun tad\u0131n\u0131 \u00e7\u0131kar. <\/p>\n","protected":false},"excerpt":{"rendered":"<p>\u201cM\u00fckemmel anne diye bir \u015fey yoktur. \u2018Ger\u00e7ek\u2019 bir anne olun yeter.\u2019\u2019 Evet, \u00e7i\u00e7e\u011fi burnunda heyecanl\u0131 anne, \u00f6m\u00fcr boyu s\u00fcrecek olan o b\u00fcy\u00fcl\u00fc annelik yolculu\u011funa haz\u0131r m\u0131s\u0131n?<span class=\"excerpt-hellip\"> [\u2026]<\/span><\/p>\n","protected":false},"featured_media":0,"template":"","meta":{"_monsterinsights_skip_tracking":false,"_monsterinsights_sitenote_active":false,"_monsterinsights_sitenote_note":"","_monsterinsights_sitenote_category":0},"product_brand":[],"product_cat":[13701,12291],"product_tag":[],"class_list":{"0":"post-774812","1":"product","2":"type-product","3":"status-publish","5":"product_cat-ani-mektup-gunluk","6":"product_cat-edebiyat","7":"pa_cilt-ciltli","8":"pa_tur-kitap","9":"pa_yayinevi-arkadya-yayinlari","10":"pa_yazar-shannon-cullen","12":"first","13":"instock","14":"sale","15":"shipping-taxable","16":"purchasable","17":"product-type-simple"},"_links":{"self":[{"href":"https:\/\/roveyayinevi.com.tr\/index.php\/wp-json\/wp\/v2\/product\/774812","targetHints":{"allow":["GET"]}}],"collection":[{"href":"https:\/\/roveyayinevi.com.tr\/index.php\/wp-json\/wp\/v2\/product"}],"about":[{"href":"https:\/\/roveyayinevi.com.tr\/index.php\/wp-json\/wp\/v2\/types\/product"}],"wp:attachment":[{"href":"https:\/\/roveyayinevi.com.tr\/index.php\/wp-json\/wp\/v2\/media?parent=774812"}],"wp:term":[{"taxonomy":"product_brand","embeddable":true,"href":"https:\/\/roveyayinevi.com.tr\/index.php\/wp-json\/wp\/v2\/product_brand?post=774812"},{"taxonomy":"product_cat","embeddable":true,"href":"https:\/\/roveyayinevi.com.tr\/index.php\/wp-json\/wp\/v2\/product_cat?post=774812"},{"taxonomy":"product_tag","embeddable":true,"href":"https:\/\/roveyayinevi.com.tr\/index.php\/wp-json\/wp\/v2\/product_tag?post=774812"}],"curies":[{"name":"wp","href":"https:\/\/api.w.org\/{rel}","templated":true}]}}