{"id":774811,"date":"2025-09-09T11:41:06","date_gmt":"2025-09-09T08:41:06","guid":{"rendered":"https:\/\/roveyayinevi.com.tr\/index.php\/urun\/genc-elitler-serisi-kutulu-ozel-set\/"},"modified":"2025-09-09T11:41:06","modified_gmt":"2025-09-09T08:41:06","slug":"genc-elitler-serisi-kutulu-ozel-set","status":"publish","type":"product","link":"https:\/\/roveyayinevi.com.tr\/index.php\/urun\/genc-elitler-serisi-kutulu-ozel-set\/","title":{"rendered":"Gen\u00e7 Elitler Serisi ( Kutulu \u00d6zel Set )"},"content":{"rendered":"<p>1.Gen\u00e7 ElitlerOnlar Hayatta Kalanlar, Liderler , Sava\u015f\u00e7\u0131lar.Onlar Gen\u00e7 ElitlerAdelina Amouteru, \u00f6l\u00fcmc\u00fcl bir hastal\u0131ktan kurtulmu\u015ftur. On y\u0131l \u00f6nce \u00fclkesini kas\u0131p kavuran kanl\u0131 humma v\u00fccudunda tuhaf izler b\u0131rakm\u0131\u015ft\u0131r. Fakat hastal\u0131\u011f\u0131 atlatanlar\u0131n baz\u0131lar\u0131nda, ba\u015fka \u015feyler de kald\u0131\u011f\u0131 rivayet edilmektedir\u2026 Gizemli ve s\u0131rad\u0131\u015f\u0131 yeteneklere kavu\u015ftuklar\u0131na inan\u0131lan bu insanlar\u0131n kimlikleri gizlidir ancak onlara Gen\u00e7 Elitler denmeye ba\u015flam\u0131\u015ft\u0131r.Teren Santoro, Kral i\u00e7in \u00e7al\u0131\u015fmaktad\u0131r. Engizisyon Mihveri\u2019nin lideri olarak g\u00f6revi, tehlikeli oldu\u011funa inand\u0131\u011f\u0131 Gen\u00e7 Elitler\u2019i bulmak ve onlar \u00fclkeyi yok etmeden onlar\u0131 yok etmektir ama asl\u0131nda Teren hepsininkinden b\u00fcy\u00fck bir s\u0131r saklamaktad\u0131r.Enzo Valenciano, Han\u00e7er Cemiyeti \u00fcyesidir. Bu gizli Gen\u00e7 Elit grubu, kendilerinden olanlar\u0131 Engizisyon Mihveri\u2019nden \u00f6nce bulmaya \u00e7al\u0131\u015fmaktad\u0131r ama Adelina\u2019y\u0131 bulduklar\u0131nda onun \u015fimdiye dek g\u00f6rmedikleri g\u00fc\u00e7lere sahip oldu\u011funu ke\u015ffedeceklerdir.Birbirinden apayr\u0131 sava\u015flar s\u00fcrd\u00fcren bu \u00fc\u00e7l\u00fcn\u00fcn yollar\u0131 hi\u00e7 beklenmedik \u015fekilde kesi\u015fecektir. Ancak hepsinin emin oldu\u011fu tek \u015fey vard\u0131r: Karanl\u0131k bir intikam ve yok etme arzusuyla yan\u0131p tutu\u015fan Adelina\u2019n\u0131n g\u00fc\u00e7lerine bu d\u00fcnyada yer yoktur.\u201cBu kitab\u0131 eline alanlar b\u00fcy\u00fclenmeye haz\u0131r olsun\u2026 Tabii bir de serinin devam\u0131na.\u201dBooklist\u201cLu, karakterlerinin m\u00fcthi\u015f hatalar yapmas\u0131na izin vererek \u00e7\u0131tay\u0131 ger\u00e7ekten y\u00fckseltiyor\u2026 Tekrar tekrar ziyaret etmek isteyece\u011finiz bir d\u00fcnya.\u201d The New York Times Book Review \u201cLu \u2018romantizmle olgunla\u015fma\u2019 form\u00fcl\u00fcnden \u00e7ark ederek sevgi temas\u0131n\u0131n i\u00e7inde yer alan pek \u00e7ok hissi tek tek ele alm\u0131\u015f\u2026 Bu kitapta ne Adelina ne de okurlar i\u00e7in huzur var. \u0130hanet, \u00f6l\u00fcm tehditleri ve reddedilmenin hissedilmedi\u011fi tek bir g\u00fcvenli b\u00f6lge bile yok.\u201dPublishers Weekly \u201cGer\u00e7ekten s\u00fcr\u00fckleyici fantastik eserlerin hayranlar\u0131 i\u00e7in ka\u00e7\u0131r\u0131lmaz bir f\u0131rsat.\u201d Kirkus Reviews\u201cOn d\u00f6rd\u00fcnc\u00fc y\u00fczy\u0131lda ve korkunun g\u00fc\u00e7 anlam\u0131na geldi\u011fi bir d\u00fcnyada ge\u00e7en bu fantastik eserde Game of Thrones, X-Men\u2019le kar\u015f\u0131la\u015f\u0131yor. Bu epik fantazya her \u015feyin de\u011fi\u015fece\u011finin rivayet edildi\u011fi ikinci kitab\u0131 d\u00f6rt g\u00f6zle beklemenize sebep olacak.\u201dShelf Awareness \u201cHeyecan y\u00fckl\u00fc ve dopdolu bu \u00f6yk\u00fcde nabz\u0131n\u0131z\u0131 h\u0131zland\u0131racak d\u00f6v\u00fc\u015f sahneleri, kalbinizi durduracak kadar k\u0131l pay\u0131 kurtulu\u015flar ve y\u0131k\u0131ma s\u00fcr\u00fckleyen ihanetler var.\u201dThe Bulletin of the Center for Children\u2019s Books\u201cLu, Gen\u00e7 Elitler ve Adelina\u2019n\u0131n hik\u00e2yesini \u00f6rerken her sayfaya b\u00fcy\u00fcs\u00fcn\u00fc katm\u0131\u015f. Hi\u00e7bir \u015fey g\u00f6r\u00fcnd\u00fc\u011f\u00fc gibi de\u011fil.\u201dVOYA\u201cLu unutulmaz ve b\u00fcy\u00fcleyici bir tarih\u00ee fantazyay\u0131, t\u00fcm gen\u00e7lerin tecr\u00fcbe etti\u011fi kendini kabul sorunuyla bo\u011fu\u015fan, g\u00fc\u00e7l\u00fc bir kad\u0131n kahramanla harmanlam\u0131\u015f. Bu yeni seri hem eski takip\u00e7ilerini etkileyecek hem de yepyeni hayranlar edinmesini sa\u011flayacak.\u201dSchool Library Journal***2.G\u00fcl CemiyetiGen\u00e7 Elitler \u0130kinci KitapBir Zamanlar Babas\u0131, prensi ve Dostlar\u0131 Olan Bir K\u0131z Vard\u0131. Sonra \u0130hanete U\u011frad\u0131 ve \u0130ntikam Almaya Yemin Etii.Ailesi ve arkada\u015flar\u0131 Adelina Amouteru\u2019nun kalbini k\u0131rm\u0131\u015f, onu intikam\u0131n kollar\u0131na teslim etmi\u015flerdir. Art\u0131k Beyaz Kurt ad\u0131yla bilinen ve korku salan Adelina, Gen\u00e7 Elitler\u2019den olu\u015fan kendi ordusunu kurabilme umuduyla Kenettra\u2019dan ka\u00e7ar. Amac\u0131, onu \u00f6l\u00fcm\u00fcn k\u0131y\u0131s\u0131na g\u00f6t\u00fcren beyaz pelerinli Engizisyon Mihveri askerlerini yok etmektir. Ancak Adelina kahraman de\u011fildir. Korku ve nefretten beslenen g\u00fc\u00e7leri, kontrol edemeyece\u011fi bir boyuta ula\u015fm\u0131\u015ft\u0131r. Yeni Elit arkada\u015flar\u0131na g\u00fcvenmemektedir. Bunlar yetmezmi\u015f gibi Engizisyon\u2019un lideri Teren Santoro onu \u00f6ld\u00fcrmek istemekte, eski arkada\u015flar\u0131 Raffaele ile Han\u00e7er Cemiyeti ise intikam a\u00e7l\u0131\u011f\u0131n\u0131n \u00f6n\u00fcne ge\u00e7mek i\u00e7in \u00e7abalamaktad\u0131r. Adelina i\u00e7indeki iyili\u011fe tutunmaya \u00e7al\u0131\u015fsa da t\u00fcm varl\u0131\u011f\u0131 karanl\u0131\u011fa ba\u011fl\u0131 biri nas\u0131l iyi olabilir? \u201cG\u00fc\u00e7 pe\u015findeki z\u0131t kutuplar, pek \u00e7ok ki\u015finin \u00f6ld\u00fc\u011f\u00fc, can\u0131n\u0131n yand\u0131\u011f\u0131 veya sonsuza dek de\u011fi\u015fti\u011fi efsanevi sava\u015flar kaleme alan Lu, harika bir i\u015f \u00e7\u0131karm\u0131\u015f.\u201d Publishers Weekly  \u201cBenzersiz ve ak\u0131l almaz\u2026 Adelina kesif bir karanl\u0131\u011f\u0131n antikahraman\u0131: Lucifer, Macbeth ve Darth Vader gibi arketiplerin hamurundan yo\u011frulmu\u015f s\u0131rad\u0131\u015f\u0131 bir gen\u00e7 kad\u0131n.\u201d Kirkus Reviews \u201cEtkisi alt\u0131na ald\u0131\u011f\u0131 kadar rahats\u0131z da eden, ince ince i\u015flenmi\u015f bir olay \u00f6rg\u00fcs\u00fc\u2026\u201d Booklist \u201cX-Men veya Y\u0131ld\u0131z Sava\u015flar\u0131 hayran\u0131 m\u0131s\u0131n\u0131z? Marie Lu\u2019nun G\u00fcl Cemiyeti\u2019nin ba\u015fkahraman\u0131 Darth Vader ile Magneto kar\u0131\u015f\u0131m\u0131. Ayn\u0131 zamanda gen\u00e7 bir k\u0131z. Evet\u2026 bizce de harika.\u201d MTV.com \u201cSerinin hayranlar\u0131 kitab\u0131n ba\u015fkahraman\u0131n\u0131n kendi k\u00f6t\u00fcl\u00fc\u011f\u00fcne yenilmesini ve bundan zevk duymas\u0131n\u0131 okurken \u00e7ok heyecanlanacak.\u201d School Library Journal***3.Gece Y\u0131ld\u0131z\u0131Gen\u00e7 Elitler \u00dc\u00e7\u00fcnc\u00fc KitapT\u00fcm D\u00fcnyan\u0131n Karanl\u0131\u011fa Bo\u011fuldu ve Karanl\u0131\u011f\u0131n Krali\u00e7esinin H\u00fck\u00fcm S\u00fcrd\u00fc\u011f\u00fc Bir D\u00f6nem Vard\u0131.Adelina Amouteru ac\u0131 \u00e7ekti\u011fi g\u00fcnleri geride b\u0131rakm\u0131\u015ft\u0131r. Ona ihanet edenlere s\u0131rt\u0131n\u0131 \u00e7evirmi\u015f ve en b\u00fcy\u00fck intikam\u0131n\u0131 zafer kazanarak alm\u0131\u015ft\u0131r. Beyaz Kurt olarak h\u00fck\u00fcm s\u00fcrerken zafer \u00fcst\u00fcne zafer kazanm\u0131\u015ft\u0131r ancak her fethiyle daha da zalimle\u015fmektedir. \u0130\u00e7indeki karanl\u0131k kontrolden \u00e7\u0131kmaya ba\u015flam\u0131\u015ft\u0131r ve elde etti\u011fi her \u015feyi tehdit etmektedir. Bamba\u015fka bir tehlike ba\u015f g\u00f6sterince Adelina eski defterleri a\u00e7mak zorunda kal\u0131r ve kendisiyle birlikte t\u00fcm Elitleri riske atar. \u0130mparatorlu\u011funu korumak i\u00e7in Adelina ile yanda\u015flar\u0131n\u0131n tehlikeli bir yolculukta Han\u00e7erler\u2019e kat\u0131lmas\u0131 gerekmektedir\u2026 ancak as\u0131l tehlike bu huzursuz birlikte yat\u0131yor gibi g\u00f6r\u00fcnmektedir&#8230;  \u201cLu, Gen\u00e7 Elitler \u00fc\u00e7lemesini f\u0131rt\u0131nal\u0131 bir \u015fekilde sonland\u0131r\u0131yor. Seriye lay\u0131k ve buruk bir son. Karde\u015flerin aras\u0131ndaki ba\u011f ve insan olman\u0131n zorlu\u011fu finalde ba\u015frol\u00fc kapm\u0131\u015f.\u201d Booklist \u201cGen\u00e7 Elitler \u00fc\u00e7lemesinin etkileyici finali duygu y\u00fckl\u00fc\u2026 Pek \u00e7ok antikahraman gibi Adelina\u2019n\u0131n izledi\u011fi yol da \u00e7arp\u0131c\u0131 ve tatmin edici.\u201d  Kirkus Reviews  \u201cLu\u2019nun ince ince i\u015fledi\u011fi karakterlerin aras\u0131ndaki daim\u00ee \u00e7eki\u015fme ve nefes kesici mek\u00e2nlar okurlar\u0131 kendine ba\u011flayacak. Hayranlar\u0131 hayal k\u0131r\u0131kl\u0131\u011f\u0131na u\u011framayacak.\u201d Romantic Times Book Reviews \u201cThe New York Times \u00e7oksatan\u0131 serinin e\u015fsizli\u011fi, ba\u015fkahraman\u0131n k\u00f6t\u00fc karakter olmas\u0131ndan kaynaklan\u0131yor. Adelina g\u00fcn\u00fcm\u00fcz gen\u00e7lik romanlar\u0131 aras\u0131ndaki en \u00f6nemli antikahraman.\u201d Teen Vogue \u201cBirbirinden \u00e7ok farkl\u0131, s\u00fcperg\u00fc\u00e7lere sahip gen\u00e7lerin yer ald\u0131\u011f\u0131 seride Adelina\u2019n\u0131n tuttu\u011fu karanl\u0131k yolu, g\u00fc\u00e7lerini kontrol alt\u0131na almaya ve onun gibi kad\u0131nlara zalim davranan bir d\u00fcnyada isim yapmaya \u00e7al\u0131\u015fmas\u0131n\u0131 izlemek heyecan verici.\u201d The Washington Post <\/p>\n","protected":false},"excerpt":{"rendered":"<p>1.Gen\u00e7 ElitlerOnlar Hayatta Kalanlar, Liderler , Sava\u015f\u00e7\u0131lar.Onlar Gen\u00e7 ElitlerAdelina Amouteru, \u00f6l\u00fcmc\u00fcl bir hastal\u0131ktan kurtulmu\u015ftur. On y\u0131l \u00f6nce \u00fclkesini kas\u0131p kavuran kanl\u0131 humma v\u00fccudunda tuhaf izler b\u0131rakm\u0131\u015ft\u0131r.<span class=\"excerpt-hellip\"> [\u2026]<\/span><\/p>\n","protected":false},"featured_media":0,"template":"","meta":{"_monsterinsights_skip_tracking":false,"_monsterinsights_sitenote_active":false,"_monsterinsights_sitenote_note":"","_monsterinsights_sitenote_category":0},"product_brand":[],"product_cat":[12291,12711],"product_tag":[],"class_list":{"0":"post-774811","1":"product","2":"type-product","3":"status-publish","5":"product_cat-edebiyat","6":"product_cat-roman-oyku","7":"pa_cilt-set","8":"pa_tur-kitap","9":"pa_yayinevi-pegasus-yayinlari","10":"pa_yazar-marie-lu","12":"first","13":"instock","14":"sale","15":"shipping-taxable","16":"purchasable","17":"product-type-simple"},"_links":{"self":[{"href":"https:\/\/roveyayinevi.com.tr\/index.php\/wp-json\/wp\/v2\/product\/774811","targetHints":{"allow":["GET"]}}],"collection":[{"href":"https:\/\/roveyayinevi.com.tr\/index.php\/wp-json\/wp\/v2\/product"}],"about":[{"href":"https:\/\/roveyayinevi.com.tr\/index.php\/wp-json\/wp\/v2\/types\/product"}],"wp:attachment":[{"href":"https:\/\/roveyayinevi.com.tr\/index.php\/wp-json\/wp\/v2\/media?parent=774811"}],"wp:term":[{"taxonomy":"product_brand","embeddable":true,"href":"https:\/\/roveyayinevi.com.tr\/index.php\/wp-json\/wp\/v2\/product_brand?post=774811"},{"taxonomy":"product_cat","embeddable":true,"href":"https:\/\/roveyayinevi.com.tr\/index.php\/wp-json\/wp\/v2\/product_cat?post=774811"},{"taxonomy":"product_tag","embeddable":true,"href":"https:\/\/roveyayinevi.com.tr\/index.php\/wp-json\/wp\/v2\/product_tag?post=774811"}],"curies":[{"name":"wp","href":"https:\/\/api.w.org\/{rel}","templated":true}]}}