{"id":774810,"date":"2025-09-09T11:41:00","date_gmt":"2025-09-09T08:41:00","guid":{"rendered":"https:\/\/roveyayinevi.com.tr\/index.php\/urun\/alfred-kroppun-olaganustu-maceralari\/"},"modified":"2025-09-09T11:41:00","modified_gmt":"2025-09-09T08:41:00","slug":"alfred-kroppun-olaganustu-maceralari","status":"publish","type":"product","link":"https:\/\/roveyayinevi.com.tr\/index.php\/urun\/alfred-kroppun-olaganustu-maceralari\/","title":{"rendered":"Alfred Kropp&#8217;un Ola\u011fan\u00fcst\u00fc Maceralar\u0131"},"content":{"rendered":"<p>Kadim Bir K\u0131l\u0131c\u0131 \u00c7almak Kolayd\u0131r, Onu Korumaksa \u0130mkans\u0131z&#8230;Alfred Kropp \u00f6\u011frencilik hayat\u0131na katlanmaya \u00e7al\u0131\u015fan, s\u0131radan bir ya\u015fam s\u00fcren s\u0131radan bir \u00e7ocuktur. Ama bir g\u00fcn Kral Arthur\u2019un efsanevi k\u0131l\u0131c\u0131n\u0131 \u00e7alma plan\u0131na dahil olur, k\u0131l\u0131c\u0131 yanl\u0131\u015f ellere teslim etmesiyle de hayat\u0131 kar\u0131\u015f\u0131r. Kadim bir \u015f\u00f6valye tarikat\u0131na yard\u0131m etmeye ba\u015flay\u0131nca kendini gizemli bir uluslararas\u0131 organizasyonun casuslar\u0131 aras\u0131nda, h\u0131zl\u0131 arabalardan ve motosikletli haydutlardan ka\u00e7arken bulan Alfred, bin y\u0131ll\u0131k gizemi \u00e7\u00f6zmeye \u00e7al\u0131\u015f\u0131r. Her ne kadar kahramanl\u0131ktan uzak olsa da, insanl\u0131\u011f\u0131n en g\u00fc\u00e7l\u00fc silah\u0131 Excalibur\u2019u yeniden ele ge\u00e7irmeli ve b\u00fcy\u00fck bir y\u0131k\u0131mla kar\u015f\u0131 kar\u015f\u0131ya kalan d\u00fcnyay\u0131 kurtarmal\u0131d\u0131r\u2026  \u201cHi\u00e7 bitmeyen aksiyonuyla heyecan verici bir macera. M\u00fckemmel!\u201d &#8211; Rick Riordan \u201cT\u0131pk\u0131 Rowling gibi Yancey de bir gen\u00e7lik roman\u0131nda a\u011f\u0131r konular\u0131 mizahla ustaca harmanlam\u0131\u015f. Koca kafal\u0131 bir ezi\u011fin korkun\u00e7 e\u011flenceli hik\u00e2yesi.\u201d &#8211; Publishers Weekly \u201c\u0130\u015fin i\u00e7inde \u00e7\u0131lg\u0131n araba kovalamacalar\u0131, helikopterler, g\u00fczel bir k\u0131z ve fazlaca macera varsa hik\u00e2yenin nefes kesmesi ka\u00e7\u0131n\u0131lmazd\u0131r. Alfred Kropp\u2019un Ola\u011fan\u00fcst\u00fc Maceralar\u0131 aksiyon filmlerini aratmayacak.\u201d &#8211; Children\u2019s Literature  \u201c\u0130\u00e7g\u00fcd\u00fcleriyle hareket eden \u00e7ekingen bir gencin hem komik hem de dokunakl\u0131 \u00f6yk\u00fcs\u00fcn\u00fc anlatan bu unutulmaz hik\u00e2ye o kadar b\u00fcy\u00fcleyici bir okuma deneyimi sunuyor ki bitirdikten sonra bile solu\u011funuzu tutmaya devam edeceksiniz.\u201d &#8211; The New York Times \u00e7oksatan yazar\u0131 Ridley Pearson <\/p>\n","protected":false},"excerpt":{"rendered":"<p>Kadim Bir K\u0131l\u0131c\u0131 \u00c7almak Kolayd\u0131r, Onu Korumaksa \u0130mkans\u0131z&#8230;Alfred Kropp \u00f6\u011frencilik hayat\u0131na katlanmaya \u00e7al\u0131\u015fan, s\u0131radan bir ya\u015fam s\u00fcren s\u0131radan bir \u00e7ocuktur. Ama bir g\u00fcn Kral Arthur\u2019un efsanevi<span class=\"excerpt-hellip\"> [\u2026]<\/span><\/p>\n","protected":false},"featured_media":0,"template":"","meta":{"_monsterinsights_skip_tracking":false,"_monsterinsights_sitenote_active":false,"_monsterinsights_sitenote_note":"","_monsterinsights_sitenote_category":0},"product_brand":[],"product_cat":[12291,15117],"product_tag":[],"class_list":{"0":"post-774810","1":"product","2":"type-product","3":"status-publish","5":"product_cat-edebiyat","6":"product_cat-genclik-edebiyati","7":"pa_cilt-ciltsiz","8":"pa_tur-kitap","9":"pa_yayinevi-pegasus-yayinlari","10":"pa_yazar-rick-yancey","12":"first","13":"instock","14":"sale","15":"shipping-taxable","16":"purchasable","17":"product-type-simple"},"_links":{"self":[{"href":"https:\/\/roveyayinevi.com.tr\/index.php\/wp-json\/wp\/v2\/product\/774810","targetHints":{"allow":["GET"]}}],"collection":[{"href":"https:\/\/roveyayinevi.com.tr\/index.php\/wp-json\/wp\/v2\/product"}],"about":[{"href":"https:\/\/roveyayinevi.com.tr\/index.php\/wp-json\/wp\/v2\/types\/product"}],"wp:attachment":[{"href":"https:\/\/roveyayinevi.com.tr\/index.php\/wp-json\/wp\/v2\/media?parent=774810"}],"wp:term":[{"taxonomy":"product_brand","embeddable":true,"href":"https:\/\/roveyayinevi.com.tr\/index.php\/wp-json\/wp\/v2\/product_brand?post=774810"},{"taxonomy":"product_cat","embeddable":true,"href":"https:\/\/roveyayinevi.com.tr\/index.php\/wp-json\/wp\/v2\/product_cat?post=774810"},{"taxonomy":"product_tag","embeddable":true,"href":"https:\/\/roveyayinevi.com.tr\/index.php\/wp-json\/wp\/v2\/product_tag?post=774810"}],"curies":[{"name":"wp","href":"https:\/\/api.w.org\/{rel}","templated":true}]}}