{"id":774809,"date":"2025-09-09T11:40:57","date_gmt":"2025-09-09T08:40:57","guid":{"rendered":"https:\/\/roveyayinevi.com.tr\/index.php\/urun\/zalim-krallik\/"},"modified":"2025-09-09T11:40:57","modified_gmt":"2025-09-09T08:40:57","slug":"zalim-krallik","status":"publish","type":"product","link":"https:\/\/roveyayinevi.com.tr\/index.php\/urun\/zalim-krallik\/","title":{"rendered":"Zalim Krall\u0131k"},"content":{"rendered":"<p>Kanl\u0131 ge\u00e7mi\u015f ve ac\u0131tan ger\u00e7ekler&#8230;Biri g\u00fcm\u00fc\u015f, biri k\u0131z\u0131l; b\u00fcy\u00fcleyici iki kad\u0131n.Tek bir adalet sava\u015f\u0131;K\u0131z\u0131llar g\u00fcm\u00fc\u015flere kar\u015f\u0131. Krali\u00e7enin \u015eark\u0131s\u0131Kral Tiberias\u2019\u0131n ilk e\u015fi Krali\u00e7e Coriane gizli bir g\u00fcnl\u00fck tutmaktad\u0131r; bu, saraydan kimsenin zihnini ona kar\u015f\u0131 kullanmayaca\u011f\u0131ndan emin olman\u0131n tek yoludur. Coriane, veliaht prensle tatl\u0131-sert fl\u00f6rtle\u015fmelerini, yeni prens Cal\u2019in do\u011fumunu ve kraliyet ya\u015fant\u0131s\u0131n\u0131n \u00f6l\u00fcmc\u00fcl m\u00fccadelelerini yaln\u0131zca bu g\u00fcnl\u00fckle payla\u015fmaktad\u0131r. Ancak iktidar\u0131n korkun\u00e7 bedelini \u00f6deme zaman\u0131 gen\u00e7 Krali\u00e7e\u2019ye g\u00fcnbeg\u00fcn yakla\u015f\u0131yordur&#8230; \u00c7elik YaralarDiana Farley g\u00fc\u00e7l\u00fc bir asker olarak yeti\u015ftirilmi\u015ftir ancak Poyraz\u2019da isyan tohumlar\u0131 ekme g\u00f6revi, bekledi\u011finden daha zordur. Ba\u015fkente ger\u00e7ekle\u015ftirece\u011fi ilk sald\u0131r\u0131 i\u00e7in karaborsa t\u00fcccarlar\u0131n\u0131, ka\u00e7ak\u00e7\u0131lar\u0131 ve radikalleri K\u0131z\u0131l Muhaf\u0131zlar\u2019a katmaya \u00e7al\u0131\u015f\u0131rken b\u00fct\u00fcn operasyonun anahtar\u0131 olabilecek bir ba\u011flant\u0131yla tan\u0131\u015f\u0131r: \u00d6nemsiz bir kasabada \u00f6nemsiz bir yankesici olan Mare Barrow\u2019la\u2026 \u201cAveyard\u2019\u0131n kusursuz ve nefes kesici \u00fcslubuyla bir kez daha hik\u00e2yeyi efsanevi bir seviyeye ta\u015f\u0131yabilmesine hayran kald\u0131m. Sade olay \u00f6rg\u00fcs\u00fcn\u00fcn, hik\u00e2yelerin sonunda b\u00fcr\u00fcnd\u00fc\u011f\u00fc s\u0131rad\u0131\u015f\u0131 g\u00fczelli\u011fe bay\u0131ld\u0131m.\u201dTheGuardian.com \u201cBir kitaptan bekledi\u011fim her \u015fey Zalim Krall\u0131k\u2019ta mevcut: Ger\u00e7ek duygular, etkileyici karakterler, detayl\u0131 bir evren ve yazar\u0131n beni karakterlere ba\u011flamay\u0131 ba\u015fard\u0131\u011f\u0131n\u0131n kan\u0131t\u0131 olarak kalbime saplanan s\u0131z\u0131. Aveyard\u2019\u0131n yetenekli oldu\u011funu biliyordum ama bu kitap, K\u0131z\u0131l Krali\u00e7e\u2019den bile g\u00fczel.\u201dLovableReader.com <\/p>\n","protected":false},"excerpt":{"rendered":"<p>Kanl\u0131 ge\u00e7mi\u015f ve ac\u0131tan ger\u00e7ekler&#8230;Biri g\u00fcm\u00fc\u015f, biri k\u0131z\u0131l; b\u00fcy\u00fcleyici iki kad\u0131n.Tek bir adalet sava\u015f\u0131;K\u0131z\u0131llar g\u00fcm\u00fc\u015flere kar\u015f\u0131. Krali\u00e7enin \u015eark\u0131s\u0131Kral Tiberias\u2019\u0131n ilk e\u015fi Krali\u00e7e Coriane gizli bir g\u00fcnl\u00fck<span class=\"excerpt-hellip\"> [\u2026]<\/span><\/p>\n","protected":false},"featured_media":0,"template":"","meta":{"_monsterinsights_skip_tracking":false,"_monsterinsights_sitenote_active":false,"_monsterinsights_sitenote_note":"","_monsterinsights_sitenote_category":0},"product_brand":[],"product_cat":[12291,14777],"product_tag":[],"class_list":{"0":"post-774809","1":"product","2":"type-product","3":"status-publish","5":"product_cat-edebiyat","6":"product_cat-fantastik","7":"pa_cilt-ciltsiz","8":"pa_tur-kitap","9":"pa_yayinevi-pegasus-yayinlari","10":"pa_yazar-victoria-aveyard","12":"first","13":"instock","14":"sale","15":"shipping-taxable","16":"purchasable","17":"product-type-simple"},"_links":{"self":[{"href":"https:\/\/roveyayinevi.com.tr\/index.php\/wp-json\/wp\/v2\/product\/774809","targetHints":{"allow":["GET"]}}],"collection":[{"href":"https:\/\/roveyayinevi.com.tr\/index.php\/wp-json\/wp\/v2\/product"}],"about":[{"href":"https:\/\/roveyayinevi.com.tr\/index.php\/wp-json\/wp\/v2\/types\/product"}],"wp:attachment":[{"href":"https:\/\/roveyayinevi.com.tr\/index.php\/wp-json\/wp\/v2\/media?parent=774809"}],"wp:term":[{"taxonomy":"product_brand","embeddable":true,"href":"https:\/\/roveyayinevi.com.tr\/index.php\/wp-json\/wp\/v2\/product_brand?post=774809"},{"taxonomy":"product_cat","embeddable":true,"href":"https:\/\/roveyayinevi.com.tr\/index.php\/wp-json\/wp\/v2\/product_cat?post=774809"},{"taxonomy":"product_tag","embeddable":true,"href":"https:\/\/roveyayinevi.com.tr\/index.php\/wp-json\/wp\/v2\/product_tag?post=774809"}],"curies":[{"name":"wp","href":"https:\/\/api.w.org\/{rel}","templated":true}]}}