{"id":774808,"date":"2025-09-09T11:39:54","date_gmt":"2025-09-09T08:39:54","guid":{"rendered":"https:\/\/roveyayinevi.com.tr\/index.php\/urun\/peygamberler-tarihi-rahmet-mujdecileri\/"},"modified":"2026-04-16T02:22:19","modified_gmt":"2026-04-15T23:22:19","slug":"peygamberler-tarihi-rahmet-mujdecileri","status":"publish","type":"product","link":"https:\/\/roveyayinevi.com.tr\/index.php\/urun\/peygamberler-tarihi-rahmet-mujdecileri\/","title":{"rendered":"Peygamberler Tarihi &#8211; Rahmet M\u00fcjdecileri"},"content":{"rendered":"<p>Peygamberlerin hayat hikayeleri, insan\u0131n ge\u00e7mi\u015f ve gelecek b\u00fct\u00fcn zamanlar\u0131n\u0131 ayd\u0131nlat\u0131r. \u0130nsan\u0131 yokluktan, hi\u00e7likten, karanl\u0131klardan kurtar\u0131r. Her bir m\u00fcmini, b\u00fct\u00fcn peygamberlerle ve onlara t\u00e2bi olan inananlarla alakal\u0131 h\u00e2le getirir. \u0130nsan, Hz. Adem\u2019den itibaren b\u00fct\u00fcn insanl\u0131k tarihiyle de ilgili h\u00e2le gelir. Ge\u00e7mi\u015fte cereyan etmi\u015f o hadiselere kar\u015f\u0131 duydu\u011fu merak\u0131, peygamberlerin hayatlar\u0131 ile tatmin edilmi\u015f olur.Allah, d\u00fcnyada insan hayat\u0131 ba\u015flad\u0131\u011f\u0131ndan bu yana, as\u0131rlar boyunca peygamberler g\u00f6ndermi\u015ftir. \u0130nsanlara peygamberleri arac\u0131l\u0131\u011f\u0131 ile hakk\u0131 benimsemeye ve ya\u015famaya \u00e7a\u011fr\u0131da bulunmu\u015ftur.Elinizdeki kitap, Rahmetin m\u00fcjdecileri ve \u0130lah\u00ee azab\u0131n habercileri olan peygamberlerin hayatlar\u0131n\u0131 ele alan bir peygamberler tarihi \u00e7al\u0131\u015fmas\u0131d\u0131r. <\/p>\n","protected":false},"excerpt":{"rendered":"<p>Peygamberlerin hayat hikayeleri, insan\u0131n ge\u00e7mi\u015f ve gelecek b\u00fct\u00fcn zamanlar\u0131n\u0131 ayd\u0131nlat\u0131r. \u0130nsan\u0131 yokluktan, hi\u00e7likten, karanl\u0131klardan kurtar\u0131r. Her bir m\u00fcmini, b\u00fct\u00fcn peygamberlerle ve onlara t\u00e2bi olan inananlarla alakal\u0131<span class=\"excerpt-hellip\"> [\u2026]<\/span><\/p>\n","protected":false},"featured_media":0,"template":"","meta":{"_monsterinsights_skip_tracking":false,"_monsterinsights_sitenote_active":false,"_monsterinsights_sitenote_note":"","_monsterinsights_sitenote_category":0},"product_brand":[],"product_cat":[13036,12718,12719],"product_tag":[],"class_list":{"0":"post-774808","1":"product","2":"type-product","3":"status-publish","5":"product_cat-arastirma-inceleme-islam","6":"product_cat-din","7":"product_cat-islam","8":"pa_cilt-ciltli","9":"pa_tur-kitap","10":"pa_yayinevi-nesil-yayinlari","11":"pa_yazar-mehmet-dikmen","13":"first","14":"instock","15":"sale","16":"shipping-taxable","17":"purchasable","18":"product-type-simple"},"_links":{"self":[{"href":"https:\/\/roveyayinevi.com.tr\/index.php\/wp-json\/wp\/v2\/product\/774808","targetHints":{"allow":["GET"]}}],"collection":[{"href":"https:\/\/roveyayinevi.com.tr\/index.php\/wp-json\/wp\/v2\/product"}],"about":[{"href":"https:\/\/roveyayinevi.com.tr\/index.php\/wp-json\/wp\/v2\/types\/product"}],"wp:attachment":[{"href":"https:\/\/roveyayinevi.com.tr\/index.php\/wp-json\/wp\/v2\/media?parent=774808"}],"wp:term":[{"taxonomy":"product_brand","embeddable":true,"href":"https:\/\/roveyayinevi.com.tr\/index.php\/wp-json\/wp\/v2\/product_brand?post=774808"},{"taxonomy":"product_cat","embeddable":true,"href":"https:\/\/roveyayinevi.com.tr\/index.php\/wp-json\/wp\/v2\/product_cat?post=774808"},{"taxonomy":"product_tag","embeddable":true,"href":"https:\/\/roveyayinevi.com.tr\/index.php\/wp-json\/wp\/v2\/product_tag?post=774808"}],"curies":[{"name":"wp","href":"https:\/\/api.w.org\/{rel}","templated":true}]}}