{"id":774807,"date":"2025-09-09T11:39:03","date_gmt":"2025-09-09T08:39:03","guid":{"rendered":"https:\/\/roveyayinevi.com.tr\/index.php\/urun\/tom-gates-10-sasirtici-yetenekler-az-cok\/"},"modified":"2026-04-16T02:22:16","modified_gmt":"2026-04-15T23:22:16","slug":"tom-gates-10-sasirtici-yetenekler-az-cok","status":"publish","type":"product","link":"https:\/\/roveyayinevi.com.tr\/index.php\/urun\/tom-gates-10-sasirtici-yetenekler-az-cok\/","title":{"rendered":"Tom Gates &#8211; 10 \u015ea\u015f\u0131rt\u0131c\u0131 Yetenekler (Az \u00c7ok&#8230;)"},"content":{"rendered":"<p>Yar\u0131y\u0131l tatili gelip \u00e7atm\u0131\u015ft\u0131r. Tom ve ailesi tatili \u00c7am A\u011fac\u0131 Y\u00f6resi ad\u0131ndaki bir kamp alan\u0131nda ge\u00e7irmeye karar verirler. \u0130nceledikleri bro\u015f\u00fcrlere g\u00f6re bu kamp alan\u0131 daha \u00f6nce gittikleri yerlerden \u00e7ok daha l\u00fcks g\u00f6r\u00fcnmektedir. \u00dcstelik \u00e7ad\u0131r yerine mobil villada kalacaklard\u0131r. Oysa hi\u00e7bir \u015fey planlad\u0131klar\u0131 gibi gitmez. Tatil boyunca ya\u011fmur ve binbir terslik pe\u015flerini b\u0131rakmaz. Neyse ki Tom\u2019un \u015fahane tatil g\u00fcnl\u00fc\u011f\u00fc ve yarat\u0131c\u0131 fikirleri imdada yeti\u015fir de t\u00fcm olumsuzlukara ra\u011fmen dolu dolu bir tatil ge\u00e7irmeyi ba\u015far\u0131rlar. 10. ser\u00fcveninde, yarat\u0131c\u0131 etkinlik ve \u00e7izim sayfalar\u0131yla okurlar\u0131n\u0131 kitapla daha da b\u00fct\u00fcnle\u015ftiren Tom Gates, parmak sinemas\u0131, folyodan \u00f6r\u00fcmcek yapma, pipet karalamas\u0131, Tatil \u00d6devi Metre gibi dahiyane bulu\u015flar\u0131yla \u00e7ocuklara e\u011flenceli bir okuma deneyimi vadediyor.  \u00d6zg\u00fcn i\u00e7eri\u011fi ve sayfa tasar\u0131m\u0131yla fark yaratan &#8220;Tom Gates&#8221; serisi, okuma g\u00fc\u00e7l\u00fc\u011f\u00fc \u00e7eken \u00e7ocuklar\u0131 kitaplar\u0131n renkli d\u00fcnyas\u0131yla bulu\u015fturarak \u00f6nemli bir misyon \u00fcstleniyor. <\/p>\n","protected":false},"excerpt":{"rendered":"<p>Yar\u0131y\u0131l tatili gelip \u00e7atm\u0131\u015ft\u0131r. Tom ve ailesi tatili \u00c7am A\u011fac\u0131 Y\u00f6resi ad\u0131ndaki bir kamp alan\u0131nda ge\u00e7irmeye karar verirler. \u0130nceledikleri bro\u015f\u00fcrlere g\u00f6re bu kamp alan\u0131 daha \u00f6nce<span class=\"excerpt-hellip\"> [\u2026]<\/span><\/p>\n","protected":false},"featured_media":0,"template":"","meta":{"_monsterinsights_skip_tracking":false,"_monsterinsights_sitenote_active":false,"_monsterinsights_sitenote_note":"","_monsterinsights_sitenote_category":0},"product_brand":[],"product_cat":[12275,12274],"product_tag":[],"class_list":{"0":"post-774807","1":"product","2":"type-product","3":"status-publish","5":"product_cat-6-12-yas-kitaplari","6":"product_cat-cocuk-ve-genclik-kitaplari","7":"pa_cilt-ciltli","8":"pa_tur-kitap","9":"pa_yayinevi-tudem-yayinlari","10":"pa_yazar-liz-pichon","12":"first","13":"instock","14":"sale","15":"shipping-taxable","16":"purchasable","17":"product-type-simple"},"_links":{"self":[{"href":"https:\/\/roveyayinevi.com.tr\/index.php\/wp-json\/wp\/v2\/product\/774807","targetHints":{"allow":["GET"]}}],"collection":[{"href":"https:\/\/roveyayinevi.com.tr\/index.php\/wp-json\/wp\/v2\/product"}],"about":[{"href":"https:\/\/roveyayinevi.com.tr\/index.php\/wp-json\/wp\/v2\/types\/product"}],"wp:attachment":[{"href":"https:\/\/roveyayinevi.com.tr\/index.php\/wp-json\/wp\/v2\/media?parent=774807"}],"wp:term":[{"taxonomy":"product_brand","embeddable":true,"href":"https:\/\/roveyayinevi.com.tr\/index.php\/wp-json\/wp\/v2\/product_brand?post=774807"},{"taxonomy":"product_cat","embeddable":true,"href":"https:\/\/roveyayinevi.com.tr\/index.php\/wp-json\/wp\/v2\/product_cat?post=774807"},{"taxonomy":"product_tag","embeddable":true,"href":"https:\/\/roveyayinevi.com.tr\/index.php\/wp-json\/wp\/v2\/product_tag?post=774807"}],"curies":[{"name":"wp","href":"https:\/\/api.w.org\/{rel}","templated":true}]}}