{"id":774806,"date":"2025-09-09T11:39:00","date_gmt":"2025-09-09T08:39:00","guid":{"rendered":"https:\/\/roveyayinevi.com.tr\/index.php\/urun\/deniz-ve-ben\/"},"modified":"2026-04-16T02:22:16","modified_gmt":"2026-04-15T23:22:16","slug":"deniz-ve-ben","status":"publish","type":"product","link":"https:\/\/roveyayinevi.com.tr\/index.php\/urun\/deniz-ve-ben\/","title":{"rendered":"Deniz ve Ben"},"content":{"rendered":"<p>Dedemle deniz yolculu\u011funa \u00e7\u0131kaca\u011f\u0131m\u0131z i\u00e7in o kadar mutluyum ki! Benim i\u00e7in deniz, i\u00e7inde bilinmeyenleri bar\u0131nd\u0131ran bamba\u015fka bir d\u00fcnya demek. Mavinin her tonunu g\u00f6rebilece\u011fim bir masal \u00fclkesi gibi\u2026 Hem yeni yerler ke\u015ffedece\u011fim hem farkl\u0131 canl\u0131lar\u0131 daha yak\u0131ndan tan\u0131yaca\u011f\u0131m hem de dedemle ba\u015f ba\u015fa zaman ge\u00e7irebilece\u011fim. Kalbim k\u00fc\u00e7\u00fck bir ku\u015fun kanat \u00e7\u0131rp\u0131\u015f\u0131 gibi p\u0131r p\u0131r ediyor. Daha \u00f6nce denemedi\u011fim \u015feyleri yapacak olman\u0131n tatl\u0131 heyecan\u0131 da var tabii. Kim bilir belki \u015fu an hayalini bile kuramad\u0131\u011f\u0131m g\u00fczellikte canl\u0131larla kar\u015f\u0131la\u015f\u0131r\u0131m ya da belki&#8230; kim bilebilir ki? Bildi\u011fim tek \u015fey yeni yolculuklar\u0131n, beraberinde yeni deneyimleri getirdi\u011fi. Bu keyifli ser\u00fcvende bana e\u015flik etmeye ne dersin? Haydi, topla bavulunu sen de. Benimki \u00e7oktan haz\u0131r! Ufac\u0131k bir tekneyle engin sulara a\u00e7\u0131lan ve mis gibi deniz kokan \u00f6yk\u00fc, \u00e7evre bilincinin \u00f6nemi kadar payla\u015f\u0131m\u0131n da de\u011ferini vurguluyor. <\/p>\n","protected":false},"excerpt":{"rendered":"<p>Dedemle deniz yolculu\u011funa \u00e7\u0131kaca\u011f\u0131m\u0131z i\u00e7in o kadar mutluyum ki! Benim i\u00e7in deniz, i\u00e7inde bilinmeyenleri bar\u0131nd\u0131ran bamba\u015fka bir d\u00fcnya demek. Mavinin her tonunu g\u00f6rebilece\u011fim bir masal \u00fclkesi<span class=\"excerpt-hellip\"> [\u2026]<\/span><\/p>\n","protected":false},"featured_media":0,"template":"","meta":{"_monsterinsights_skip_tracking":false,"_monsterinsights_sitenote_active":false,"_monsterinsights_sitenote_note":"","_monsterinsights_sitenote_category":0},"product_brand":[],"product_cat":[12275,12274],"product_tag":[],"class_list":{"0":"post-774806","1":"product","2":"type-product","3":"status-publish","5":"product_cat-6-12-yas-kitaplari","6":"product_cat-cocuk-ve-genclik-kitaplari","7":"pa_cilt-ciltsiz","8":"pa_tur-kitap","9":"pa_yayinevi-dogan-egmont-yayincilik","10":"pa_yazar-ahu-g-karagulle","12":"first","13":"instock","14":"sale","15":"shipping-taxable","16":"purchasable","17":"product-type-simple"},"_links":{"self":[{"href":"https:\/\/roveyayinevi.com.tr\/index.php\/wp-json\/wp\/v2\/product\/774806","targetHints":{"allow":["GET"]}}],"collection":[{"href":"https:\/\/roveyayinevi.com.tr\/index.php\/wp-json\/wp\/v2\/product"}],"about":[{"href":"https:\/\/roveyayinevi.com.tr\/index.php\/wp-json\/wp\/v2\/types\/product"}],"wp:attachment":[{"href":"https:\/\/roveyayinevi.com.tr\/index.php\/wp-json\/wp\/v2\/media?parent=774806"}],"wp:term":[{"taxonomy":"product_brand","embeddable":true,"href":"https:\/\/roveyayinevi.com.tr\/index.php\/wp-json\/wp\/v2\/product_brand?post=774806"},{"taxonomy":"product_cat","embeddable":true,"href":"https:\/\/roveyayinevi.com.tr\/index.php\/wp-json\/wp\/v2\/product_cat?post=774806"},{"taxonomy":"product_tag","embeddable":true,"href":"https:\/\/roveyayinevi.com.tr\/index.php\/wp-json\/wp\/v2\/product_tag?post=774806"}],"curies":[{"name":"wp","href":"https:\/\/api.w.org\/{rel}","templated":true}]}}