{"id":774804,"date":"2025-09-09T11:35:54","date_gmt":"2025-09-09T08:35:54","guid":{"rendered":"https:\/\/roveyayinevi.com.tr\/index.php\/urun\/turkiyede-ve-dunyada-casuslar\/"},"modified":"2026-04-16T02:21:43","modified_gmt":"2026-04-15T23:21:43","slug":"turkiyede-ve-dunyada-casuslar","status":"publish","type":"product","link":"https:\/\/roveyayinevi.com.tr\/index.php\/urun\/turkiyede-ve-dunyada-casuslar\/","title":{"rendered":"T\u00fcrkiye&#8217;de Ve D\u00fcnyada Casuslar"},"content":{"rendered":"<p>Fahi\u015feler ve ajanlar\u0131n yollar\u0131 neden hep kesi\u015fir? Giordano Bruno neden yak\u0131ld\u0131? Peki, Jeanne d\u2019Arc? James Bond filmlerinin kahramanlar\u0131 hangi ajanlardan esinlenerek yarat\u0131ld\u0131? Yunanistan\u2019\u0131n NATO\u2019ya d\u00f6nmesi konusunda Devlet Ba\u015fkan\u0131 Kenan Evren\u2019i kim ikna etti? Bu kitapta, bu ve daha bir\u00e7ok sorunun yan\u0131t\u0131n\u0131 bulacaks\u0131n\u0131z. Walter L. Pforzheimer, CIA\u2019den emekliye ayr\u0131lm\u0131\u015f \u00e7ok deneyimli bir casus. Ona g\u00f6re ilk casusluk olay\u0131 \u00c2dem ile Havva aras\u0131nda ge\u00e7ti. \u0130ncil\u2019in \u00fcnl\u00fc Y\u0131lan\u2019\u0131 ilk casus ve Havva da onun ilk Asset\u2019i idi. Arkeologlar, Suriye\u2019de g\u00fcn\u00fcm\u00fczden 3800 y\u0131l \u00f6nce yaz\u0131lm\u0131\u015f bir tu\u011fla tablette casuslardan yak\u0131n\u0131ld\u0131\u011f\u0131n\u0131 belirtiyorlar. On y\u0131llard\u0131r ulusal g\u00fcvenli\u011fi bo\u015flam\u0131\u015f iktidarlar\u0131n T\u00fcrkiye\u2019yi ne denli g\u00fcvenlik zaaf\u0131na u\u011fratt\u0131klar\u0131n\u0131n \u00f6rnekleriyle anlat\u0131ld\u0131\u011f\u0131 bu kitapta Aytun\u00e7 Alt\u0131ndal, \u201cDi\u011fer \u00fclkeler bir yana, o g\u00fcnlerden bu yana Anadolu topraklar\u0131 casuslar\u0131n en \u00e7ok g\u00f6nderildi\u011fi b\u00f6lgedir. So\u011fuk Sava\u015f y\u0131llar\u0131nda en iyimser tahminle ortalama 25 \u00fclkeden T\u00fcrkiye\u2019ye yakla\u015f\u0131k 10 bin casus, ajan vb. geldi. G\u00fcn\u00fcm\u00fczde bu say\u0131 3 bin 500 civar\u0131nda. Sadece Ankara\u2019da yakla\u015f\u0131k 280.290 deneyimli askeri personel, diplomat, istihbarat\u00e7\u0131 \u015fu ya da bu ama\u00e7la bilgi topluyor. Gerisini siz d\u00fc\u015f\u00fcn\u00fcn\u201d diyor. <\/p>\n","protected":false},"excerpt":{"rendered":"<p>Fahi\u015feler ve ajanlar\u0131n yollar\u0131 neden hep kesi\u015fir? Giordano Bruno neden yak\u0131ld\u0131? Peki, Jeanne d\u2019Arc? James Bond filmlerinin kahramanlar\u0131 hangi ajanlardan esinlenerek yarat\u0131ld\u0131? Yunanistan\u2019\u0131n NATO\u2019ya d\u00f6nmesi konusunda<span class=\"excerpt-hellip\"> [\u2026]<\/span><\/p>\n","protected":false},"featured_media":0,"template":"","meta":{"_monsterinsights_skip_tracking":false,"_monsterinsights_sitenote_active":false,"_monsterinsights_sitenote_note":"","_monsterinsights_sitenote_category":0},"product_brand":[],"product_cat":[12346,12337],"product_tag":[],"class_list":{"0":"post-774804","1":"product","2":"type-product","3":"status-publish","5":"product_cat-derin-siyaset-komplo-teorileri","6":"product_cat-politika-siyaset","7":"pa_cilt-ciltsiz","8":"pa_tur-kitap","9":"pa_yayinevi-destek-yayinlari","10":"pa_yazar-aytunc-altindal","12":"first","13":"instock","14":"sale","15":"shipping-taxable","16":"purchasable","17":"product-type-simple"},"_links":{"self":[{"href":"https:\/\/roveyayinevi.com.tr\/index.php\/wp-json\/wp\/v2\/product\/774804","targetHints":{"allow":["GET"]}}],"collection":[{"href":"https:\/\/roveyayinevi.com.tr\/index.php\/wp-json\/wp\/v2\/product"}],"about":[{"href":"https:\/\/roveyayinevi.com.tr\/index.php\/wp-json\/wp\/v2\/types\/product"}],"wp:attachment":[{"href":"https:\/\/roveyayinevi.com.tr\/index.php\/wp-json\/wp\/v2\/media?parent=774804"}],"wp:term":[{"taxonomy":"product_brand","embeddable":true,"href":"https:\/\/roveyayinevi.com.tr\/index.php\/wp-json\/wp\/v2\/product_brand?post=774804"},{"taxonomy":"product_cat","embeddable":true,"href":"https:\/\/roveyayinevi.com.tr\/index.php\/wp-json\/wp\/v2\/product_cat?post=774804"},{"taxonomy":"product_tag","embeddable":true,"href":"https:\/\/roveyayinevi.com.tr\/index.php\/wp-json\/wp\/v2\/product_tag?post=774804"}],"curies":[{"name":"wp","href":"https:\/\/api.w.org\/{rel}","templated":true}]}}