{"id":774801,"date":"2025-09-09T11:34:25","date_gmt":"2025-09-09T08:34:25","guid":{"rendered":"https:\/\/roveyayinevi.com.tr\/index.php\/urun\/sonrasi-yok\/"},"modified":"2026-04-16T02:21:38","modified_gmt":"2026-04-15T23:21:38","slug":"sonrasi-yok","status":"publish","type":"product","link":"https:\/\/roveyayinevi.com.tr\/index.php\/urun\/sonrasi-yok\/","title":{"rendered":"Sonras\u0131 Yok"},"content":{"rendered":"<p>Gitti&#8230; Sadece ben de\u011fil b\u00fct\u00fcn d\u00fcnya bakakald\u0131 sanki ard\u0131ndan, b\u00fct\u00fcn sesleri sustu yery\u00fcz\u00fcn\u00fcn, g\u00fcl\u00fcmsemelerin yerini as\u0131k suratlar ald\u0131, ak\u015fam ezan\u0131yla d\u00f6nmedi \u00e7ocuklar evlerine, Hanife han\u0131m teyze kesmedi bah\u00e7esine ka\u00e7an topu, sabah namaz\u0131na kalkmad\u0131 dedem, sis de\u011fil leblebi tozu \u00e7\u00f6kt\u00fc \u00fcst\u00fcm\u00fcze, nefes almak \u00f6ks\u00fcrt\u00fcyordu art\u0131k. Gitti. Yutkunamad\u0131m bile, g\u00f6zlerim ya\u015f dolmad\u0131, dilim d\u00f6nmedi, ad\u0131n\u0131 m\u0131r\u0131ldanamad\u0131m, kalp ritmim bozulmad\u0131. Bir r\u00fczgar esti ve sara n\u00f6betine tutulmu\u015f gibi kesik kesik \u00e7\u0131rp\u0131nd\u0131 yapraklar. O gitti ve durdu zaman. Yery\u00fcz\u00fc, ben ve b\u00fct\u00fcn \u00e7ocuklar, leblebi tozu kadar \u00f6l\u00fcms\u00fczd\u00fck o an. <\/p>\n","protected":false},"excerpt":{"rendered":"<p>Gitti&#8230; Sadece ben de\u011fil b\u00fct\u00fcn d\u00fcnya bakakald\u0131 sanki ard\u0131ndan, b\u00fct\u00fcn sesleri sustu yery\u00fcz\u00fcn\u00fcn, g\u00fcl\u00fcmsemelerin yerini as\u0131k suratlar ald\u0131, ak\u015fam ezan\u0131yla d\u00f6nmedi \u00e7ocuklar evlerine, Hanife han\u0131m teyze<span class=\"excerpt-hellip\"> [\u2026]<\/span><\/p>\n","protected":false},"featured_media":0,"template":"","meta":{"_monsterinsights_skip_tracking":false,"_monsterinsights_sitenote_active":false,"_monsterinsights_sitenote_note":"","_monsterinsights_sitenote_category":0},"product_brand":[],"product_cat":[12777,12291],"product_tag":[],"class_list":{"0":"post-774801","1":"product","2":"type-product","3":"status-publish","5":"product_cat-deneme","6":"product_cat-edebiyat","7":"pa_cilt-ciltsiz","8":"pa_tur-kitap","9":"pa_yayinevi-hayykitap","10":"pa_yazar-caner-yaman","12":"first","13":"instock","14":"sale","15":"shipping-taxable","16":"purchasable","17":"product-type-simple"},"_links":{"self":[{"href":"https:\/\/roveyayinevi.com.tr\/index.php\/wp-json\/wp\/v2\/product\/774801","targetHints":{"allow":["GET"]}}],"collection":[{"href":"https:\/\/roveyayinevi.com.tr\/index.php\/wp-json\/wp\/v2\/product"}],"about":[{"href":"https:\/\/roveyayinevi.com.tr\/index.php\/wp-json\/wp\/v2\/types\/product"}],"wp:attachment":[{"href":"https:\/\/roveyayinevi.com.tr\/index.php\/wp-json\/wp\/v2\/media?parent=774801"}],"wp:term":[{"taxonomy":"product_brand","embeddable":true,"href":"https:\/\/roveyayinevi.com.tr\/index.php\/wp-json\/wp\/v2\/product_brand?post=774801"},{"taxonomy":"product_cat","embeddable":true,"href":"https:\/\/roveyayinevi.com.tr\/index.php\/wp-json\/wp\/v2\/product_cat?post=774801"},{"taxonomy":"product_tag","embeddable":true,"href":"https:\/\/roveyayinevi.com.tr\/index.php\/wp-json\/wp\/v2\/product_tag?post=774801"}],"curies":[{"name":"wp","href":"https:\/\/api.w.org\/{rel}","templated":true}]}}