{"id":774800,"date":"2025-09-09T11:34:23","date_gmt":"2025-09-09T08:34:23","guid":{"rendered":"https:\/\/roveyayinevi.com.tr\/index.php\/urun\/degisme-istegi-erkekler-erkeklik-ve-sevgi\/"},"modified":"2026-04-16T02:21:38","modified_gmt":"2026-04-15T23:21:38","slug":"degisme-istegi-erkekler-erkeklik-ve-sevgi","status":"publish","type":"product","link":"https:\/\/roveyayinevi.com.tr\/index.php\/urun\/degisme-istegi-erkekler-erkeklik-ve-sevgi\/","title":{"rendered":"De\u011fi\u015fme \u0130ste\u011fi Erkekler, Erkeklik Ve Sevgi"},"content":{"rendered":"<p>De\u011fi\u015fme \u0130ste\u011fi: Erkekler, Erkeklik ve Sevgi kitab\u0131nda bell hooks, ataerkinin erkekli\u011fi nas\u0131l \u015fekillendirdi\u011fini ve ataerkinin erkeklerin hayat\u0131 \u00fczerindeki iktidar\u0131n\u0131 nas\u0131l s\u00fcrd\u00fcrd\u00fc\u011f\u00fcn\u00fc tart\u0131\u015fmaya a\u00e7\u0131yor. Ataerkinin erkekleri kendilerini tan\u0131maktan ve sevmekten nas\u0131l al\u0131koydu\u011funu anlat\u0131yor. Sevmeyi \u00f6\u011frenmek ve ger\u00e7ek anlamda \u00f6zg\u00fcrle\u015febilmek i\u00e7in erkeklerin ataerkiye meydan okuyarak h\u00fckmetme iste\u011finden vazge\u00e7ebilmeleri gerekiyor. Feminist d\u00fc\u015f\u00fcnce ve pratik, erkekli\u011fin i\u00e7inde bulundu\u011fu krizi anlayabilmenin tek yolu. Erkeklerin de\u011fi\u015fmeyi istemedikleri do\u011fru de\u011fil ama; de\u011fi\u015fmekten korktuklar\u0131 do\u011fru. Sevmeyi \u00f6\u011frenebilmek, de\u011fi\u015fme cesaretini g\u00f6sterebilmek i\u00e7in bell hooks erkekleri feminizme yakla\u015fmaya, kendi mutluluklar\u0131 ve \u00f6zg\u00fcrl\u00fckleri i\u00e7in feminizmi talep etmeye \u00e7a\u011f\u0131r\u0131yor. \ufffcTan\u0131t\u0131m Metni<\/p>\n","protected":false},"excerpt":{"rendered":"<p>De\u011fi\u015fme \u0130ste\u011fi: Erkekler, Erkeklik ve Sevgi kitab\u0131nda bell hooks, ataerkinin erkekli\u011fi nas\u0131l \u015fekillendirdi\u011fini ve ataerkinin erkeklerin hayat\u0131 \u00fczerindeki iktidar\u0131n\u0131 nas\u0131l s\u00fcrd\u00fcrd\u00fc\u011f\u00fcn\u00fc tart\u0131\u015fmaya a\u00e7\u0131yor. Ataerkinin erkekleri kendilerini<span class=\"excerpt-hellip\"> [\u2026]<\/span><\/p>\n","protected":false},"featured_media":0,"template":"","meta":{"_monsterinsights_skip_tracking":false,"_monsterinsights_sitenote_active":false,"_monsterinsights_sitenote_note":"","_monsterinsights_sitenote_category":0},"product_brand":[],"product_cat":[14741,13488],"product_tag":[],"class_list":{"0":"post-774800","1":"product","2":"type-product","3":"status-publish","5":"product_cat-kadin-sorunlari-feminizm","6":"product_cat-toplum-ve-insan","7":"pa_cilt-ciltsiz","8":"pa_tur-kitap","9":"pa_yayinevi-bgst-yayinlari","10":"pa_yazar-bell-hooks","12":"first","13":"instock","14":"sale","15":"shipping-taxable","16":"purchasable","17":"product-type-simple"},"_links":{"self":[{"href":"https:\/\/roveyayinevi.com.tr\/index.php\/wp-json\/wp\/v2\/product\/774800","targetHints":{"allow":["GET"]}}],"collection":[{"href":"https:\/\/roveyayinevi.com.tr\/index.php\/wp-json\/wp\/v2\/product"}],"about":[{"href":"https:\/\/roveyayinevi.com.tr\/index.php\/wp-json\/wp\/v2\/types\/product"}],"wp:attachment":[{"href":"https:\/\/roveyayinevi.com.tr\/index.php\/wp-json\/wp\/v2\/media?parent=774800"}],"wp:term":[{"taxonomy":"product_brand","embeddable":true,"href":"https:\/\/roveyayinevi.com.tr\/index.php\/wp-json\/wp\/v2\/product_brand?post=774800"},{"taxonomy":"product_cat","embeddable":true,"href":"https:\/\/roveyayinevi.com.tr\/index.php\/wp-json\/wp\/v2\/product_cat?post=774800"},{"taxonomy":"product_tag","embeddable":true,"href":"https:\/\/roveyayinevi.com.tr\/index.php\/wp-json\/wp\/v2\/product_tag?post=774800"}],"curies":[{"name":"wp","href":"https:\/\/api.w.org\/{rel}","templated":true}]}}