{"id":774799,"date":"2025-09-09T11:34:10","date_gmt":"2025-09-09T08:34:10","guid":{"rendered":"https:\/\/roveyayinevi.com.tr\/index.php\/urun\/dilek-agaci-2\/"},"modified":"2026-04-08T02:28:02","modified_gmt":"2026-04-07T23:28:02","slug":"dilek-agaci-2","status":"publish","type":"product","link":"https:\/\/roveyayinevi.com.tr\/index.php\/urun\/dilek-agaci-2\/","title":{"rendered":"Dilek A\u011fac\u0131"},"content":{"rendered":"<p>Merhaba. Ben bir k\u0131z\u0131lme\u015feyim. Pufidik yavru bayku\u015flara dallar\u0131mdan be\u015fik yapar\u0131m. \u00c7al\u0131\u015fkan sincaplara bar\u0131nak sa\u011flar\u0131m. \u00c7evreme s\u0131cak yaz g\u00fcnlerinde serin g\u00f6lgeler sunar\u0131m. Fotosentez yapar\u0131m. Ve daha bir\u00e7ok \u015fey\u2026 Ya\u015fad\u0131\u011f\u0131m mahallede insanlar may\u0131s ay\u0131n\u0131n ilk g\u00fcn\u00fc beni ziyaret edip dilek dilerler. \u00c7\u00fcnk\u00fc ben ayn\u0131 zamanda bir dilek a\u011fac\u0131y\u0131m.Hayallerin, \u00f6zlemlerin ve umutlar\u0131n f\u0131s\u0131ldand\u0131\u011f\u0131 bir dilek a\u011fac\u0131. \u0130nsanlarla asla konu\u015fmam. Bu bir kural. Do\u011fadaki t\u00fcm canl\u0131lar uyar bu kurala, kendi g\u00fcvenli\u011fi i\u00e7in. Ama \u015fimdi bir istisna yapaca\u011f\u0131m ve size bir hikaye anlataca\u011f\u0131m. Kulaklar\u0131n\u0131z\u0131 d\u00f6rt a\u00e7\u0131n&#8230; \u00c7a\u011fda\u015f \u00e7ocuk edebiyat\u0131n\u0131n \u00f6d\u00fcll\u00fc yazar\u0131 Katherine Applegate\u2019in usta kaleminden hayal g\u00fcc\u00fc, dostluk, ho\u015fg\u00f6r\u00fc ve farkl\u0131l\u0131klar\u0131 kabullenmeye dair yemye\u015fil bir davet. <\/p>\n","protected":false},"excerpt":{"rendered":"<p>Merhaba. Ben bir k\u0131z\u0131lme\u015feyim. Pufidik yavru bayku\u015flara dallar\u0131mdan be\u015fik yapar\u0131m. \u00c7al\u0131\u015fkan sincaplara bar\u0131nak sa\u011flar\u0131m. \u00c7evreme s\u0131cak yaz g\u00fcnlerinde serin g\u00f6lgeler sunar\u0131m. Fotosentez yapar\u0131m. Ve daha bir\u00e7ok<span class=\"excerpt-hellip\"> [\u2026]<\/span><\/p>\n","protected":false},"featured_media":0,"template":"","meta":{"_monsterinsights_skip_tracking":false,"_monsterinsights_sitenote_active":false,"_monsterinsights_sitenote_note":"","_monsterinsights_sitenote_category":0},"product_brand":[],"product_cat":[12291,12711],"product_tag":[],"class_list":{"0":"post-774799","1":"product","2":"type-product","3":"status-publish","5":"product_cat-edebiyat","6":"product_cat-roman-oyku","7":"pa_cilt-ciltsiz","8":"pa_tur-kitap","9":"pa_yayinevi-dogan-egmont-yayincilik","10":"pa_yazar-katherine-applegate","12":"first","13":"instock","14":"sale","15":"shipping-taxable","16":"purchasable","17":"product-type-simple"},"_links":{"self":[{"href":"https:\/\/roveyayinevi.com.tr\/index.php\/wp-json\/wp\/v2\/product\/774799","targetHints":{"allow":["GET"]}}],"collection":[{"href":"https:\/\/roveyayinevi.com.tr\/index.php\/wp-json\/wp\/v2\/product"}],"about":[{"href":"https:\/\/roveyayinevi.com.tr\/index.php\/wp-json\/wp\/v2\/types\/product"}],"wp:attachment":[{"href":"https:\/\/roveyayinevi.com.tr\/index.php\/wp-json\/wp\/v2\/media?parent=774799"}],"wp:term":[{"taxonomy":"product_brand","embeddable":true,"href":"https:\/\/roveyayinevi.com.tr\/index.php\/wp-json\/wp\/v2\/product_brand?post=774799"},{"taxonomy":"product_cat","embeddable":true,"href":"https:\/\/roveyayinevi.com.tr\/index.php\/wp-json\/wp\/v2\/product_cat?post=774799"},{"taxonomy":"product_tag","embeddable":true,"href":"https:\/\/roveyayinevi.com.tr\/index.php\/wp-json\/wp\/v2\/product_tag?post=774799"}],"curies":[{"name":"wp","href":"https:\/\/api.w.org\/{rel}","templated":true}]}}