{"id":774798,"date":"2025-09-09T11:33:41","date_gmt":"2025-09-09T08:33:41","guid":{"rendered":"https:\/\/roveyayinevi.com.tr\/index.php\/urun\/sansliyim-sanssizim\/"},"modified":"2026-04-16T02:21:08","modified_gmt":"2026-04-15T23:21:08","slug":"sansliyim-sanssizim","status":"publish","type":"product","link":"https:\/\/roveyayinevi.com.tr\/index.php\/urun\/sansliyim-sanssizim\/","title":{"rendered":"\u015eansl\u0131y\u0131m! \u015eanss\u0131z\u0131m!"},"content":{"rendered":"<p>Amanda\u2019n\u0131n can\u0131 o g\u00fcn d\u0131\u015far\u0131 \u00e7\u0131kmak istedi. Ne kadar \u015fansl\u0131yd\u0131! Evde kalsayd\u0131 \u00e7ok s\u0131k\u0131lacakt\u0131. Ya da&#8230; Amanda\u2019n\u0131n can\u0131 o g\u00fcn d\u0131\u015far\u0131 \u00e7\u0131kmak istedi. Ne kadar \u015fanss\u0131zd\u0131! Evde kalsayd\u0131 \u00e7ok e\u011flenecekti.Thomas Halling \u015eansl\u0131y\u0131m!\/\u015eanss\u0131z\u0131m!\u2019da ayn\u0131 g\u00fcne dair iki farkl\u0131 hik\u00e2ye anlat\u0131yor.Yazar ya\u015fad\u0131klar\u0131m\u0131z\u0131 nas\u0131l yorumlad\u0131\u011f\u0131m\u0131z sorusunun pe\u015fine d\u00fc\u015ferek, kendini \u015fansl\u0131 ya \u015fanss\u0131z hissetmenin ki\u015finin bak\u0131\u015f a\u00e7\u0131s\u0131yla nas\u0131l yak\u0131ndan alakal\u0131 oldu\u011funu g\u00f6steriyor. \u0130yi ve k\u00f6t\u00fc, \u015fans ve \u015fanss\u0131zl\u0131k kavramlar\u0131 \u00fczerine sorular soran ve olaylara \u00e7oky\u00f6nl\u00fc bakmay\u0131 \u00f6\u011freten e\u011flenceli bir hikaye.<\/p>\n","protected":false},"excerpt":{"rendered":"<p>Amanda\u2019n\u0131n can\u0131 o g\u00fcn d\u0131\u015far\u0131 \u00e7\u0131kmak istedi. Ne kadar \u015fansl\u0131yd\u0131! Evde kalsayd\u0131 \u00e7ok s\u0131k\u0131lacakt\u0131. Ya da&#8230; Amanda\u2019n\u0131n can\u0131 o g\u00fcn d\u0131\u015far\u0131 \u00e7\u0131kmak istedi. Ne kadar \u015fanss\u0131zd\u0131!<span class=\"excerpt-hellip\"> [\u2026]<\/span><\/p>\n","protected":false},"featured_media":0,"template":"","meta":{"_monsterinsights_skip_tracking":false,"_monsterinsights_sitenote_active":false,"_monsterinsights_sitenote_note":"","_monsterinsights_sitenote_category":0},"product_brand":[],"product_cat":[12275,12274],"product_tag":[],"class_list":{"0":"post-774798","1":"product","2":"type-product","3":"status-publish","5":"product_cat-6-12-yas-kitaplari","6":"product_cat-cocuk-ve-genclik-kitaplari","7":"pa_cilt-ciltsiz","8":"pa_tur-kitap","9":"pa_yayinevi-iletisim-yayinlari","10":"pa_yazar-thomas-halling-eva-eriksson","12":"first","13":"instock","14":"sale","15":"shipping-taxable","16":"purchasable","17":"product-type-simple"},"_links":{"self":[{"href":"https:\/\/roveyayinevi.com.tr\/index.php\/wp-json\/wp\/v2\/product\/774798","targetHints":{"allow":["GET"]}}],"collection":[{"href":"https:\/\/roveyayinevi.com.tr\/index.php\/wp-json\/wp\/v2\/product"}],"about":[{"href":"https:\/\/roveyayinevi.com.tr\/index.php\/wp-json\/wp\/v2\/types\/product"}],"wp:attachment":[{"href":"https:\/\/roveyayinevi.com.tr\/index.php\/wp-json\/wp\/v2\/media?parent=774798"}],"wp:term":[{"taxonomy":"product_brand","embeddable":true,"href":"https:\/\/roveyayinevi.com.tr\/index.php\/wp-json\/wp\/v2\/product_brand?post=774798"},{"taxonomy":"product_cat","embeddable":true,"href":"https:\/\/roveyayinevi.com.tr\/index.php\/wp-json\/wp\/v2\/product_cat?post=774798"},{"taxonomy":"product_tag","embeddable":true,"href":"https:\/\/roveyayinevi.com.tr\/index.php\/wp-json\/wp\/v2\/product_tag?post=774798"}],"curies":[{"name":"wp","href":"https:\/\/api.w.org\/{rel}","templated":true}]}}