{"id":774796,"date":"2025-09-09T11:32:16","date_gmt":"2025-09-09T08:32:16","guid":{"rendered":"https:\/\/roveyayinevi.com.tr\/index.php\/urun\/her-gun-biraz-daha-yakin\/"},"modified":"2026-04-16T02:21:04","modified_gmt":"2026-04-15T23:21:04","slug":"her-gun-biraz-daha-yakin","status":"publish","type":"product","link":"https:\/\/roveyayinevi.com.tr\/index.php\/urun\/her-gun-biraz-daha-yakin\/","title":{"rendered":"Her G\u00fcn Biraz Daha Yak\u0131n"},"content":{"rendered":"<p>Ginny Elkin psikiyatri d\u00fcnyas\u0131n\u0131n \u201c\u015fizoit\u201d olarak tan\u0131mlayaca\u011f\u0131, sorunlar\u0131 olan gen\u00e7 ve yetenekli bir yazard\u0131r. Farkl\u0131 terapi t\u00fcrlerini deneyip ilerleme kaydedemeyen Ginny sonunda Dr. Irvin Yalom\u2019la bire bir terapi seanslar\u0131na ba\u015flar. Terapinin bir par\u00e7as\u0131 olarak da her bir seans\u0131n ard\u0131ndan ikisi de ayr\u0131 ayr\u0131 raporlar haz\u0131rlay\u0131p, \u00fczerinden alt\u0131 ay ge\u00e7meden bu raporlar\u0131 okumayacaklar\u0131 konusunda anla\u015f\u0131rlar. Her G\u00fcn Biraz Daha Yak\u0131n, Ginny Elkin ve Irvin Yalom\u2019un seanslar \u00fczerine haz\u0131rlad\u0131klar\u0131 bu raporlardan, terap\u00f6tik ili\u015fkileriyle ilgili kaydettikleri duygu ve d\u00fc\u015f\u00fcncelerden olu\u015fmaktad\u0131r.Her G\u00fcn Biraz Daha Yak\u0131n, psikiyatr ve hastan\u0131n birbirleri hakk\u0131ndaki d\u00fc\u015f\u00fcncelerine ayn\u0131 anda \u015fahitlik etme imk\u00e2n\u0131 buldu\u011funuz ilk kitap olma \u00f6zelli\u011fini ta\u015f\u0131yor ve sizi kapal\u0131 kap\u0131lar ard\u0131ndaki terapi seanslar\u0131n\u0131 g\u00f6zlemlemeye davet ediyor.\u201c\u0130fade g\u00fcc\u00fc kuvvetli olan hastalar\u0131 tedavi etmek her zaman kolay olmaz. Amerika\u2019n\u0131n en iyi psikoterapistinin \u00e7etin bir hastas\u0131yla her seansta nas\u0131l derinliklere ula\u015ft\u0131\u011f\u0131n\u0131 g\u00f6rmek b\u00fcy\u00fck bir ayr\u0131cal\u0131k. Psikoterapi alan\u0131ndaki faydalar\u0131 haricinde bu kitap ayn\u0131 zamanda iki insan\u0131n g\u00fc\u00e7l\u00fc ve zay\u0131f yanlar\u0131n\u0131 kar\u015f\u0131l\u0131kl\u0131 olarak payla\u015fmas\u0131n\u0131 anlat\u0131yor ve hem edebi bir metin hem de bilgece, d\u00fcr\u00fcst\u00e7e bir ders niteli\u011finde okunabiliyor.\u201dAlex Comfort <\/p>\n","protected":false},"excerpt":{"rendered":"<p>Ginny Elkin psikiyatri d\u00fcnyas\u0131n\u0131n \u201c\u015fizoit\u201d olarak tan\u0131mlayaca\u011f\u0131, sorunlar\u0131 olan gen\u00e7 ve yetenekli bir yazard\u0131r. Farkl\u0131 terapi t\u00fcrlerini deneyip ilerleme kaydedemeyen Ginny sonunda Dr. Irvin Yalom\u2019la bire<span class=\"excerpt-hellip\"> [\u2026]<\/span><\/p>\n","protected":false},"featured_media":0,"template":"","meta":{"_monsterinsights_skip_tracking":false,"_monsterinsights_sitenote_active":false,"_monsterinsights_sitenote_note":"","_monsterinsights_sitenote_category":0},"product_brand":[],"product_cat":[20502,12357],"product_tag":[],"class_list":{"0":"post-774796","1":"product","2":"type-product","3":"status-publish","5":"product_cat-basvuru-kitaplari-psikoloji","6":"product_cat-psikoloji","7":"pa_cilt-ciltsiz","8":"pa_tur-kitap","9":"pa_yayinevi-pegasus-yayinlari","10":"pa_yazar-irvin-d-yalom","12":"first","13":"instock","14":"sale","15":"shipping-taxable","16":"purchasable","17":"product-type-simple"},"_links":{"self":[{"href":"https:\/\/roveyayinevi.com.tr\/index.php\/wp-json\/wp\/v2\/product\/774796","targetHints":{"allow":["GET"]}}],"collection":[{"href":"https:\/\/roveyayinevi.com.tr\/index.php\/wp-json\/wp\/v2\/product"}],"about":[{"href":"https:\/\/roveyayinevi.com.tr\/index.php\/wp-json\/wp\/v2\/types\/product"}],"wp:attachment":[{"href":"https:\/\/roveyayinevi.com.tr\/index.php\/wp-json\/wp\/v2\/media?parent=774796"}],"wp:term":[{"taxonomy":"product_brand","embeddable":true,"href":"https:\/\/roveyayinevi.com.tr\/index.php\/wp-json\/wp\/v2\/product_brand?post=774796"},{"taxonomy":"product_cat","embeddable":true,"href":"https:\/\/roveyayinevi.com.tr\/index.php\/wp-json\/wp\/v2\/product_cat?post=774796"},{"taxonomy":"product_tag","embeddable":true,"href":"https:\/\/roveyayinevi.com.tr\/index.php\/wp-json\/wp\/v2\/product_tag?post=774796"}],"curies":[{"name":"wp","href":"https:\/\/api.w.org\/{rel}","templated":true}]}}