{"id":774794,"date":"2025-09-09T11:30:34","date_gmt":"2025-09-09T08:30:34","guid":{"rendered":"https:\/\/roveyayinevi.com.tr\/index.php\/urun\/hayal-defterim-3\/"},"modified":"2026-04-16T02:20:58","modified_gmt":"2026-04-15T23:20:58","slug":"hayal-defterim-3","status":"publish","type":"product","link":"https:\/\/roveyayinevi.com.tr\/index.php\/urun\/hayal-defterim-3\/","title":{"rendered":"Hayal Defterim"},"content":{"rendered":"<p>rkesin bir hayal defteri olmal\u0131&#8230; \u0130stedi\u011fini yazmal\u0131, \u00f6zg\u00fcrce \u00e7izmeli. Bu defter de senin hayal defterin olsun. \u00dcstelik i\u00e7inde \u00f6yk\u00fc, \u015fiir ve masal t\u00fcrlerinde yaz\u0131 yazmak ve resim \u00e7izmek i\u00e7in \u00f6neriler var. Onlar\u0131 oku, \u00f6\u011fren, uygula. Veee yaz\u0131p \u00e7izdiklerini mutlaka sakla. \u00c7\u00fcnk\u00fc hayal g\u00fcc\u00fcyle \u00fcretilen her \u015fey saklamaya de\u011fer. Haydi! Yaz, \u00e7iz, e\u011flen! <\/p>\n","protected":false},"excerpt":{"rendered":"<p>rkesin bir hayal defteri olmal\u0131&#8230; \u0130stedi\u011fini yazmal\u0131, \u00f6zg\u00fcrce \u00e7izmeli. Bu defter de senin hayal defterin olsun. \u00dcstelik i\u00e7inde \u00f6yk\u00fc, \u015fiir ve masal t\u00fcrlerinde yaz\u0131 yazmak ve<span class=\"excerpt-hellip\"> [\u2026]<\/span><\/p>\n","protected":false},"featured_media":0,"template":"","meta":{"_monsterinsights_skip_tracking":false,"_monsterinsights_sitenote_active":false,"_monsterinsights_sitenote_note":"","_monsterinsights_sitenote_category":0},"product_brand":[],"product_cat":[12275,12274],"product_tag":[],"class_list":{"0":"post-774794","1":"product","2":"type-product","3":"status-publish","5":"product_cat-6-12-yas-kitaplari","6":"product_cat-cocuk-ve-genclik-kitaplari","7":"pa_cilt-ciltsiz","8":"pa_tur-kitap","9":"pa_yayinevi-dogan-egmont-yayincilik","10":"pa_yazar-omur-kurt","12":"first","13":"instock","14":"sale","15":"shipping-taxable","16":"purchasable","17":"product-type-simple"},"_links":{"self":[{"href":"https:\/\/roveyayinevi.com.tr\/index.php\/wp-json\/wp\/v2\/product\/774794","targetHints":{"allow":["GET"]}}],"collection":[{"href":"https:\/\/roveyayinevi.com.tr\/index.php\/wp-json\/wp\/v2\/product"}],"about":[{"href":"https:\/\/roveyayinevi.com.tr\/index.php\/wp-json\/wp\/v2\/types\/product"}],"wp:attachment":[{"href":"https:\/\/roveyayinevi.com.tr\/index.php\/wp-json\/wp\/v2\/media?parent=774794"}],"wp:term":[{"taxonomy":"product_brand","embeddable":true,"href":"https:\/\/roveyayinevi.com.tr\/index.php\/wp-json\/wp\/v2\/product_brand?post=774794"},{"taxonomy":"product_cat","embeddable":true,"href":"https:\/\/roveyayinevi.com.tr\/index.php\/wp-json\/wp\/v2\/product_cat?post=774794"},{"taxonomy":"product_tag","embeddable":true,"href":"https:\/\/roveyayinevi.com.tr\/index.php\/wp-json\/wp\/v2\/product_tag?post=774794"}],"curies":[{"name":"wp","href":"https:\/\/api.w.org\/{rel}","templated":true}]}}