{"id":774791,"date":"2025-09-09T11:29:50","date_gmt":"2025-09-09T08:29:50","guid":{"rendered":"https:\/\/roveyayinevi.com.tr\/index.php\/urun\/justice-league-darkseid-savasi-tanrilarin-gucu\/"},"modified":"2026-04-16T02:20:56","modified_gmt":"2026-04-15T23:20:56","slug":"justice-league-darkseid-savasi-tanrilarin-gucu","status":"publish","type":"product","link":"https:\/\/roveyayinevi.com.tr\/index.php\/urun\/justice-league-darkseid-savasi-tanrilarin-gucu\/","title":{"rendered":"Justice League Darkseid Sava\u015f\u0131 &#8211; Tanr\u0131lar\u0131n G\u00fcc\u00fc"},"content":{"rendered":"<p>Geoff Johns\u2019un \u00e7ok satan hik\u00e2yesi JUSTICE LEAGUE: DARKSEID SAVA\u015eI\u2019n\u0131n sayfalar\u0131ndan hi\u00e7 g\u00f6rmedi\u011finiz bir Justice League geliyor, Tanr\u0131lar\u0131n g\u00fc\u00e7leriyle birlikte! Evrendeki en b\u00fcy\u00fck k\u00f6t\u00fcl\u00fck yok olmu\u015ftu. Darkseid, Apokolips\u2019in h\u00fck\u00fcmdar\u0131 \u00f6lm\u00fc\u015ft\u00fc. Ama bir tanr\u0131n\u0131n \u00f6l\u00fcm\u00fcn\u00fcn sonu\u00e7lar\u0131 olacakt\u0131r. Ve \u015fimdi Justice League, D\u00fcnya\u2019n\u0131n en b\u00fcy\u00fck kahramanlar\u0131, kendilerini ak\u0131l almaz g\u00fc\u00e7ler kazanm\u0131\u015f olarak buldular. Ama b\u00fct\u00fcn bu g\u00fcc\u00fcn bir bedeli vard\u0131r ve Justice League\u2019in kahramanlar\u0131 i\u00e7in bu g\u00fcc\u00fcn bedeli insanl\u0131klar\u0131 olabilir. \u015eimdi Batman Bilgi Tanr\u0131s\u0131\u2019n\u0131n g\u00fcc\u00fcyle hi\u00e7 durmaks\u0131z\u0131n \u00e7al\u0131\u015f\u0131yor. Kuvvet Tanr\u0131s\u0131 Superman insanlar\u0131 kendisinden a\u015fa\u011f\u0131 g\u00f6r\u00fcyor. Flash ise \u00d6l\u00fcm Tanr\u0131s\u0131 olarak kaderinden ka\u00e7mak i\u00e7in ko\u015fuyor. Green Lantern I\u015f\u0131k Tanr\u0131s\u0131\u2019n\u0131n g\u00fcc\u00fcn\u00fc kontrol etmeye \u00e7al\u0131\u015f\u0131yor. Shazam b\u00fct\u00fcn tanr\u0131lar\u0131n ba\u015f\u0131 olarak Tanr\u0131lar\u0131n Tanr\u0131s\u0131 unvan\u0131na al\u0131\u015f\u0131yor. Ve Lex Luthor&#8230; &#8230; Darkseid\u2019\u0131n y\u0131k\u0131ld\u0131\u011f\u0131 yerde, onun yerine Lex Luthor y\u00fckselecek! D\u00fcnya\u2019n\u0131n en b\u00fcy\u00fck kahramanlar\u0131 insanl\u0131klar\u0131n\u0131 geri kazanamazlarsa kendi yok olu\u015flar\u0131na sebep olacaklar! <\/p>\n","protected":false},"excerpt":{"rendered":"<p>Geoff Johns\u2019un \u00e7ok satan hik\u00e2yesi JUSTICE LEAGUE: DARKSEID SAVA\u015eI\u2019n\u0131n sayfalar\u0131ndan hi\u00e7 g\u00f6rmedi\u011finiz bir Justice League geliyor, Tanr\u0131lar\u0131n g\u00fc\u00e7leriyle birlikte! Evrendeki en b\u00fcy\u00fck k\u00f6t\u00fcl\u00fck yok olmu\u015ftu. Darkseid,<span class=\"excerpt-hellip\"> [\u2026]<\/span><\/p>\n","protected":false},"featured_media":0,"template":"","meta":{"_monsterinsights_skip_tracking":false,"_monsterinsights_sitenote_active":false,"_monsterinsights_sitenote_note":"","_monsterinsights_sitenote_category":0},"product_brand":[],"product_cat":[12689,12274],"product_tag":[],"class_list":{"0":"post-774791","1":"product","2":"type-product","3":"status-publish","5":"product_cat-cizgi-roman-cocuk-ve-genclik-kitaplari","6":"product_cat-cocuk-ve-genclik-kitaplari","7":"pa_cilt-ciltsiz","8":"pa_tur-kitap","9":"pa_yayinevi-yapi-kredi-yayinlari","10":"pa_yazar-geoff-johns-tom-king-francis-manapul","12":"first","13":"instock","14":"sale","15":"shipping-taxable","16":"purchasable","17":"product-type-simple"},"_links":{"self":[{"href":"https:\/\/roveyayinevi.com.tr\/index.php\/wp-json\/wp\/v2\/product\/774791","targetHints":{"allow":["GET"]}}],"collection":[{"href":"https:\/\/roveyayinevi.com.tr\/index.php\/wp-json\/wp\/v2\/product"}],"about":[{"href":"https:\/\/roveyayinevi.com.tr\/index.php\/wp-json\/wp\/v2\/types\/product"}],"wp:attachment":[{"href":"https:\/\/roveyayinevi.com.tr\/index.php\/wp-json\/wp\/v2\/media?parent=774791"}],"wp:term":[{"taxonomy":"product_brand","embeddable":true,"href":"https:\/\/roveyayinevi.com.tr\/index.php\/wp-json\/wp\/v2\/product_brand?post=774791"},{"taxonomy":"product_cat","embeddable":true,"href":"https:\/\/roveyayinevi.com.tr\/index.php\/wp-json\/wp\/v2\/product_cat?post=774791"},{"taxonomy":"product_tag","embeddable":true,"href":"https:\/\/roveyayinevi.com.tr\/index.php\/wp-json\/wp\/v2\/product_tag?post=774791"}],"curies":[{"name":"wp","href":"https:\/\/api.w.org\/{rel}","templated":true}]}}