{"id":774788,"date":"2025-09-09T11:27:05","date_gmt":"2025-09-09T08:27:05","guid":{"rendered":"https:\/\/roveyayinevi.com.tr\/index.php\/urun\/dahiler-sinifi-marie-curie-atom-kadin\/"},"modified":"2026-04-16T02:20:33","modified_gmt":"2026-04-15T23:20:33","slug":"dahiler-sinifi-marie-curie-atom-kadin","status":"publish","type":"product","link":"https:\/\/roveyayinevi.com.tr\/index.php\/urun\/dahiler-sinifi-marie-curie-atom-kadin\/","title":{"rendered":"Dahiler S\u0131n\u0131f\u0131: Marie Curie Atom Kad\u0131n"},"content":{"rendered":"<p>Marie Curie, atomun gizemlerini ke\u015ffeden kad\u0131n. Pek \u00e7ok yerde kad\u0131nlar \u00fcniversiteye kabul bile edilmezken, iki farkl\u0131 alanda Nobel \u00d6d\u00fcl\u00fc kazanm\u0131\u015f tek bilim insan\u0131. Merak ve tutku dolu bir \u00f6yk\u00fc: \u00c7\u00fcnk\u00fc bilim nefes kesen bir macerad\u0131r.   B\u00fcy\u00fck ilgi g\u00f6ren D\u00e2hiler S\u0131n\u0131f\u0131 serisi MARIE CURIE: Atom Kad\u0131n ile devam ediyor.   D\u00e2hiler S\u0131n\u0131f\u0131 Serisi Hakk\u0131nda: Bunlar, her biri kendi y\u00f6ntemiyle; kelimeleriyle, icatlar\u0131yla, se\u00e7imleriyle ve hatta kaderleriyle d\u00fcnyay\u0131 de\u011fi\u015ftirmi\u015f kad\u0131nlar\u0131n ve erkeklerin hayat hik\u00e2yeleri; \u015fa\u015fk\u0131nl\u0131k ve hayranl\u0131k duyman\u0131z\u0131 sa\u011flayacak, hayal g\u00fcc\u00fc ve merak duygunuzu harekete ge\u00e7irecek b\u00fcy\u00fcleyici hik\u00e2yeler. D\u00e2hiler S\u0131n\u0131f\u0131 serisi bu \u00f6zel insanlar\u0131 \u00e7ocuklarla (9 ya\u015f ve \u00fcst\u00fc) tan\u0131\u015ft\u0131rmak \u00fczere tasarland\u0131. \u0130lk olarak yay\u0131mland\u0131\u011f\u0131 \u0130talya\u2019da b\u00fcy\u00fck \u00f6vg\u00fc toplayan ve ard\u0131ndan pek \u00e7ok dile \u00e7evrilen D\u00e2hiler S\u0131n\u0131f\u0131, minik ebad\u0131, renkli ill\u00fcstrasyonlar\u0131, bilgiyi heyecan ve macerayla birle\u015ftiren anlat\u0131m\u0131yla \u00e7ocuklar\u0131n kolay okuyaca\u011f\u0131, zor unutaca\u011f\u0131, onlara \u00f6\u011frendiklerinden daha da fazlas\u0131n\u0131 merak ettirecek bir seri. <\/p>\n","protected":false},"excerpt":{"rendered":"<p>Marie Curie, atomun gizemlerini ke\u015ffeden kad\u0131n. Pek \u00e7ok yerde kad\u0131nlar \u00fcniversiteye kabul bile edilmezken, iki farkl\u0131 alanda Nobel \u00d6d\u00fcl\u00fc kazanm\u0131\u015f tek bilim insan\u0131. Merak ve tutku<span class=\"excerpt-hellip\"> [\u2026]<\/span><\/p>\n","protected":false},"featured_media":0,"template":"","meta":{"_monsterinsights_skip_tracking":false,"_monsterinsights_sitenote_active":false,"_monsterinsights_sitenote_note":"","_monsterinsights_sitenote_category":0},"product_brand":[],"product_cat":[12275,12274],"product_tag":[],"class_list":{"0":"post-774788","1":"product","2":"type-product","3":"status-publish","5":"product_cat-6-12-yas-kitaplari","6":"product_cat-cocuk-ve-genclik-kitaplari","7":"pa_cilt-ciltsiz","8":"pa_tur-kitap","9":"pa_yayinevi-domingo-yayinevi","10":"pa_yazar-davide-morosinotto","12":"first","13":"instock","14":"sale","15":"shipping-taxable","16":"purchasable","17":"product-type-simple"},"_links":{"self":[{"href":"https:\/\/roveyayinevi.com.tr\/index.php\/wp-json\/wp\/v2\/product\/774788","targetHints":{"allow":["GET"]}}],"collection":[{"href":"https:\/\/roveyayinevi.com.tr\/index.php\/wp-json\/wp\/v2\/product"}],"about":[{"href":"https:\/\/roveyayinevi.com.tr\/index.php\/wp-json\/wp\/v2\/types\/product"}],"wp:attachment":[{"href":"https:\/\/roveyayinevi.com.tr\/index.php\/wp-json\/wp\/v2\/media?parent=774788"}],"wp:term":[{"taxonomy":"product_brand","embeddable":true,"href":"https:\/\/roveyayinevi.com.tr\/index.php\/wp-json\/wp\/v2\/product_brand?post=774788"},{"taxonomy":"product_cat","embeddable":true,"href":"https:\/\/roveyayinevi.com.tr\/index.php\/wp-json\/wp\/v2\/product_cat?post=774788"},{"taxonomy":"product_tag","embeddable":true,"href":"https:\/\/roveyayinevi.com.tr\/index.php\/wp-json\/wp\/v2\/product_tag?post=774788"}],"curies":[{"name":"wp","href":"https:\/\/api.w.org\/{rel}","templated":true}]}}