{"id":774786,"date":"2025-09-09T11:26:03","date_gmt":"2025-09-09T08:26:03","guid":{"rendered":"https:\/\/roveyayinevi.com.tr\/index.php\/urun\/kralin-kafesi-ciltli\/"},"modified":"2025-09-09T11:26:03","modified_gmt":"2025-09-09T08:26:03","slug":"kralin-kafesi-ciltli","status":"publish","type":"product","link":"https:\/\/roveyayinevi.com.tr\/index.php\/urun\/kralin-kafesi-ciltli\/","title":{"rendered":"Kral\u0131n Kafesi (Ciltli)"},"content":{"rendered":"<p>Kafeste tutsa\u011f\u0131m. Ama sava\u015fmadan teslim olmayaca\u011f\u0131m.Buradan ya o \u00e7\u0131kacak. Ya da ben.G\u00f6r\u00fcn Beni. Onun nas\u0131l yalan s\u00f6yledi\u011fini g\u00f6r\u00fcn.Ben \u015fim\u015fek k\u0131z\u0131m. Ben f\u0131rt\u0131nay\u0131m.D\u00f6k\u00fclen k\u0131z\u0131l kanlar\u0131n intikam\u0131n\u0131 alaca\u011f\u0131m.\u0130syan ate\u015fi tutsakl\u0131kla k\u00f6r\u00fcklenecek.Mare Barrow \u015fim\u015fe\u011fi olmadan tamamen g\u00fc\u00e7s\u00fcz d\u00fc\u015fm\u00fc\u015ft\u00fcr ve \u00f6l\u00fcmc\u00fcl hatalar\u0131n\u0131 unutamamaktad\u0131r. Bir zamanlar sevdi\u011fi, yalan ve ihanetlerden ibaret bir \u00e7ocu\u011fun merhametine kalm\u0131\u015ft\u0131r. Art\u0131k kral olan Maven, \u00fclkesini ve tutsa\u011f\u0131n\u0131 kontrol\u00fc alt\u0131na alabilmek i\u00e7in entrika a\u011flar\u0131 \u00f6rmeye devam etmektedir.Mare sarayda tutsakken, art\u0131k g\u00f6lgelere saklanmak istemeyen K\u0131rm\u0131z\u0131 Muhaf\u0131zlar organize olup kendilerini e\u011fitmeye ba\u015flar. Mare\u2019den uzak kalmaya dayanamayan s\u00fcrg\u00fcndeki prens Cal ise onu geri getirebilmek i\u00e7in her yolu denemeye haz\u0131rd\u0131r.Bu sava\u015fta ayn\u0131 soydan gelenler birbirine s\u0131rt \u00e7evirirken iki taraf da sadakatle s\u0131nanacak.\u201c\u0130\u00e7 \u00e7at\u0131\u015fmalar ve saray entrikalar\u0131yla dolu.\u201d Kirkus Reviews\u201cYine heyecan verici bir sonla okurlar\u0131 merak i\u00e7inde b\u0131rakacak.\u201d Booklist\u201cAveyard\u2019\u0131n k\u00fc\u00e7\u00fck \u015fim\u015fek k\u0131z\u0131 hatalar yapan ve insan\u0131n kendisinden bir \u015feyler buldu\u011fu bir karakter\u2026 Yazar, hen\u00fcz kazan\u0131lmam\u0131\u015f bir sava\u015fla d\u00f6rd\u00fcnc\u00fc kitaba haz\u0131rl\u0131k yap\u0131yor.\u201dPublishers Weekly <\/p>\n","protected":false},"excerpt":{"rendered":"<p>Kafeste tutsa\u011f\u0131m. Ama sava\u015fmadan teslim olmayaca\u011f\u0131m.Buradan ya o \u00e7\u0131kacak. Ya da ben.G\u00f6r\u00fcn Beni. Onun nas\u0131l yalan s\u00f6yledi\u011fini g\u00f6r\u00fcn.Ben \u015fim\u015fek k\u0131z\u0131m. Ben f\u0131rt\u0131nay\u0131m.D\u00f6k\u00fclen k\u0131z\u0131l kanlar\u0131n intikam\u0131n\u0131 alaca\u011f\u0131m.\u0130syan<span class=\"excerpt-hellip\"> [\u2026]<\/span><\/p>\n","protected":false},"featured_media":0,"template":"","meta":{"_monsterinsights_skip_tracking":false,"_monsterinsights_sitenote_active":false,"_monsterinsights_sitenote_note":"","_monsterinsights_sitenote_category":0},"product_brand":[],"product_cat":[12291,12711],"product_tag":[],"class_list":{"0":"post-774786","1":"product","2":"type-product","3":"status-publish","5":"product_cat-edebiyat","6":"product_cat-roman-oyku","7":"pa_cilt-ciltli","8":"pa_tur-kitap","9":"pa_yayinevi-pegasus-yayinlari","10":"pa_yazar-victoria-aveyard","12":"first","13":"instock","14":"sale","15":"shipping-taxable","16":"purchasable","17":"product-type-simple"},"_links":{"self":[{"href":"https:\/\/roveyayinevi.com.tr\/index.php\/wp-json\/wp\/v2\/product\/774786","targetHints":{"allow":["GET"]}}],"collection":[{"href":"https:\/\/roveyayinevi.com.tr\/index.php\/wp-json\/wp\/v2\/product"}],"about":[{"href":"https:\/\/roveyayinevi.com.tr\/index.php\/wp-json\/wp\/v2\/types\/product"}],"wp:attachment":[{"href":"https:\/\/roveyayinevi.com.tr\/index.php\/wp-json\/wp\/v2\/media?parent=774786"}],"wp:term":[{"taxonomy":"product_brand","embeddable":true,"href":"https:\/\/roveyayinevi.com.tr\/index.php\/wp-json\/wp\/v2\/product_brand?post=774786"},{"taxonomy":"product_cat","embeddable":true,"href":"https:\/\/roveyayinevi.com.tr\/index.php\/wp-json\/wp\/v2\/product_cat?post=774786"},{"taxonomy":"product_tag","embeddable":true,"href":"https:\/\/roveyayinevi.com.tr\/index.php\/wp-json\/wp\/v2\/product_tag?post=774786"}],"curies":[{"name":"wp","href":"https:\/\/api.w.org\/{rel}","templated":true}]}}