{"id":774784,"date":"2025-09-09T11:23:00","date_gmt":"2025-09-09T08:23:00","guid":{"rendered":"https:\/\/roveyayinevi.com.tr\/index.php\/urun\/marksist-ogreti\/"},"modified":"2026-04-16T02:19:50","modified_gmt":"2026-04-15T23:19:50","slug":"marksist-ogreti","status":"publish","type":"product","link":"https:\/\/roveyayinevi.com.tr\/index.php\/urun\/marksist-ogreti\/","title":{"rendered":"Marksist \u00d6\u011freti"},"content":{"rendered":"<p>Marksizmin temelleri, ba\u015fl\u0131ca kavramlar\u0131, s\u0131n\u0131f m\u00fccadelesi bak\u0131m\u0131ndan \u00f6nemi, yanl\u0131\u015f anla\u015f\u0131lan kimi \u00f6zellikleri hakk\u0131nda Lenin\u2019in kaleminden \u00e7\u0131km\u0131\u015f bir dizi makaleden olu\u015fan bu kitap, \u201cyeni ba\u015flayanlar\u201d i\u00e7in oldu\u011fu kadar, \u201cderinlere inmek\u201d isteyenler i\u00e7in de bir ba\u015fvuru kayna\u011f\u0131d\u0131r. Tarihsel materyalizm, diyalektik, s\u0131n\u0131f m\u00fccadelesi teorisi, Marksist ekonomi \u00f6\u011fretisi, sosyalizm, proletaryan\u0131n s\u0131n\u0131f m\u00fccadelesi taktikleri hakk\u0131nda son derece yo\u011fun bir \u00f6zet i\u00e7eren \u201cansiklopedik tarzda\u201d yaz\u0131lm\u0131\u015f makalelerin yan\u0131 s\u0131ra, Marx ve Engels\u2019in biyografilerine yer veriliyor. Marksizmin \u00fc\u00e7 temel kayna\u011f\u0131, ayd\u0131n oport\u00fcnizmi, i\u015f\u00e7i s\u0131n\u0131f\u0131n\u0131n din konusundaki tutumu gibi konularda da Marx ve Engels\u2019in temel g\u00f6r\u00fc\u015fleri a\u00e7\u0131klan\u0131p de\u011ferlendiriliyor. <\/p>\n","protected":false},"excerpt":{"rendered":"<p>Marksizmin temelleri, ba\u015fl\u0131ca kavramlar\u0131, s\u0131n\u0131f m\u00fccadelesi bak\u0131m\u0131ndan \u00f6nemi, yanl\u0131\u015f anla\u015f\u0131lan kimi \u00f6zellikleri hakk\u0131nda Lenin\u2019in kaleminden \u00e7\u0131km\u0131\u015f bir dizi makaleden olu\u015fan bu kitap, \u201cyeni ba\u015flayanlar\u201d i\u00e7in oldu\u011fu<span class=\"excerpt-hellip\"> [\u2026]<\/span><\/p>\n","protected":false},"featured_media":0,"template":"","meta":{"_monsterinsights_skip_tracking":false,"_monsterinsights_sitenote_active":false,"_monsterinsights_sitenote_note":"","_monsterinsights_sitenote_category":0},"product_brand":[],"product_cat":[12324],"product_tag":[],"class_list":{"0":"post-774784","1":"product","2":"type-product","3":"status-publish","5":"product_cat-sosyoloji","6":"pa_cilt-ciltsiz","7":"pa_tur-kitap","8":"pa_yayinevi-kor-kitap","9":"pa_yazar-v-i-lenin","11":"first","12":"instock","13":"sale","14":"shipping-taxable","15":"purchasable","16":"product-type-simple"},"_links":{"self":[{"href":"https:\/\/roveyayinevi.com.tr\/index.php\/wp-json\/wp\/v2\/product\/774784","targetHints":{"allow":["GET"]}}],"collection":[{"href":"https:\/\/roveyayinevi.com.tr\/index.php\/wp-json\/wp\/v2\/product"}],"about":[{"href":"https:\/\/roveyayinevi.com.tr\/index.php\/wp-json\/wp\/v2\/types\/product"}],"wp:attachment":[{"href":"https:\/\/roveyayinevi.com.tr\/index.php\/wp-json\/wp\/v2\/media?parent=774784"}],"wp:term":[{"taxonomy":"product_brand","embeddable":true,"href":"https:\/\/roveyayinevi.com.tr\/index.php\/wp-json\/wp\/v2\/product_brand?post=774784"},{"taxonomy":"product_cat","embeddable":true,"href":"https:\/\/roveyayinevi.com.tr\/index.php\/wp-json\/wp\/v2\/product_cat?post=774784"},{"taxonomy":"product_tag","embeddable":true,"href":"https:\/\/roveyayinevi.com.tr\/index.php\/wp-json\/wp\/v2\/product_tag?post=774784"}],"curies":[{"name":"wp","href":"https:\/\/api.w.org\/{rel}","templated":true}]}}