{"id":774783,"date":"2025-09-09T11:22:06","date_gmt":"2025-09-09T08:22:06","guid":{"rendered":"https:\/\/roveyayinevi.com.tr\/index.php\/urun\/mucize-ve-ben-ciltli\/"},"modified":"2025-12-30T10:10:09","modified_gmt":"2025-12-30T07:10:09","slug":"mucize-ve-ben-ciltli","status":"publish","type":"product","link":"https:\/\/roveyayinevi.com.tr\/index.php\/urun\/mucize-ve-ben-ciltli\/","title":{"rendered":"Mucize ve Ben (Ciltli)"},"content":{"rendered":"<p>Herkesin anlatacak bir hik\u00e2yesi vard\u0131r\u2026 Mucize ve Ben \u00fc\u00e7 farkl\u0131 bak\u0131\u015f a\u00e7\u0131s\u0131yla Auggie\u2019nin d\u00fcnyas\u0131na yepyeni bir pencere a\u00e7arak okuldan \u00f6nceki hayat\u0131 ile be\u015finci s\u0131n\u0131fta ya\u015fad\u0131klar\u0131n\u0131n bilinmeyen y\u00f6nlerine \u0131\u015f\u0131k tutuyor. Okurlar bu kez zorba Julian, Auggie\u2019nin en eski dostu Christopher ve okuldaki yeni arkada\u015f\u0131 Charlotte\u2019\u0131n g\u00f6z\u00fcnden tek ortak noktalar\u0131 olan Auggie\u2019yi g\u00f6recek. Bu \u00fc\u00e7 mucizevi hik\u00e2ye, s\u0131rad\u0131\u015f\u0131 y\u00fcze sahip s\u0131radan \u00e7ocuktan ayr\u0131lmak istemeyenler i\u00e7in hazine niteli\u011finde. Madalyonun \u00d6b\u00fcr Y\u00fcz\u00fc Mucize\u2019nin sayfalar\u0131nda tan\u0131\u015ft\u0131klar\u0131 andan itibaren ona bula\u015f\u0131c\u0131 hastal\u0131k ta\u015f\u0131yormu\u015f gibi davranan Julian ile Auggie\u2019nin arkada\u015f olmayacaklar\u0131 ortadayd\u0131. Ancak Julian\u2019\u0131n hik\u00e2yesine hi\u00e7 de\u011f inilmedi, okurlar o ve d\u00fc\u015f\u00fcnceleri hakk\u0131nda yaln\u0131zca tahmin y\u00fcr\u00fctt\u00fc. \u015eu ana dek. Julian\u2019\u0131n hik\u00e2yesi ya\u015fananlar\u0131n \u00f6b\u00fcr y\u00fcz\u00fcn\u00fc anlat\u0131yor. Julian, Auggie\u2019ye neden bu kadar kaba davran\u0131yor? Ve yapt\u0131klar\u0131n\u0131 telafi etme f\u0131rsat\u0131n\u0131 bulabilecek mi? \u201c\u00c7arp\u0131c\u0131 yazar Palacio ola\u011fan\u00fcst\u00fc kalemiyle \u2018nezaketi se\u00e7\u2019 mesaj\u0131n\u0131 veriyor. Madalyonun \u00d6b\u00fcr Y\u00fcz\u00fc\u2019n\u00fcn her sat\u0131r\u0131 Mucize\u2019ye ait gibi; m\u00fckemmel bir ek.\u201d Booklist \u201cJulian\u2019\u0131n hik\u00e2yesi yaln\u0131zca kurbana de\u011fil, zorbaya kar\u015f\u0131 da merhamet duymam\u0131z\u0131 sa\u011flayan s\u00fcrprizlerle dolu. \u00c7ocuklar Julian\u2019\u0131n davran\u0131\u015flar\u0131n\u0131n ard\u0131ndaki gerek\u00e7eleri ke\u015ffettik\u00e7e kendilerini ba\u015fkas\u0131n\u0131n yerine koymaya dair olduk\u00e7a \u00f6nemli bir ders alacaklar.\u201d School Library Journal Pl\u00fcton Ta\u015f\u0131nd\u0131klar\u0131 g\u00fcne ka dar Christopher, Auggie\u2019nin en iyi arkada\u015f\u0131yd\u0131; t\u00fcm ameliyat ve hayal k\u0131r\u0131kl\u0131klar\u0131nda, iyi ve k\u00f6t\u00fc g\u00fcn\u00fcnde yan\u0131ndayd\u0131. Y\u0131ld\u0131z Sava\u015flar\u0131 maratonu yapt\u0131klar\u0131 ya da birlikte Pl\u00fcton\u2019a gittikleri zamanlardaki gibi. \u00c7ocukluk an\u0131lar\u0131 ile Christopher\u2019\u0131n k\u00f6t\u00fc bir g\u00fcn\u00fcn\u00fcn anlat\u0131ld\u0131\u011f\u0131 \u015fimdiki zaman aras\u0131nda ge\u00e7i\u015flerle aktar\u0131lan Pl\u00fcton, ayr\u0131 d\u00fc\u015fen iki \u00e7ocu\u011fun, dostluklar\u0131n \u00e7aba g\u00f6stermeye de\u011fdi\u011fini ke\u015ffetmelerinin hik\u00e2yesi. \u201cPalacio hayranlar\u0131 arkada\u015fl\u0131k ve zorbal\u0131k gibi sosyal konularla ilgili g\u00fc\u00e7l\u00fc bir mesaj ta\u015f\u0131yan bu yeni hik\u00e2yeye bay\u0131lacak.\u201d Tara Hixon Hayat Dans\u0131 B\u00fcy\u00fck bir Broadway y\u0131ld\u0131z\u0131 olmay\u0131 hedefleyen, \u00e7al\u0131\u015fkan, Venn \u015femas\u0131 d\u00fc\u015fk\u00fcn\u00fc ve pek \u201cpop\u00fcler\u201d olmayan Charlotte, belli etmek istemese de arkada\u015flar\u0131yla ili\u015fkilerind e \u00f6zg\u00fcven eksikli\u011fi ya\u015far. Okuldaki b\u00fcy\u00fck dans g\u00f6sterisine se\u00e7ildi\u011findeyse ba\u015fkalar\u0131 taraf\u0131ndan kabullenilme iste\u011finin ve \u00f6nyarg\u0131lar\u0131n\u0131n ger\u00e7ek bedeliyle y\u00fczle\u015fecektir. Peki Charlotte zaman\u0131 geldi\u011finde arkada\u015flar\u0131n\u0131n arkas\u0131nda durabilecek mi? \u201cOkurlar\u0131 s\u0131radan, yetenekli ve g\u00fczel olsalar dahi insanlar\u0131n d\u0131\u015f g\u00f6r\u00fcn\u00fc\u015f\u00fcn \u00f6tesini g\u00f6rme ve sosyal gruplar aras\u0131ndaki duvarlar\u0131 y\u0131kmak i\u00e7in cesaret g\u00f6sterebilme gibi konularda te\u015fvik ediyor.\u201d School Library Journal \ufffcTan\u0131t\u0131m Metni<\/p>\n","protected":false},"excerpt":{"rendered":"<p>Herkesin anlatacak bir hik\u00e2yesi vard\u0131r\u2026 Mucize ve Ben \u00fc\u00e7 farkl\u0131 bak\u0131\u015f a\u00e7\u0131s\u0131yla Auggie\u2019nin d\u00fcnyas\u0131na yepyeni bir pencere a\u00e7arak okuldan \u00f6nceki hayat\u0131 ile be\u015finci s\u0131n\u0131fta ya\u015fad\u0131klar\u0131n\u0131n bilinmeyen<span class=\"excerpt-hellip\"> [\u2026]<\/span><\/p>\n","protected":false},"featured_media":0,"template":"","meta":{"_monsterinsights_skip_tracking":false,"_monsterinsights_sitenote_active":false,"_monsterinsights_sitenote_note":"","_monsterinsights_sitenote_category":0},"product_brand":[],"product_cat":[12291,12711],"product_tag":[],"class_list":{"0":"post-774783","1":"product","2":"type-product","3":"status-publish","5":"product_cat-edebiyat","6":"product_cat-roman-oyku","7":"pa_cilt-ciltli","8":"pa_tur-kitap","9":"pa_yayinevi-pegasus-yayinlari","10":"pa_yazar-r-j-palacio","12":"first","13":"instock","14":"sale","15":"shipping-taxable","16":"purchasable","17":"product-type-simple"},"_links":{"self":[{"href":"https:\/\/roveyayinevi.com.tr\/index.php\/wp-json\/wp\/v2\/product\/774783","targetHints":{"allow":["GET"]}}],"collection":[{"href":"https:\/\/roveyayinevi.com.tr\/index.php\/wp-json\/wp\/v2\/product"}],"about":[{"href":"https:\/\/roveyayinevi.com.tr\/index.php\/wp-json\/wp\/v2\/types\/product"}],"wp:attachment":[{"href":"https:\/\/roveyayinevi.com.tr\/index.php\/wp-json\/wp\/v2\/media?parent=774783"}],"wp:term":[{"taxonomy":"product_brand","embeddable":true,"href":"https:\/\/roveyayinevi.com.tr\/index.php\/wp-json\/wp\/v2\/product_brand?post=774783"},{"taxonomy":"product_cat","embeddable":true,"href":"https:\/\/roveyayinevi.com.tr\/index.php\/wp-json\/wp\/v2\/product_cat?post=774783"},{"taxonomy":"product_tag","embeddable":true,"href":"https:\/\/roveyayinevi.com.tr\/index.php\/wp-json\/wp\/v2\/product_tag?post=774783"}],"curies":[{"name":"wp","href":"https:\/\/api.w.org\/{rel}","templated":true}]}}