{"id":774782,"date":"2025-09-09T11:20:11","date_gmt":"2025-09-09T08:20:11","guid":{"rendered":"https:\/\/roveyayinevi.com.tr\/index.php\/urun\/dava-19\/"},"modified":"2026-04-07T02:26:17","modified_gmt":"2026-04-06T23:26:17","slug":"dava-19","status":"publish","type":"product","link":"https:\/\/roveyayinevi.com.tr\/index.php\/urun\/dava-19\/","title":{"rendered":"Dava"},"content":{"rendered":"<p>\u0130nsan zihninin ve bedeninin bask\u0131land\u0131\u011f\u0131, korkuya maruz b\u0131rak\u0131ld\u0131\u011f\u0131 hayatlar\u0131n her taraftan ku\u015fat\u0131ld\u0131\u011f\u0131 20. y\u00fczy\u0131lda ge\u00e7en bir adam\u0131n \u00f6yk\u00fcs\u00fcn\u00fc anlat\u0131yor bu kez Franz Kafka. 1925 y\u0131l\u0131nda, \u00f6l\u00fcm\u00fcnden sonra yay\u0131mlanan bu eseri sembolik bir hik\u00e2ye gibi alg\u0131layabilir, bir varolu\u015f\u00e7unun g\u00f6z\u00fcnden g\u00f6rebilir ya da totaliter rejimlerin \u00e7\u0131lg\u0131nl\u0131\u011f\u0131nda ya\u015fad\u0131\u011f\u0131m\u0131z modern b\u00fcrokrasilerin bir trajedisi gibi okuyabilirsiniz.   Kafka, su\u00e7unu hi\u00e7 bilmeden yarg\u0131lanan Josef K.\u2019n\u0131n hik\u00e2yesinde korku \u00e7a\u011f\u0131nda ya\u015fayan insanlar\u0131n birbirlerinden korktuklar\u0131 s\u00fcrece bu d\u00fczenden kurtulamayacaklar\u0131n\u0131 anlat\u0131r. \u00c7a\u011flar boyunca okunacak bu klasik eser, gelecekte de insanlara kendilerini anlatmaya devam edecektir. <\/p>\n","protected":false},"excerpt":{"rendered":"<p>\u0130nsan zihninin ve bedeninin bask\u0131land\u0131\u011f\u0131, korkuya maruz b\u0131rak\u0131ld\u0131\u011f\u0131 hayatlar\u0131n her taraftan ku\u015fat\u0131ld\u0131\u011f\u0131 20. y\u00fczy\u0131lda ge\u00e7en bir adam\u0131n \u00f6yk\u00fcs\u00fcn\u00fc anlat\u0131yor bu kez Franz Kafka. 1925 y\u0131l\u0131nda, \u00f6l\u00fcm\u00fcnden<span class=\"excerpt-hellip\"> [\u2026]<\/span><\/p>\n","protected":false},"featured_media":0,"template":"","meta":{"_monsterinsights_skip_tracking":false,"_monsterinsights_sitenote_active":false,"_monsterinsights_sitenote_note":"","_monsterinsights_sitenote_category":0},"product_brand":[],"product_cat":[12291,12711],"product_tag":[],"class_list":{"0":"post-774782","1":"product","2":"type-product","3":"status-publish","5":"product_cat-edebiyat","6":"product_cat-roman-oyku","7":"pa_cilt-ciltsiz","8":"pa_tur-kitap","9":"pa_yayinevi-indigo-kitap","10":"pa_yazar-franz-kafka","12":"first","13":"instock","14":"sale","15":"shipping-taxable","16":"purchasable","17":"product-type-simple"},"_links":{"self":[{"href":"https:\/\/roveyayinevi.com.tr\/index.php\/wp-json\/wp\/v2\/product\/774782","targetHints":{"allow":["GET"]}}],"collection":[{"href":"https:\/\/roveyayinevi.com.tr\/index.php\/wp-json\/wp\/v2\/product"}],"about":[{"href":"https:\/\/roveyayinevi.com.tr\/index.php\/wp-json\/wp\/v2\/types\/product"}],"wp:attachment":[{"href":"https:\/\/roveyayinevi.com.tr\/index.php\/wp-json\/wp\/v2\/media?parent=774782"}],"wp:term":[{"taxonomy":"product_brand","embeddable":true,"href":"https:\/\/roveyayinevi.com.tr\/index.php\/wp-json\/wp\/v2\/product_brand?post=774782"},{"taxonomy":"product_cat","embeddable":true,"href":"https:\/\/roveyayinevi.com.tr\/index.php\/wp-json\/wp\/v2\/product_cat?post=774782"},{"taxonomy":"product_tag","embeddable":true,"href":"https:\/\/roveyayinevi.com.tr\/index.php\/wp-json\/wp\/v2\/product_tag?post=774782"}],"curies":[{"name":"wp","href":"https:\/\/api.w.org\/{rel}","templated":true}]}}