{"id":774779,"date":"2025-09-09T11:17:17","date_gmt":"2025-09-09T08:17:17","guid":{"rendered":"https:\/\/roveyayinevi.com.tr\/index.php\/urun\/mikroskobik-canavarlar\/"},"modified":"2026-04-16T02:19:16","modified_gmt":"2026-04-15T23:19:16","slug":"mikroskobik-canavarlar","status":"publish","type":"product","link":"https:\/\/roveyayinevi.com.tr\/index.php\/urun\/mikroskobik-canavarlar\/","title":{"rendered":"Mikroskobik Canavarlar"},"content":{"rendered":"<p>Mikroskobik Canavarlar inanamayacag\u0131n\u0131z bilgiler \u00f6grenmenizi saglayacak. Hangi yarat\u0131g\u0131n ayak parmaklar\u0131n\u0131z aras\u0131nda yumurtas\u0131n\u0131 b\u0131rakt\u0131g\u0131n\u0131, dis f\u0131r\u00e7an\u0131z\u0131n mikroplar taraf\u0131ndan ni\u00e7in ele ge\u00e7irildigini, bag\u0131rsaklar\u0131n\u0131z\u0131n bakteriler i\u00e7in ni\u00e7in m\u00fckemmel bir yer oldugunu \u00f6grenmeye haz\u0131r m\u0131s\u0131n\u0131z? Mikroplar\u0131n k\u00fc\u00e7\u00fck d\u00fcnyas\u0131nda seyahat ederken, t\u00fcm bu sorular\u0131n da cevaplar\u0131n\u0131 bulacaks\u0131n\u0131z? Kenelerin yap\u0131s\u0131n\u0131, mikro cerrahinin nas\u0131l yap\u0131ld\u0131g\u0131n\u0131, pirelerin nas\u0131l \u00e7ogald\u0131g\u0131n\u0131, bakteriler hakk\u0131nda bilmek isteyeceginiz her seyi bu kitapta okuyun. \ufffcTan\u0131t\u0131m Metni<\/p>\n","protected":false},"excerpt":{"rendered":"<p>Mikroskobik Canavarlar inanamayacag\u0131n\u0131z bilgiler \u00f6grenmenizi saglayacak. Hangi yarat\u0131g\u0131n ayak parmaklar\u0131n\u0131z aras\u0131nda yumurtas\u0131n\u0131 b\u0131rakt\u0131g\u0131n\u0131, dis f\u0131r\u00e7an\u0131z\u0131n mikroplar taraf\u0131ndan ni\u00e7in ele ge\u00e7irildigini, bag\u0131rsaklar\u0131n\u0131z\u0131n bakteriler i\u00e7in ni\u00e7in m\u00fckemmel bir<span class=\"excerpt-hellip\"> [\u2026]<\/span><\/p>\n","protected":false},"featured_media":0,"template":"","meta":{"_monsterinsights_skip_tracking":false,"_monsterinsights_sitenote_active":false,"_monsterinsights_sitenote_note":"","_monsterinsights_sitenote_category":0},"product_brand":[],"product_cat":[13829,12274],"product_tag":[],"class_list":{"0":"post-774779","1":"product","2":"type-product","3":"status-publish","5":"product_cat-bilimsel-kitaplar","6":"product_cat-cocuk-ve-genclik-kitaplari","7":"pa_cilt-ciltsiz","8":"pa_tur-kitap","9":"pa_yayinevi-eglenceli-bilgi-yayinlari","10":"pa_yazar-nick-arnold","12":"first","13":"instock","14":"sale","15":"shipping-taxable","16":"purchasable","17":"product-type-simple"},"_links":{"self":[{"href":"https:\/\/roveyayinevi.com.tr\/index.php\/wp-json\/wp\/v2\/product\/774779","targetHints":{"allow":["GET"]}}],"collection":[{"href":"https:\/\/roveyayinevi.com.tr\/index.php\/wp-json\/wp\/v2\/product"}],"about":[{"href":"https:\/\/roveyayinevi.com.tr\/index.php\/wp-json\/wp\/v2\/types\/product"}],"wp:attachment":[{"href":"https:\/\/roveyayinevi.com.tr\/index.php\/wp-json\/wp\/v2\/media?parent=774779"}],"wp:term":[{"taxonomy":"product_brand","embeddable":true,"href":"https:\/\/roveyayinevi.com.tr\/index.php\/wp-json\/wp\/v2\/product_brand?post=774779"},{"taxonomy":"product_cat","embeddable":true,"href":"https:\/\/roveyayinevi.com.tr\/index.php\/wp-json\/wp\/v2\/product_cat?post=774779"},{"taxonomy":"product_tag","embeddable":true,"href":"https:\/\/roveyayinevi.com.tr\/index.php\/wp-json\/wp\/v2\/product_tag?post=774779"}],"curies":[{"name":"wp","href":"https:\/\/api.w.org\/{rel}","templated":true}]}}