{"id":774778,"date":"2025-09-09T11:16:51","date_gmt":"2025-09-09T08:16:51","guid":{"rendered":"https:\/\/roveyayinevi.com.tr\/index.php\/urun\/fizik-uzerine-yedi-kisa-ders\/"},"modified":"2026-04-16T02:19:15","modified_gmt":"2026-04-15T23:19:15","slug":"fizik-uzerine-yedi-kisa-ders","status":"publish","type":"product","link":"https:\/\/roveyayinevi.com.tr\/index.php\/urun\/fizik-uzerine-yedi-kisa-ders\/","title":{"rendered":"Fizik \u00dczerine Yedi K\u0131sa Ders"},"content":{"rendered":"<p>\u00c7a\u011fda\u015f fizik\u00e7i Carlo Rovelli, 20. y\u00fczy\u0131l fizik biliminin temel meselelerine cezbedici bir yolculuk vaat ediyor. Basit anlat\u0131m\u0131yla d\u00fcnyay\u0131 b\u00fcy\u00fcleyen, 40\u2019tan fazla dile \u00e7evrilen ve yay\u0131mland\u0131ktan k\u0131sa s\u00fcre sonra \u00e7oksatar listelerinde birinci s\u0131raya yerle\u015fen Fizik \u00dczerine Yedi K\u0131sa Ders, bu alanla ha\u015f\u0131r ne\u015fir olmayan okur i\u00e7in de anla\u015f\u0131l\u0131r ve okumas\u0131 keyifli bir \u00e7al\u0131\u015fma. Rovelli, fizik alan\u0131nda ger\u00e7ekle\u015fen b\u00fcy\u00fck devrimin \u201cen b\u00fcy\u00fcleyici\u201d y\u00f6nlerini ve ortaya att\u0131\u011f\u0131 sorular\u0131 mercek alt\u0131na al\u0131yor: \u201cKuramlar\u0131n en g\u00fczeli\u201d, yani Albert Einstein\u2019\u0131n izafiyet kuram\u0131, modern fizi\u011fin en sars\u0131c\u0131 y\u00f6nlerine ev sahipli\u011fi yapan kuantum mekani\u011fi, i\u00e7inde ya\u015fad\u0131\u011f\u0131m\u0131z evrenin mimarisi, temel par\u00e7ac\u0131klar, kuantum \u00e7ekimi, olas\u0131l\u0131k ve kara deliklerin \u0131s\u0131s\u0131\u2026\u201cKuramsal fizik, ya\u015fam\u0131m\u0131z\u0131 y\u00f6nlendiren tutkular ve duygulardan beslenir,\u201d diyen Rovelli, \u00e7o\u011funlukla bize uzak kalm\u0131\u015f bir bilimin asl\u0131nda bizi ku\u015fatan evren kadar yak\u0131n\u0131m\u0131zda oldu\u011funu g\u00f6steriyor. <\/p>\n","protected":false},"excerpt":{"rendered":"<p>\u00c7a\u011fda\u015f fizik\u00e7i Carlo Rovelli, 20. y\u00fczy\u0131l fizik biliminin temel meselelerine cezbedici bir yolculuk vaat ediyor. Basit anlat\u0131m\u0131yla d\u00fcnyay\u0131 b\u00fcy\u00fcleyen, 40\u2019tan fazla dile \u00e7evrilen ve yay\u0131mland\u0131ktan k\u0131sa<span class=\"excerpt-hellip\"> [\u2026]<\/span><\/p>\n","protected":false},"featured_media":0,"template":"","meta":{"_monsterinsights_skip_tracking":false,"_monsterinsights_sitenote_active":false,"_monsterinsights_sitenote_note":"","_monsterinsights_sitenote_category":0},"product_brand":[],"product_cat":[13005,37328],"product_tag":[],"class_list":{"0":"post-774778","1":"product","2":"type-product","3":"status-publish","5":"product_cat-bilim-muhendislik","6":"product_cat-diger-bilim-muhendislik","7":"pa_cilt-ciltsiz","8":"pa_tur-kitap","9":"pa_yayinevi-tellekt","10":"pa_yazar-carlo-rovelli","12":"first","13":"instock","14":"sale","15":"shipping-taxable","16":"purchasable","17":"product-type-simple"},"_links":{"self":[{"href":"https:\/\/roveyayinevi.com.tr\/index.php\/wp-json\/wp\/v2\/product\/774778","targetHints":{"allow":["GET"]}}],"collection":[{"href":"https:\/\/roveyayinevi.com.tr\/index.php\/wp-json\/wp\/v2\/product"}],"about":[{"href":"https:\/\/roveyayinevi.com.tr\/index.php\/wp-json\/wp\/v2\/types\/product"}],"wp:attachment":[{"href":"https:\/\/roveyayinevi.com.tr\/index.php\/wp-json\/wp\/v2\/media?parent=774778"}],"wp:term":[{"taxonomy":"product_brand","embeddable":true,"href":"https:\/\/roveyayinevi.com.tr\/index.php\/wp-json\/wp\/v2\/product_brand?post=774778"},{"taxonomy":"product_cat","embeddable":true,"href":"https:\/\/roveyayinevi.com.tr\/index.php\/wp-json\/wp\/v2\/product_cat?post=774778"},{"taxonomy":"product_tag","embeddable":true,"href":"https:\/\/roveyayinevi.com.tr\/index.php\/wp-json\/wp\/v2\/product_tag?post=774778"}],"curies":[{"name":"wp","href":"https:\/\/api.w.org\/{rel}","templated":true}]}}