{"id":774776,"date":"2025-09-09T11:16:25","date_gmt":"2025-09-09T08:16:25","guid":{"rendered":"https:\/\/roveyayinevi.com.tr\/index.php\/urun\/guzel-kaybettik\/"},"modified":"2026-04-16T02:18:57","modified_gmt":"2026-04-15T23:18:57","slug":"guzel-kaybettik","status":"publish","type":"product","link":"https:\/\/roveyayinevi.com.tr\/index.php\/urun\/guzel-kaybettik\/","title":{"rendered":"G\u00fczel Kaybettik"},"content":{"rendered":"<p>Bize d\u00fc\u015fen, d\u00fc\u015ft\u00fc\u011f\u00fcm\u00fcz yerde beklemek oldu hep.   Bekleyecektik ve beklenenler asla gelmeyecekti. Gelecek dedikleri \u015fey, olmayanlar, gelmeyenler ve kaybedilenler \u00fczerine in\u015fa edilecekti.   So\u011fuk, karanl\u0131k, yaln\u0131z ve tedirgin koridorlar\u0131n \u00e7atlak duvarlar\u0131na as\u0131lm\u0131\u015f birer g\u00f6lgeydik bu hayatta.   Bir foto\u011fraf kadraj\u0131n\u0131n d\u0131\u015f\u0131nda b\u0131rak\u0131lm\u0131\u015f sevimsiz bir detay, devam zorunlulu\u011fu olmayan s\u0131k\u0131c\u0131 bir derstik.   \u00d6\u011frenemediler.   Onlar bizden vazge\u00e7tiler. Vazge\u00e7tiler ve kazand\u0131lar.   Biz kaybettik. Yine de vazge\u00e7medik. Her seferinde daha g\u00fczel kaybettik.   En g\u00fczel biz kaybettik&#8230; <\/p>\n","protected":false},"excerpt":{"rendered":"<p>Bize d\u00fc\u015fen, d\u00fc\u015ft\u00fc\u011f\u00fcm\u00fcz yerde beklemek oldu hep. Bekleyecektik ve beklenenler asla gelmeyecekti. Gelecek dedikleri \u015fey, olmayanlar, gelmeyenler ve kaybedilenler \u00fczerine in\u015fa edilecekti. So\u011fuk, karanl\u0131k, yaln\u0131z ve<span class=\"excerpt-hellip\"> [\u2026]<\/span><\/p>\n","protected":false},"featured_media":0,"template":"","meta":{"_monsterinsights_skip_tracking":false,"_monsterinsights_sitenote_active":false,"_monsterinsights_sitenote_note":"","_monsterinsights_sitenote_category":0},"product_brand":[],"product_cat":[12291,12711],"product_tag":[],"class_list":{"0":"post-774776","1":"product","2":"type-product","3":"status-publish","5":"product_cat-edebiyat","6":"product_cat-roman-oyku","7":"pa_cilt-ciltsiz","8":"pa_tur-kitap","9":"pa_yayinevi-hayykitap","10":"pa_yazar-caner-yaman","12":"first","13":"instock","14":"sale","15":"shipping-taxable","16":"purchasable","17":"product-type-simple"},"_links":{"self":[{"href":"https:\/\/roveyayinevi.com.tr\/index.php\/wp-json\/wp\/v2\/product\/774776","targetHints":{"allow":["GET"]}}],"collection":[{"href":"https:\/\/roveyayinevi.com.tr\/index.php\/wp-json\/wp\/v2\/product"}],"about":[{"href":"https:\/\/roveyayinevi.com.tr\/index.php\/wp-json\/wp\/v2\/types\/product"}],"wp:attachment":[{"href":"https:\/\/roveyayinevi.com.tr\/index.php\/wp-json\/wp\/v2\/media?parent=774776"}],"wp:term":[{"taxonomy":"product_brand","embeddable":true,"href":"https:\/\/roveyayinevi.com.tr\/index.php\/wp-json\/wp\/v2\/product_brand?post=774776"},{"taxonomy":"product_cat","embeddable":true,"href":"https:\/\/roveyayinevi.com.tr\/index.php\/wp-json\/wp\/v2\/product_cat?post=774776"},{"taxonomy":"product_tag","embeddable":true,"href":"https:\/\/roveyayinevi.com.tr\/index.php\/wp-json\/wp\/v2\/product_tag?post=774776"}],"curies":[{"name":"wp","href":"https:\/\/api.w.org\/{rel}","templated":true}]}}