{"id":774770,"date":"2025-09-09T11:11:11","date_gmt":"2025-09-09T08:11:11","guid":{"rendered":"https:\/\/roveyayinevi.com.tr\/index.php\/urun\/ceren-konuyu-anlamadi\/"},"modified":"2026-04-16T02:18:07","modified_gmt":"2026-04-15T23:18:07","slug":"ceren-konuyu-anlamadi","status":"publish","type":"product","link":"https:\/\/roveyayinevi.com.tr\/index.php\/urun\/ceren-konuyu-anlamadi\/","title":{"rendered":"Ceren Konuyu Anlamad\u0131"},"content":{"rendered":"<p>Ceren bir kitap yazd\u0131 ve onu yay\u0131mlayacak tuhaf bir yay\u0131nevi bulmal\u0131yd\u0131. Madem o \u00e7ok \u00f6nemli konular\u0131 Ceren anlam\u0131yordu, belki kendisini anlayan birileri \u00e7\u0131kard\u0131 yay\u0131nevinde\u2026 Hakl\u0131yd\u0131, bay\u0131ld\u0131k Ceren\u2019e, hemen sar\u0131ld\u0131k s\u0131k\u0131ca. \u015e\u00f6yle anlatal\u0131m: Ceren ne zaman fikirlerini s\u0131ralasa s\u0131n\u0131ftakiler hep \u015funu s\u00f6yl\u00fcyorlar: \u201cCeren konuyu anlamad\u0131 \u00f6\u011fretmenim\u2026\u201d \u015eimdi bu ne\u015feli kitab\u0131 okuduklar\u0131nda konuyu kimin anlamad\u0131\u011f\u0131n\u0131 \u00f6\u011frenecekler ve Ceren de onlara g\u00fclecek, hoh hoh ho! Ona tatl\u0131 tatl\u0131 yard\u0131m ediyoruz i\u015fte can\u0131m\u2026 A\u011fa\u00e7 evlerde soluklan\u0131p limon bah\u00e7elerine dalan, art\u0131k eskisi gibi g\u00f6stermeyen \u201cbozuk aynalar\u0131m\u0131z\u201d i\u00e7in yeni \u00f6neriler sunan bu kitap \u00e7ok tatl\u0131, \u00e7ok! Bilmem anlatabildik mi? \ufffcTan\u0131t\u0131m Metni<\/p>\n","protected":false},"excerpt":{"rendered":"<p>Ceren bir kitap yazd\u0131 ve onu yay\u0131mlayacak tuhaf bir yay\u0131nevi bulmal\u0131yd\u0131. Madem o \u00e7ok \u00f6nemli konular\u0131 Ceren anlam\u0131yordu, belki kendisini anlayan birileri \u00e7\u0131kard\u0131 yay\u0131nevinde\u2026 Hakl\u0131yd\u0131, bay\u0131ld\u0131k<span class=\"excerpt-hellip\"> [\u2026]<\/span><\/p>\n","protected":false},"featured_media":0,"template":"","meta":{"_monsterinsights_skip_tracking":false,"_monsterinsights_sitenote_active":false,"_monsterinsights_sitenote_note":"","_monsterinsights_sitenote_category":0},"product_brand":[],"product_cat":[12274,12284],"product_tag":[],"class_list":{"0":"post-774770","1":"product","2":"type-product","3":"status-publish","5":"product_cat-cocuk-ve-genclik-kitaplari","6":"product_cat-hikayeler","7":"pa_cilt-ciltsiz","8":"pa_tur-kitap","9":"pa_yayinevi-elma-cocuk","10":"pa_yazar-pelin-gunes","12":"first","13":"instock","14":"sale","15":"shipping-taxable","16":"purchasable","17":"product-type-simple"},"_links":{"self":[{"href":"https:\/\/roveyayinevi.com.tr\/index.php\/wp-json\/wp\/v2\/product\/774770","targetHints":{"allow":["GET"]}}],"collection":[{"href":"https:\/\/roveyayinevi.com.tr\/index.php\/wp-json\/wp\/v2\/product"}],"about":[{"href":"https:\/\/roveyayinevi.com.tr\/index.php\/wp-json\/wp\/v2\/types\/product"}],"wp:attachment":[{"href":"https:\/\/roveyayinevi.com.tr\/index.php\/wp-json\/wp\/v2\/media?parent=774770"}],"wp:term":[{"taxonomy":"product_brand","embeddable":true,"href":"https:\/\/roveyayinevi.com.tr\/index.php\/wp-json\/wp\/v2\/product_brand?post=774770"},{"taxonomy":"product_cat","embeddable":true,"href":"https:\/\/roveyayinevi.com.tr\/index.php\/wp-json\/wp\/v2\/product_cat?post=774770"},{"taxonomy":"product_tag","embeddable":true,"href":"https:\/\/roveyayinevi.com.tr\/index.php\/wp-json\/wp\/v2\/product_tag?post=774770"}],"curies":[{"name":"wp","href":"https:\/\/api.w.org\/{rel}","templated":true}]}}