{"id":774768,"date":"2025-09-09T11:09:19","date_gmt":"2025-09-09T08:09:19","guid":{"rendered":"https:\/\/roveyayinevi.com.tr\/index.php\/urun\/yengeler-cumhuriyeti\/"},"modified":"2026-04-16T02:18:00","modified_gmt":"2026-04-15T23:18:00","slug":"yengeler-cumhuriyeti","status":"publish","type":"product","link":"https:\/\/roveyayinevi.com.tr\/index.php\/urun\/yengeler-cumhuriyeti\/","title":{"rendered":"Yengeler Cumhuriyeti"},"content":{"rendered":"<p>Yenge\u2026 Ne kadar s\u0131k duydu\u011fumuz bir hitap, bir ad. Kad\u0131n\u0131 evlilik ili\u015fkisi \u00fczerinden tan\u0131mlay\u0131\u015f\u0131yla, onun \u201csahipli\u201d oldu\u011funu vurgulayarak \u201ckorumaya\u201d almas\u0131yla, ataerkilli\u011fin bir al\u00e2meti. \u0130\u00e7erdi\u011fi h\u00fcrmet ifadesi, \u201cyenge\u201dnin kendinden ziyade onun e\u015fi olan \u201cabi\u201dye mi y\u00f6nelik asl\u0131nda? Yengeli\u011fin de kendince bir a\u011f\u0131rl\u0131\u011f\u0131, bir saltanat\u0131, bir cumhuriyeti yok mu ama? Yenge \u201cmakam\u0131n\u0131n\u201d kad\u0131nlar aras\u0131 ili\u015fkilerdeki h\u00fckm\u00fcn\u00fc de d\u00fc\u015f\u00fcn\u00fcrsek\u2026 Yenge hitab\u0131n\u0131n binbir anlam\u0131\u2026 Yengeli\u011fin \u201chukuku\u201d, konforlar\u0131 ve tekinsizlikleri\u2026 Yengelerin akrabal\u0131k ili\u015fkilerinin ke\u015fmeke\u015fiyle ba\u015f etme stratejileri\u2026 \u201cKorkun\u00e7 Yenge\u201d imgesi\u2026 Korkulan, \u015fefkat duyulan, minnet edilen, hayran olunan, arkada\u015f olunan yengeler\u2026 Edebiyatta, sinemada ve televizyon dizilerinde yenge tiplemeleri\u2026 K\u00fcrtlerde yengeli\u011fin \u201cjinbra\u201d (k\u00fc\u00e7\u00fck karde\u015f ya da a\u011fabey e\u015fi), \u201cjinmam\u201d (amca e\u015fi), \u201cjinxal\u201d (day\u0131 e\u015fi) kategorileri\u2026 \u201cYenge\u201d mertebesini asla elde edemeyen \u201cmadam\u201dlar\u2026 \u201cYengelik realitesi\u201d \u00fczerine zevkli denemeler\u2026 Kiraz Ak\u0131n, Cihan Akta\u015f, Sema Aslan, Ethem Baran, Fatma Barbaroso\u011flu, Funda \u015eenol Cantek, Mustafa \u00c7iftci, Leyla Burcu D\u00fcndar, Deniz Erkul D\u00fczg\u00fcn, Rita Ender, Mahir \u00dcnsal Eri\u015f, Adem Erko\u00e7ak, H\u00fcsrev Hatemi, Sema Karab\u0131y\u0131k, Ercan Kesal, Ender \u00d6zkahraman ve Metin Solmaz\u2019\u0131n katk\u0131lar\u0131yla <\/p>\n","protected":false},"excerpt":{"rendered":"<p>Yenge\u2026 Ne kadar s\u0131k duydu\u011fumuz bir hitap, bir ad. Kad\u0131n\u0131 evlilik ili\u015fkisi \u00fczerinden tan\u0131mlay\u0131\u015f\u0131yla, onun \u201csahipli\u201d oldu\u011funu vurgulayarak \u201ckorumaya\u201d almas\u0131yla, ataerkilli\u011fin bir al\u00e2meti. \u0130\u00e7erdi\u011fi h\u00fcrmet ifadesi,<span class=\"excerpt-hellip\"> [\u2026]<\/span><\/p>\n","protected":false},"featured_media":0,"template":"","meta":{"_monsterinsights_skip_tracking":false,"_monsterinsights_sitenote_active":false,"_monsterinsights_sitenote_note":"","_monsterinsights_sitenote_category":0},"product_brand":[],"product_cat":[12777,12291],"product_tag":[],"class_list":{"0":"post-774768","1":"product","2":"type-product","3":"status-publish","5":"product_cat-deneme","6":"product_cat-edebiyat","7":"pa_cilt-ciltsiz","8":"pa_tur-kitap","9":"pa_yayinevi-iletisim-yayinlari","10":"pa_yazar-tanil-bora","12":"first","13":"instock","14":"sale","15":"shipping-taxable","16":"purchasable","17":"product-type-simple"},"_links":{"self":[{"href":"https:\/\/roveyayinevi.com.tr\/index.php\/wp-json\/wp\/v2\/product\/774768","targetHints":{"allow":["GET"]}}],"collection":[{"href":"https:\/\/roveyayinevi.com.tr\/index.php\/wp-json\/wp\/v2\/product"}],"about":[{"href":"https:\/\/roveyayinevi.com.tr\/index.php\/wp-json\/wp\/v2\/types\/product"}],"wp:attachment":[{"href":"https:\/\/roveyayinevi.com.tr\/index.php\/wp-json\/wp\/v2\/media?parent=774768"}],"wp:term":[{"taxonomy":"product_brand","embeddable":true,"href":"https:\/\/roveyayinevi.com.tr\/index.php\/wp-json\/wp\/v2\/product_brand?post=774768"},{"taxonomy":"product_cat","embeddable":true,"href":"https:\/\/roveyayinevi.com.tr\/index.php\/wp-json\/wp\/v2\/product_cat?post=774768"},{"taxonomy":"product_tag","embeddable":true,"href":"https:\/\/roveyayinevi.com.tr\/index.php\/wp-json\/wp\/v2\/product_tag?post=774768"}],"curies":[{"name":"wp","href":"https:\/\/api.w.org\/{rel}","templated":true}]}}