{"id":774767,"date":"2025-09-09T11:08:59","date_gmt":"2025-09-09T08:08:59","guid":{"rendered":"https:\/\/roveyayinevi.com.tr\/index.php\/urun\/kutulamare-zaferi-1916\/"},"modified":"2026-04-16T02:17:59","modified_gmt":"2026-04-15T23:17:59","slug":"kutulamare-zaferi-1916","status":"publish","type":"product","link":"https:\/\/roveyayinevi.com.tr\/index.php\/urun\/kutulamare-zaferi-1916\/","title":{"rendered":"Kutulamare Zaferi 1916"},"content":{"rendered":"<p>1916 y\u0131l\u0131nda Irak cephesinde kazan\u0131lan K\u00fbtulam\u00e2re Zaferi, Osmanl\u0131 Devleti&#8217;nin I. D\u00fcnya Sava\u015f\u0131&#8217;nda T\u00fcrk tarihinin en \u015fanl\u0131 sayfalar\u0131n\u0131n yaz\u0131ld\u0131\u011f\u0131 \u00c7anakkale Zaferi\u2019nden sonra kazanm\u0131\u015f oldu\u011fu ikinci b\u00fcy\u00fck ve anlaml\u0131 zaferdir. Irak Cephesi\u2019nde 4,5 ayl\u0131k bir ku\u015fatma sonucunda, 29 Nisan 1916\u2019da K\u00fbtulam\u00e2re\u2019de bulunan 5&#8217;i general 481 subay ve 13.300 ki\u015filik \u0130ngiliz ordusu esir al\u0131nm\u0131\u015ft\u0131. \u00d6nemi ve b\u00fcy\u00fckl\u00fc\u011f\u00fc \u015f\u00fcphesiz olmakla birlikte K\u00fbt\u00fclam\u00e2re\u2019de kazan\u0131lan zafer, aradan ge\u00e7en 100 y\u0131l boyunca maalesef tarihin tozlu sayfalar\u0131 aras\u0131nda unutulup gitmi\u015ftir. Bu kitap, tarih kitaplar\u0131nda birka\u00e7 sat\u0131rla ge\u00e7i\u015ftirilen bu \u00f6nemli tarihi olay\u0131, b\u00fct\u00fcn y\u00f6nleriyle ayr\u0131nt\u0131l\u0131 olarak ele al\u0131narak, K\u00fbtulam\u00e2re kahramanlar\u0131n\u0131 l\u00e2y\u0131k oldu\u011fu \u015fekilde hat\u0131rlatmak gayesiyle haz\u0131rlanm\u0131\u015ft\u0131r. <\/p>\n","protected":false},"excerpt":{"rendered":"<p>1916 y\u0131l\u0131nda Irak cephesinde kazan\u0131lan K\u00fbtulam\u00e2re Zaferi, Osmanl\u0131 Devleti&#8217;nin I. D\u00fcnya Sava\u015f\u0131&#8217;nda T\u00fcrk tarihinin en \u015fanl\u0131 sayfalar\u0131n\u0131n yaz\u0131ld\u0131\u011f\u0131 \u00c7anakkale Zaferi\u2019nden sonra kazanm\u0131\u015f oldu\u011fu ikinci b\u00fcy\u00fck ve<span class=\"excerpt-hellip\"> [\u2026]<\/span><\/p>\n","protected":false},"featured_media":0,"template":"","meta":{"_monsterinsights_skip_tracking":false,"_monsterinsights_sitenote_active":false,"_monsterinsights_sitenote_note":"","_monsterinsights_sitenote_category":0},"product_brand":[],"product_cat":[12305,12304],"product_tag":[],"class_list":{"0":"post-774767","1":"product","2":"type-product","3":"status-publish","5":"product_cat-dunya-tarihi","6":"product_cat-tarih","7":"pa_cilt-ciltsiz","8":"pa_tur-kitap","9":"pa_yayinevi-yeditepe-yayinevi","10":"pa_yazar-muzaffer-albayrak","12":"first","13":"instock","14":"sale","15":"shipping-taxable","16":"purchasable","17":"product-type-simple"},"_links":{"self":[{"href":"https:\/\/roveyayinevi.com.tr\/index.php\/wp-json\/wp\/v2\/product\/774767","targetHints":{"allow":["GET"]}}],"collection":[{"href":"https:\/\/roveyayinevi.com.tr\/index.php\/wp-json\/wp\/v2\/product"}],"about":[{"href":"https:\/\/roveyayinevi.com.tr\/index.php\/wp-json\/wp\/v2\/types\/product"}],"wp:attachment":[{"href":"https:\/\/roveyayinevi.com.tr\/index.php\/wp-json\/wp\/v2\/media?parent=774767"}],"wp:term":[{"taxonomy":"product_brand","embeddable":true,"href":"https:\/\/roveyayinevi.com.tr\/index.php\/wp-json\/wp\/v2\/product_brand?post=774767"},{"taxonomy":"product_cat","embeddable":true,"href":"https:\/\/roveyayinevi.com.tr\/index.php\/wp-json\/wp\/v2\/product_cat?post=774767"},{"taxonomy":"product_tag","embeddable":true,"href":"https:\/\/roveyayinevi.com.tr\/index.php\/wp-json\/wp\/v2\/product_tag?post=774767"}],"curies":[{"name":"wp","href":"https:\/\/api.w.org\/{rel}","templated":true}]}}