{"id":774766,"date":"2025-09-09T11:08:17","date_gmt":"2025-09-09T08:08:17","guid":{"rendered":"https:\/\/roveyayinevi.com.tr\/index.php\/urun\/ekonomi-101\/"},"modified":"2026-04-16T02:17:58","modified_gmt":"2026-04-15T23:17:58","slug":"ekonomi-101","status":"publish","type":"product","link":"https:\/\/roveyayinevi.com.tr\/index.php\/urun\/ekonomi-101\/","title":{"rendered":"Ekonomi 101"},"content":{"rendered":"<p>Ekonomi 101 ekonomi konusunda hi\u00e7bir \u015fey bilmeyenlerin gazetelerin ekonomi sayfalar\u0131nda \u00e7\u0131kan haberleri okuyup anlayabilmelerini, ekonomiyle ilgili sohbetlere kat\u0131labilmelerini ve genel olarak ekonomi bilimi hakk\u0131nda fikir edinebilmelerini sa\u011flamak i\u00e7in haz\u0131rland\u0131. Bu kitab\u0131 okuyarak yat\u0131r\u0131m ara\u00e7lar\u0131, arz-talep dengesi, d\u00f6viz kurlar\u0131, mikroekonomi gibi temel ekonomi bilimi kavramlar\u0131n\u0131 \u00f6\u011frenecek, akl\u0131n\u0131zdaki pek \u00e7ok soruya yan\u0131t bulacak ve a\u015fa\u011f\u0131dakiler gibi ba\u015fka ilgin\u00e7 sorularla kar\u015f\u0131la\u015facaks\u0131n\u0131z: Neden baz\u0131 ekonomilerde para olarak k\u00e2\u011f\u0131t banknotlar kullan\u0131l\u0131rken baz\u0131lar\u0131nda y\u00fczlerce kilo a\u011f\u0131rl\u0131\u011f\u0131nda ta\u015f bloklar kullan\u0131l\u0131r? Enflasyonist politikalar neden diktat\u00f6rl\u00fckle son bulur? Bir ekonomist neden \u201cA\u00e7\u0131k konu\u015fursam s\u00f6ylediklerimi yanl\u0131\u015f anlayabilirsiniz,\u201d deme ihtiyac\u0131 duyar? Bir ekonomist neden tehdit alt\u0131ndaki hayvanlar\u0131 koruyabilmek i\u00e7in onlar\u0131 yememiz gerekti\u011fini \u00f6ne s\u00fcrer? Devlet nas\u0131l olur da firmalara \u00e7evreyi kirletme izni satabilir? <\/p>\n","protected":false},"excerpt":{"rendered":"<p>Ekonomi 101 ekonomi konusunda hi\u00e7bir \u015fey bilmeyenlerin gazetelerin ekonomi sayfalar\u0131nda \u00e7\u0131kan haberleri okuyup anlayabilmelerini, ekonomiyle ilgili sohbetlere kat\u0131labilmelerini ve genel olarak ekonomi bilimi hakk\u0131nda fikir edinebilmelerini<span class=\"excerpt-hellip\"> [\u2026]<\/span><\/p>\n","protected":false},"featured_media":0,"template":"","meta":{"_monsterinsights_skip_tracking":false,"_monsterinsights_sitenote_active":false,"_monsterinsights_sitenote_note":"","_monsterinsights_sitenote_category":0},"product_brand":[],"product_cat":[13043,37200],"product_tag":[],"class_list":{"0":"post-774766","1":"product","2":"type-product","3":"status-publish","5":"product_cat-ekonomi","6":"product_cat-referans-kitaplar-ekonomi","7":"pa_cilt-ciltsiz","8":"pa_tur-kitap","9":"pa_yayinevi-say-yayinlari","10":"pa_yazar-alfred-mill","12":"first","13":"instock","14":"sale","15":"shipping-taxable","16":"purchasable","17":"product-type-simple"},"_links":{"self":[{"href":"https:\/\/roveyayinevi.com.tr\/index.php\/wp-json\/wp\/v2\/product\/774766","targetHints":{"allow":["GET"]}}],"collection":[{"href":"https:\/\/roveyayinevi.com.tr\/index.php\/wp-json\/wp\/v2\/product"}],"about":[{"href":"https:\/\/roveyayinevi.com.tr\/index.php\/wp-json\/wp\/v2\/types\/product"}],"wp:attachment":[{"href":"https:\/\/roveyayinevi.com.tr\/index.php\/wp-json\/wp\/v2\/media?parent=774766"}],"wp:term":[{"taxonomy":"product_brand","embeddable":true,"href":"https:\/\/roveyayinevi.com.tr\/index.php\/wp-json\/wp\/v2\/product_brand?post=774766"},{"taxonomy":"product_cat","embeddable":true,"href":"https:\/\/roveyayinevi.com.tr\/index.php\/wp-json\/wp\/v2\/product_cat?post=774766"},{"taxonomy":"product_tag","embeddable":true,"href":"https:\/\/roveyayinevi.com.tr\/index.php\/wp-json\/wp\/v2\/product_tag?post=774766"}],"curies":[{"name":"wp","href":"https:\/\/api.w.org\/{rel}","templated":true}]}}