{"id":774764,"date":"2025-09-09T11:07:42","date_gmt":"2025-09-09T08:07:42","guid":{"rendered":"https:\/\/roveyayinevi.com.tr\/index.php\/urun\/istanbul-united\/"},"modified":"2026-01-26T02:28:39","modified_gmt":"2026-01-25T23:28:39","slug":"istanbul-united","status":"publish","type":"product","link":"https:\/\/roveyayinevi.com.tr\/index.php\/urun\/istanbul-united\/","title":{"rendered":"\u0130stanbul United"},"content":{"rendered":"<p>Y\u0131llard\u0131r ayr\u0131 saflardaki taraftar gruplar\u0131n\u0131n, bir g\u00fcn omuz omuza direneceklerini kime s\u00f6ylerseniz s\u00f6yleyin g\u00fclerdi. Ama bu kitapta anlat\u0131lan her \u015fey ya\u015fand\u0131 ve bir yerlerde ya\u015fanmaya devam ediyor&#8230;T\u00fcm Ultraslara, t\u00fcm direnenlere, forman\u0131n \u00fcst\u00fcndeki tere, yemye\u015fil \u00e7im kokusuna, ya\u011fan ya\u011fmurda omuzda hissedilen ellere, at\u0131lan her golden sonra sar\u0131ld\u0131\u011f\u0131m\u0131z renkta\u015fa, \u00e7ekilen \u00fc\u00e7l\u00fclere, kanayan ses tellerine, kuruyan dudaklara, son dakika ka\u00e7an gollere, dilde biten t\u00fcylere, arma a\u015fk\u0131na, t\u00fcm g\u00fczel insanlara ve end\u00fcstriyel futbola kar\u015f\u0131 s\u0131k\u0131lan t\u00fcm yumruklara&#8230; <\/p>\n","protected":false},"excerpt":{"rendered":"<p>Y\u0131llard\u0131r ayr\u0131 saflardaki taraftar gruplar\u0131n\u0131n, bir g\u00fcn omuz omuza direneceklerini kime s\u00f6ylerseniz s\u00f6yleyin g\u00fclerdi. Ama bu kitapta anlat\u0131lan her \u015fey ya\u015fand\u0131 ve bir yerlerde ya\u015fanmaya devam<span class=\"excerpt-hellip\"> [\u2026]<\/span><\/p>\n","protected":false},"featured_media":0,"template":"","meta":{"_monsterinsights_skip_tracking":false,"_monsterinsights_sitenote_active":false,"_monsterinsights_sitenote_note":"","_monsterinsights_sitenote_category":0},"product_brand":[],"product_cat":[13590,12337],"product_tag":[],"class_list":{"0":"post-774764","1":"product","2":"type-product","3":"status-publish","5":"product_cat-arastirma-inceleme-politika-siyaset","6":"product_cat-politika-siyaset","7":"pa_cilt-ciltsiz","8":"pa_tur-kitap","9":"pa_yayinevi-kara-karga-yayinlari","10":"pa_yazar-sarkis-minasyan","12":"first","13":"instock","14":"sale","15":"shipping-taxable","16":"purchasable","17":"product-type-simple"},"_links":{"self":[{"href":"https:\/\/roveyayinevi.com.tr\/index.php\/wp-json\/wp\/v2\/product\/774764","targetHints":{"allow":["GET"]}}],"collection":[{"href":"https:\/\/roveyayinevi.com.tr\/index.php\/wp-json\/wp\/v2\/product"}],"about":[{"href":"https:\/\/roveyayinevi.com.tr\/index.php\/wp-json\/wp\/v2\/types\/product"}],"wp:attachment":[{"href":"https:\/\/roveyayinevi.com.tr\/index.php\/wp-json\/wp\/v2\/media?parent=774764"}],"wp:term":[{"taxonomy":"product_brand","embeddable":true,"href":"https:\/\/roveyayinevi.com.tr\/index.php\/wp-json\/wp\/v2\/product_brand?post=774764"},{"taxonomy":"product_cat","embeddable":true,"href":"https:\/\/roveyayinevi.com.tr\/index.php\/wp-json\/wp\/v2\/product_cat?post=774764"},{"taxonomy":"product_tag","embeddable":true,"href":"https:\/\/roveyayinevi.com.tr\/index.php\/wp-json\/wp\/v2\/product_tag?post=774764"}],"curies":[{"name":"wp","href":"https:\/\/api.w.org\/{rel}","templated":true}]}}