{"id":774763,"date":"2025-09-09T11:07:10","date_gmt":"2025-09-09T08:07:10","guid":{"rendered":"https:\/\/roveyayinevi.com.tr\/index.php\/urun\/pinranin-koku-konservesi\/"},"modified":"2026-04-16T02:17:38","modified_gmt":"2026-04-15T23:17:38","slug":"pinranin-koku-konservesi","status":"publish","type":"product","link":"https:\/\/roveyayinevi.com.tr\/index.php\/urun\/pinranin-koku-konservesi\/","title":{"rendered":"Pinra&#8217;n\u0131n Koku Konservesi"},"content":{"rendered":"<p>Pinra\u2019n\u0131n mis gibi bir yetene\u011fi vard\u0131: kokular\u0131 konservelemek. Anne baba kokusu, karde\u015f kokusu, \u00e7ilek kokusu, naneli bal\u0131k kokusu, hatta Lina\u2019n\u0131n vanilyal\u0131 turtay\u0131 and\u0131ran kokusu\u2026 Hepsini saklayabiliyordu. Peki ya Penguenya\u2019dan ba\u015fka diyarlardaki kokular?Yaln\u0131zca okula gidip gelen, ya\u015flanmak i\u00e7in g\u00fcn sayan bir penguen olmak istemiyordu Pinra. Efsane k\u00f6pekbal\u0131\u011f\u0131 G\u00fcm\u00fc\u015f\u2019\u00fc yakalamaya karar verdi bir g\u00fcn, b\u00f6ylelikle cesareti dilden dile dola\u015facakt\u0131. Hem yeni kokular da toplayabilecekti. Ancak koleksiyoncu G\u00fcm\u00fc\u015f\u2019le kar\u015f\u0131la\u015ft\u0131\u011f\u0131nda onu kimi s\u00fcrprizler bekliyordu: yeni yol arkada\u015flar\u0131, g\u00f6ky\u00fcz\u00fcnde at\u0131lacak kula\u00e7lar, tad\u0131 ka\u00e7m\u0131\u015f meyveler, g\u00f6kten ya\u011fan naylon ya\u015famlar, insanlar\u0131n a\u015fa\u011f\u0131ya do\u011fru \u00e7ekti\u011fi Kutup Y\u0131ld\u0131z\u0131 ve buna \u00fcz\u00fclen bir \u00e7ocuk! K\u0131sacas\u0131, yeni dostlarla \u201cyere g\u00f6\u011fe\u201d s\u0131\u011famayan bir macera kap\u0131dayd\u0131\u2026 <\/p>\n","protected":false},"excerpt":{"rendered":"<p>Pinra\u2019n\u0131n mis gibi bir yetene\u011fi vard\u0131: kokular\u0131 konservelemek. Anne baba kokusu, karde\u015f kokusu, \u00e7ilek kokusu, naneli bal\u0131k kokusu, hatta Lina\u2019n\u0131n vanilyal\u0131 turtay\u0131 and\u0131ran kokusu\u2026 Hepsini saklayabiliyordu.<span class=\"excerpt-hellip\"> [\u2026]<\/span><\/p>\n","protected":false},"featured_media":0,"template":"","meta":{"_monsterinsights_skip_tracking":false,"_monsterinsights_sitenote_active":false,"_monsterinsights_sitenote_note":"","_monsterinsights_sitenote_category":0},"product_brand":[],"product_cat":[12275,12274],"product_tag":[],"class_list":{"0":"post-774763","1":"product","2":"type-product","3":"status-publish","5":"product_cat-6-12-yas-kitaplari","6":"product_cat-cocuk-ve-genclik-kitaplari","7":"pa_cilt-ciltsiz","8":"pa_tur-kitap","9":"pa_yayinevi-elma-cocuk","10":"pa_yazar-sibel-ersoy-arslan","12":"first","13":"instock","14":"sale","15":"shipping-taxable","16":"purchasable","17":"product-type-simple"},"_links":{"self":[{"href":"https:\/\/roveyayinevi.com.tr\/index.php\/wp-json\/wp\/v2\/product\/774763","targetHints":{"allow":["GET"]}}],"collection":[{"href":"https:\/\/roveyayinevi.com.tr\/index.php\/wp-json\/wp\/v2\/product"}],"about":[{"href":"https:\/\/roveyayinevi.com.tr\/index.php\/wp-json\/wp\/v2\/types\/product"}],"wp:attachment":[{"href":"https:\/\/roveyayinevi.com.tr\/index.php\/wp-json\/wp\/v2\/media?parent=774763"}],"wp:term":[{"taxonomy":"product_brand","embeddable":true,"href":"https:\/\/roveyayinevi.com.tr\/index.php\/wp-json\/wp\/v2\/product_brand?post=774763"},{"taxonomy":"product_cat","embeddable":true,"href":"https:\/\/roveyayinevi.com.tr\/index.php\/wp-json\/wp\/v2\/product_cat?post=774763"},{"taxonomy":"product_tag","embeddable":true,"href":"https:\/\/roveyayinevi.com.tr\/index.php\/wp-json\/wp\/v2\/product_tag?post=774763"}],"curies":[{"name":"wp","href":"https:\/\/api.w.org\/{rel}","templated":true}]}}