{"id":774759,"date":"2025-09-09T11:03:27","date_gmt":"2025-09-09T08:03:27","guid":{"rendered":"https:\/\/roveyayinevi.com.tr\/index.php\/urun\/80-20-kurali\/"},"modified":"2026-04-16T02:16:55","modified_gmt":"2026-04-15T23:16:55","slug":"80-20-kurali","status":"publish","type":"product","link":"https:\/\/roveyayinevi.com.tr\/index.php\/urun\/80-20-kurali\/","title":{"rendered":"80 20 Kural\u0131"},"content":{"rendered":"<p>Oxford&#8217;da \u00f6\u011frenciyken bir hocam \u201cKitaplar \u00e7ok daha h\u0131zl\u0131 okunabilir\u201d demi\u015fti. \u201cZevk i\u00e7in de\u011filse, bir kitab\u0131 asla ba\u015ftan sona okuma. \u00d6nce sonu\u00e7, sonra giri\u015f b\u00f6l\u00fcmlerini oku; ard\u0131ndan yine sonucu oku. Son olarak ilgini \u00e7eken par\u00e7alara \u015f\u00f6yle bir g\u00f6z at.\u201d Asl\u0131nda s\u00f6yledi\u011fi \u015fuydu: Bir kitab\u0131n de\u011ferinin y\u00fczde 80&#8217;i sayfalar\u0131n y\u00fczde 20&#8217;sinde gizlidir.\u0130\u015fte ger\u00e7ek alt\u0131n kural!Bu kadar u\u011fra\u015f\u0131yoruz, neden istedi\u011fimiz gibi olmuyor? Peki, hi\u00e7 tahmin etmedi\u011fimiz bu sat\u0131\u015f rakam\u0131na nas\u0131l oldu da bir \u00e7\u0131rp\u0131da ula\u015ft\u0131k? Yoksa de\u011fersiz \u015feylere bo\u015f yere zaman ve emek mi harc\u0131yoruz? Belki de hem i\u015f hem de \u00f6zel hayat\u0131m\u0131zda bizi me\u015fgul eden fazlal\u0131klardan kurtulman\u0131n zaman\u0131 gelmi\u015ftir.Richard Koch i\u015fin s\u0131rr\u0131n\u0131 a\u00e7\u0131kl\u0131yor: Sonu\u00e7lar\u0131n y\u00fczde 80&#8217;isebeplerin y\u00fczde 20&#8217;sinden kaynaklan\u0131r. O y\u00fczde 20&#8217;yibulun ve hayat\u0131n\u0131z sonsuza dek de\u011fi\u015fsin.Y\u00fczy\u0131l\u0131n i\u015f kitaplar\u0131ndan 80\/20 Kural\u0131, geni\u015fletilmi\u015f bask\u0131s\u0131yla ilk kez T\u00fcrk\u00e7ede. <\/p>\n","protected":false},"excerpt":{"rendered":"<p>Oxford&#8217;da \u00f6\u011frenciyken bir hocam \u201cKitaplar \u00e7ok daha h\u0131zl\u0131 okunabilir\u201d demi\u015fti. \u201cZevk i\u00e7in de\u011filse, bir kitab\u0131 asla ba\u015ftan sona okuma. \u00d6nce sonu\u00e7, sonra giri\u015f b\u00f6l\u00fcmlerini oku; ard\u0131ndan<span class=\"excerpt-hellip\"> [\u2026]<\/span><\/p>\n","protected":false},"featured_media":0,"template":"","meta":{"_monsterinsights_skip_tracking":false,"_monsterinsights_sitenote_active":false,"_monsterinsights_sitenote_note":"","_monsterinsights_sitenote_category":0},"product_brand":[],"product_cat":[13043,17647],"product_tag":[],"class_list":{"0":"post-774759","1":"product","2":"type-product","3":"status-publish","5":"product_cat-ekonomi","6":"product_cat-is-dunyasi","7":"pa_cilt-ciltsiz","8":"pa_tur-kitap","9":"pa_yayinevi-ceo-plus","10":"pa_yazar-richard-koch","12":"first","13":"instock","14":"sale","15":"shipping-taxable","16":"purchasable","17":"product-type-simple"},"_links":{"self":[{"href":"https:\/\/roveyayinevi.com.tr\/index.php\/wp-json\/wp\/v2\/product\/774759","targetHints":{"allow":["GET"]}}],"collection":[{"href":"https:\/\/roveyayinevi.com.tr\/index.php\/wp-json\/wp\/v2\/product"}],"about":[{"href":"https:\/\/roveyayinevi.com.tr\/index.php\/wp-json\/wp\/v2\/types\/product"}],"wp:attachment":[{"href":"https:\/\/roveyayinevi.com.tr\/index.php\/wp-json\/wp\/v2\/media?parent=774759"}],"wp:term":[{"taxonomy":"product_brand","embeddable":true,"href":"https:\/\/roveyayinevi.com.tr\/index.php\/wp-json\/wp\/v2\/product_brand?post=774759"},{"taxonomy":"product_cat","embeddable":true,"href":"https:\/\/roveyayinevi.com.tr\/index.php\/wp-json\/wp\/v2\/product_cat?post=774759"},{"taxonomy":"product_tag","embeddable":true,"href":"https:\/\/roveyayinevi.com.tr\/index.php\/wp-json\/wp\/v2\/product_tag?post=774759"}],"curies":[{"name":"wp","href":"https:\/\/api.w.org\/{rel}","templated":true}]}}