{"id":774756,"date":"2025-09-09T11:02:14","date_gmt":"2025-09-09T08:02:14","guid":{"rendered":"https:\/\/roveyayinevi.com.tr\/index.php\/urun\/iyimser-olmayan-umut\/"},"modified":"2026-04-16T02:16:50","modified_gmt":"2026-04-15T23:16:50","slug":"iyimser-olmayan-umut","status":"publish","type":"product","link":"https:\/\/roveyayinevi.com.tr\/index.php\/urun\/iyimser-olmayan-umut\/","title":{"rendered":"\u0130yimser Olmayan Umut"},"content":{"rendered":"<p>Hani \u015fu me\u015fhur barda\u011f\u0131n yar\u0131s\u0131n\u0131 bo\u015f g\u00f6rd\u00fc\u011f\u00fc yetmiyormu\u015f gibi, di\u011fer yar\u0131s\u0131n\u0131n da tad\u0131 berbat bir \u015feyle dolu oldu\u011fundan neredeyse emin biri olarak, umut \u00fczerine yazmak i\u00e7in bi\u00e7ilmi\u015f kaftan de\u011filim muhtemelen. Bir yanda hayat felsefesi \u201cye, i\u00e7, e\u011flen, yar\u0131n \u00f6lece\u011fiz nas\u0131lsa\u201d c\u00fcmlesiyle \u00f6zetlenebilecek olanlar var, bir yanda da kendime \u00e7ok daha yak\u0131n hissetti\u011fim, \u201cyar\u0131n \u00f6lece\u011fiz\u201d diyenler. \u0130nsan\u0131 dertlere salan bu e\u011filimlere ra\u011fmen bu konu \u00fczerine yazmay\u0131 se\u00e7memin bir nedeni, umudun, Raymond Williams\u2019\u0131n deyi\u015fiyle, \u201cgelece\u011fin kayb\u0131n\u0131n hissedildi\u011fi\u201d bir \u00e7a\u011fda merak uyand\u0131r\u0131c\u0131 bi\u00e7imde ihmal edilmi\u015f bir kavram olmas\u0131.(Terry Eagleton)Marksist edebiyat ele\u015ftirmeni Terry Eagleton bu kitab\u0131nda insani duygular\u0131n en hassaslar\u0131ndan biri olan \u201cumudu\u201d mercek alt\u0131na al\u0131yor. Eagleton bo\u015f umutlarla dolu umutlar aras\u0131nda belirgin ayr\u0131mlar yaparak, \u201cihmal edilmi\u015f\u201d bu duyguyu edebiyat eserlerinden felsefi metinlere uzanan geni\u015f bir d\u00fczlemde sorunsalla\u015ft\u0131r\u0131yor. Eagleton bu \u00e7abas\u0131ndan hareketle g\u00fcndelik hayat\u0131n bo\u011fucu ili\u015fkileri, iktisadi s\u00fcre\u00e7lerin ge\u00e7irimsiz kodlar\u0131 aras\u0131nda bocalayan \u201c\u015fimdi\u201dnin insan\u0131na k\u0131\u015fk\u0131rt\u0131c\u0131 oldu\u011fu kadar d\u00fc\u015f\u00fcnd\u00fcr\u00fcc\u00fc de olan parlak yorumlar sunuyor. H\u00e2l\u00e2 umudu olanlar ve umuttan b\u00fct\u00fcn\u00fcyle vazge\u00e7enler i\u00e7in e\u015fsiz bir ba\u015fucu kitab\u0131\u2026 <\/p>\n","protected":false},"excerpt":{"rendered":"<p>Hani \u015fu me\u015fhur barda\u011f\u0131n yar\u0131s\u0131n\u0131 bo\u015f g\u00f6rd\u00fc\u011f\u00fc yetmiyormu\u015f gibi, di\u011fer yar\u0131s\u0131n\u0131n da tad\u0131 berbat bir \u015feyle dolu oldu\u011fundan neredeyse emin biri olarak, umut \u00fczerine yazmak i\u00e7in<span class=\"excerpt-hellip\"> [\u2026]<\/span><\/p>\n","protected":false},"featured_media":0,"template":"","meta":{"_monsterinsights_skip_tracking":false,"_monsterinsights_sitenote_active":false,"_monsterinsights_sitenote_note":"","_monsterinsights_sitenote_category":0},"product_brand":[],"product_cat":[12291,12866],"product_tag":[],"class_list":{"0":"post-774756","1":"product","2":"type-product","3":"status-publish","5":"product_cat-edebiyat","6":"product_cat-ingiliz-edebiyati","7":"pa_cilt-ciltsiz","8":"pa_tur-kitap","9":"pa_yayinevi-ayrinti-yayinlari","10":"pa_yazar-terry-eagleton","12":"first","13":"instock","14":"sale","15":"shipping-taxable","16":"purchasable","17":"product-type-simple"},"_links":{"self":[{"href":"https:\/\/roveyayinevi.com.tr\/index.php\/wp-json\/wp\/v2\/product\/774756","targetHints":{"allow":["GET"]}}],"collection":[{"href":"https:\/\/roveyayinevi.com.tr\/index.php\/wp-json\/wp\/v2\/product"}],"about":[{"href":"https:\/\/roveyayinevi.com.tr\/index.php\/wp-json\/wp\/v2\/types\/product"}],"wp:attachment":[{"href":"https:\/\/roveyayinevi.com.tr\/index.php\/wp-json\/wp\/v2\/media?parent=774756"}],"wp:term":[{"taxonomy":"product_brand","embeddable":true,"href":"https:\/\/roveyayinevi.com.tr\/index.php\/wp-json\/wp\/v2\/product_brand?post=774756"},{"taxonomy":"product_cat","embeddable":true,"href":"https:\/\/roveyayinevi.com.tr\/index.php\/wp-json\/wp\/v2\/product_cat?post=774756"},{"taxonomy":"product_tag","embeddable":true,"href":"https:\/\/roveyayinevi.com.tr\/index.php\/wp-json\/wp\/v2\/product_tag?post=774756"}],"curies":[{"name":"wp","href":"https:\/\/api.w.org\/{rel}","templated":true}]}}