{"id":774754,"date":"2025-09-09T11:01:23","date_gmt":"2025-09-09T08:01:23","guid":{"rendered":"https:\/\/roveyayinevi.com.tr\/index.php\/urun\/hukuk-metodolojisi\/"},"modified":"2026-04-16T02:16:45","modified_gmt":"2026-04-15T23:16:45","slug":"hukuk-metodolojisi","status":"publish","type":"product","link":"https:\/\/roveyayinevi.com.tr\/index.php\/urun\/hukuk-metodolojisi\/","title":{"rendered":"Hukuk Metodolojisi"},"content":{"rendered":"<p>Hukuk metodolojisi, do\u011fru hukuki d\u00fc\u015f\u00fcnce ve karar alma s\u00fcrecini inceleyen bir bilim dal\u0131d\u0131r. Mant\u0131k ise do\u011fru d\u00fc\u015f\u00fcnmenin kurallar\u0131n\u0131 \u00f6\u011freten bir bilimdir. Genelde d\u00fc\u015f\u00fcncenin ve \u00f6zelde hukuki d\u00fc\u015f\u00fcncenin temelinde mant\u0131k bilimi yer almaktad\u0131r. Bu sebeple hukuk metodolojisi ile ilgili \u00e7al\u0131\u015fmaz\u0131n\u0131n birinci kitab\u0131, mant\u0131k konular\u0131n\u0131 ele almakta; ikinci kitab\u0131 ise hukuk metodolojisinin temel konular\u0131n\u0131 incelemektedir. Hukuk metodolojisi, \u00fclkemizde yeni kurulmakta ve geli\u015fmektedir. Baz\u0131 hukuk fak\u00fcltelerinde se\u00e7imlik ders olarak okutulmaya ba\u015flanm\u0131\u015f olmakla birlikte, tam olarak \u00f6nemi anla\u015f\u0131lamam\u0131\u015ft\u0131r. Bu dersin hukuk fak\u00fcltelerinde zorunlu ve \u00f6nemli bir ders olarak okutulmas\u0131 gerekmektedir. Hukuk metodolojisi gibi talihsizlik ya\u015fayan derslerden birisi de mant\u0131kt\u0131r. Osmanl\u0131 medreselerinde gramerle birlikte ve di\u011fer derslere temel olmak \u00fczere okutulan mant\u0131k, Cumhuriyet d\u00f6neminde \u00f6nemini kaybetmi\u015ftir. Hukuki d\u00fc\u015f\u00fcncenin de temelini olu\u015fturan mant\u0131\u011f\u0131n, hukuk fak\u00fcltelerinde ders olarak okutulmas\u0131 gereklidir. Bu a\u00e7\u0131dan kitab\u0131m\u0131z\u0131n birinci k\u0131sm\u0131n\u0131 mant\u0131\u011fa, ikinci k\u0131sm\u0131n\u0131 ise hukuk metodolojisine ay\u0131rm\u0131\u015f bulunuyoruz. \u00dclkemizde hukuk metodolojisi alan\u0131nda yaz\u0131lan eserlerin say\u0131s\u0131 olduk\u00e7a s\u0131n\u0131rl\u0131d\u0131r. Hukukun \u00e7e\u015fitli alanlar\u0131nda \u00e7al\u0131\u015fan az say\u0131da bilim adam\u0131n\u0131n hukuk metodolojisi ile ilgilendi\u011fi g\u00f6r\u00fclmektedir. Yap\u0131lan her yeni \u00e7al\u0131\u015fma, hukuk metodolojisini bir ad\u0131m \u00f6teye ta\u015f\u0131maktad\u0131r. Bununla birlikte hukuk metodolojisi \u00e7al\u0131\u015fmalar\u0131n\u0131n say\u0131 ve nitelik a\u00e7\u0131s\u0131ndan daha da fazlala\u015fmas\u0131 gerekmektedir. \u00c7al\u0131\u015fmam\u0131zda mant\u0131k k\u0131sm\u0131n\u0131n uzun tutulmas\u0131 ve metodoloji konular\u0131n\u0131n fazlaca teorik anlat\u0131lmas\u0131 ele\u015ftirilebilir. Mant\u0131k konular\u0131n\u0131n fazlal\u0131\u011f\u0131, hukuk\u00e7ular\u0131n bu bilime dikkatlerini \u00e7ekmeyi ama\u00e7lamaktad\u0131r. Metodoloji konular\u0131n\u0131n teorikli\u011fi ise sonraki bask\u0131larda uygulamaya ait \u00f6rneklerle d\u00fczeltilebilir diye d\u00fc\u015f\u00fcn\u00fcyorum. <\/p>\n","protected":false},"excerpt":{"rendered":"<p>Hukuk metodolojisi, do\u011fru hukuki d\u00fc\u015f\u00fcnce ve karar alma s\u00fcrecini inceleyen bir bilim dal\u0131d\u0131r. Mant\u0131k ise do\u011fru d\u00fc\u015f\u00fcnmenin kurallar\u0131n\u0131 \u00f6\u011freten bir bilimdir. Genelde d\u00fc\u015f\u00fcncenin ve \u00f6zelde hukuki<span class=\"excerpt-hellip\"> [\u2026]<\/span><\/p>\n","protected":false},"featured_media":0,"template":"","meta":{"_monsterinsights_skip_tracking":false,"_monsterinsights_sitenote_active":false,"_monsterinsights_sitenote_note":"","_monsterinsights_sitenote_category":0},"product_brand":[],"product_cat":[15350,17602],"product_tag":[],"class_list":{"0":"post-774754","1":"product","2":"type-product","3":"status-publish","5":"product_cat-hukuk","6":"product_cat-hukuk-uzerine","7":"pa_cilt-ciltsiz","8":"pa_tur-kitap","9":"pa_yayinevi-astana-yayinlari","10":"pa_yazar-abdullah-demir","12":"first","13":"instock","14":"sale","15":"shipping-taxable","16":"purchasable","17":"product-type-simple"},"_links":{"self":[{"href":"https:\/\/roveyayinevi.com.tr\/index.php\/wp-json\/wp\/v2\/product\/774754","targetHints":{"allow":["GET"]}}],"collection":[{"href":"https:\/\/roveyayinevi.com.tr\/index.php\/wp-json\/wp\/v2\/product"}],"about":[{"href":"https:\/\/roveyayinevi.com.tr\/index.php\/wp-json\/wp\/v2\/types\/product"}],"wp:attachment":[{"href":"https:\/\/roveyayinevi.com.tr\/index.php\/wp-json\/wp\/v2\/media?parent=774754"}],"wp:term":[{"taxonomy":"product_brand","embeddable":true,"href":"https:\/\/roveyayinevi.com.tr\/index.php\/wp-json\/wp\/v2\/product_brand?post=774754"},{"taxonomy":"product_cat","embeddable":true,"href":"https:\/\/roveyayinevi.com.tr\/index.php\/wp-json\/wp\/v2\/product_cat?post=774754"},{"taxonomy":"product_tag","embeddable":true,"href":"https:\/\/roveyayinevi.com.tr\/index.php\/wp-json\/wp\/v2\/product_tag?post=774754"}],"curies":[{"name":"wp","href":"https:\/\/api.w.org\/{rel}","templated":true}]}}