{"id":774752,"date":"2025-09-09T11:00:58","date_gmt":"2025-09-09T08:00:58","guid":{"rendered":"https:\/\/roveyayinevi.com.tr\/index.php\/urun\/louis-bonapartein-18-brumairei-2\/"},"modified":"2026-04-16T02:16:44","modified_gmt":"2026-04-15T23:16:44","slug":"louis-bonapartein-18-brumairei-2","status":"publish","type":"product","link":"https:\/\/roveyayinevi.com.tr\/index.php\/urun\/louis-bonapartein-18-brumairei-2\/","title":{"rendered":"Louis Bonaparte\u2019\u0131n 18 Brumaire\u2019i"},"content":{"rendered":"<p>\u201cOn dokuzuncu y\u00fczy\u0131l\u0131n toplumsal devrimi, \u015fiirini ge\u00e7mi\u015ften de\u011fil, yaln\u0131zca gelecekten \u00e7\u0131karabilir. Ge\u00e7mi\u015f hakk\u0131ndaki t\u00fcm bo\u015f inan\u00e7lardan s\u0131yr\u0131lmadan, kendisini ba\u015flatamaz.\u201dFransa\u2019daki 1848 \u015eubat Devriminin ard\u0131ndan i\u015f\u00e7i s\u0131n\u0131f\u0131n\u0131n m\u00fccadelesi sayesinde ba\u015flayan \u0130kinci Cumhuriyet d\u00f6neminde, \u00f6nce i\u015f\u00e7i s\u0131n\u0131f\u0131n\u0131n, sonra da k\u00fc\u00e7\u00fck burjuvazinin temsilcileri siyaset sahnesinin d\u0131\u015f\u0131na at\u0131lm\u0131\u015f ve burjuvazinin \u00e7\u0131plak s\u0131n\u0131f egemenli\u011fi kurulmu\u015ftu. 1848 y\u0131l\u0131n\u0131n Aral\u0131k ay\u0131nda halk\u0131n b\u00fcy\u00fck \u00e7o\u011funlu\u011funun oylar\u0131yla cumhurba\u015fkanl\u0131\u011f\u0131na se\u00e7ilen Louis Bonaparte, Aral\u0131k 1851\u2019de bir h\u00fck\u00fcmet darbesi ger\u00e7ekle\u015ftirerek \u0130kinci Cumhuriyet d\u00f6nemine son verdi.Karl Marx, Frans\u0131z \u00dc\u00e7lemesi\u2019ni olu\u015fturan eserlerinden ikincisi olan 18 Brumaire\u2019de, s\u0131radan ve g\u00fcl\u00fcn\u00e7 bir macerac\u0131n\u0131n kahraman rol\u00fcn\u00fc oynamas\u0131n\u0131 m\u00fcmk\u00fcn k\u0131lan ko\u015fullar\u0131 \u00e7\u00f6z\u00fcmlerken, burjuva cumhuriyet\u00e7ilerinin ve k\u00fc\u00e7\u00fck burjuva cumhuriyet\u00e7ilerinin politikalar\u0131n\u0131n, Louis Bonaparte\u2019\u0131n Aral\u0131k 1852\u2019de kendisini imparator ilan edebilmesine nas\u0131l yol a\u00e7t\u0131\u011f\u0131n\u0131 da ortaya koyuyor.Kitap, 1871 Paris Kom\u00fcn\u00fc taraf\u0131ndan kesin olarak do\u011frulanacak olan bir \u00f6ng\u00f6r\u00fcyle son buluyor. <\/p>\n","protected":false},"excerpt":{"rendered":"<p>\u201cOn dokuzuncu y\u00fczy\u0131l\u0131n toplumsal devrimi, \u015fiirini ge\u00e7mi\u015ften de\u011fil, yaln\u0131zca gelecekten \u00e7\u0131karabilir. Ge\u00e7mi\u015f hakk\u0131ndaki t\u00fcm bo\u015f inan\u00e7lardan s\u0131yr\u0131lmadan, kendisini ba\u015flatamaz.\u201dFransa\u2019daki 1848 \u015eubat Devriminin ard\u0131ndan i\u015f\u00e7i s\u0131n\u0131f\u0131n\u0131n m\u00fccadelesi<span class=\"excerpt-hellip\"> [\u2026]<\/span><\/p>\n","protected":false},"featured_media":0,"template":"","meta":{"_monsterinsights_skip_tracking":false,"_monsterinsights_sitenote_active":false,"_monsterinsights_sitenote_note":"","_monsterinsights_sitenote_category":0},"product_brand":[],"product_cat":[12338,12337],"product_tag":[],"class_list":{"0":"post-774752","1":"product","2":"type-product","3":"status-publish","5":"product_cat-dunya-siyaseti-ve-politikasi","6":"product_cat-politika-siyaset","7":"pa_cilt-ciltsiz","8":"pa_tur-kitap","9":"pa_yayinevi-yordam-kitap","10":"pa_yazar-karl-marx","12":"first","13":"instock","14":"sale","15":"shipping-taxable","16":"purchasable","17":"product-type-simple"},"_links":{"self":[{"href":"https:\/\/roveyayinevi.com.tr\/index.php\/wp-json\/wp\/v2\/product\/774752","targetHints":{"allow":["GET"]}}],"collection":[{"href":"https:\/\/roveyayinevi.com.tr\/index.php\/wp-json\/wp\/v2\/product"}],"about":[{"href":"https:\/\/roveyayinevi.com.tr\/index.php\/wp-json\/wp\/v2\/types\/product"}],"wp:attachment":[{"href":"https:\/\/roveyayinevi.com.tr\/index.php\/wp-json\/wp\/v2\/media?parent=774752"}],"wp:term":[{"taxonomy":"product_brand","embeddable":true,"href":"https:\/\/roveyayinevi.com.tr\/index.php\/wp-json\/wp\/v2\/product_brand?post=774752"},{"taxonomy":"product_cat","embeddable":true,"href":"https:\/\/roveyayinevi.com.tr\/index.php\/wp-json\/wp\/v2\/product_cat?post=774752"},{"taxonomy":"product_tag","embeddable":true,"href":"https:\/\/roveyayinevi.com.tr\/index.php\/wp-json\/wp\/v2\/product_tag?post=774752"}],"curies":[{"name":"wp","href":"https:\/\/api.w.org\/{rel}","templated":true}]}}